{"id":14,"date":"2016-07-11T13:08:40","date_gmt":"2016-07-11T13:08:40","guid":{"rendered":"http:\/\/www.fuel-consumption.biz\/?page_id=14"},"modified":"2021-03-22T20:47:04","modified_gmt":"2021-03-22T19:47:04","slug":"aic-technologie-direkte-messung","status":"publish","type":"page","link":"https:\/\/www.flowmeter-aic.com\/de\/aic-technologie-direkte-messung\/","title":{"rendered":"Die AIC-Technologie"},"content":{"rendered":"<p><div class=\"fusion-fullwidth fullwidth-box fusion-builder-row-1 hundred-percent-fullwidth non-hundred-percent-height-scrolling fusion-equal-height-columns\" style=\"--awb-background-position:left top;--awb-border-radius-top-left:0px;--awb-border-radius-top-right:0px;--awb-border-radius-bottom-right:0px;--awb-border-radius-bottom-left:0px;--awb-padding-top:0px;--awb-padding-right:0px;--awb-padding-bottom:0px;--awb-padding-left:0px;--awb-margin-top:0px;--awb-margin-bottom:0px;--awb-background-color:#f5f5f5;--awb-border-sizes-top:0px;--awb-border-sizes-bottom:0px;--awb-flex-wrap:wrap;\" ><div class=\"fusion-builder-row fusion-row\"><div class=\"fusion-layout-column fusion_builder_column fusion-builder-column-0 fusion_builder_column_1_4 1_4 fusion-one-fourth fusion-column-first fusion-no-small-visibility\" style=\"--awb-padding-bottom:0px;--awb-bg-image:url(&#039;https:\/\/www.flowmeter-aic.com\/de\/wp-content\/uploads\/2018\/07\/traffic-lights-night-1024x684.jpg&#039;);--awb-bg-position:center center;--awb-bg-size:cover;\"><div class=\"fusion-column-wrapper fusion-flex-column-wrapper-legacy fusion-empty-column-bg-image fusion-column-has-bg-image\" data-bg-url=\"https:\/\/www.flowmeter-aic.com\/de\/wp-content\/uploads\/2018\/07\/traffic-lights-night-1024x684.jpg\"><img decoding=\"async\" class=\"fusion-empty-dims-img-placeholder fusion-no-large-visibility\" alt=\"rear vehicles lights in the night\" aria-label=\"traffic-lights-night\" src=\"data:image\/svg+xml,%3Csvg%20xmlns%3D%27http%3A%2F%2Fwww.w3.org%2F2000%2Fsvg%27%20width%3D%271024%27%20height%3D%27684%27%20viewBox%3D%270%200%201024%20684%27%3E%3Crect%20width%3D%271024%27%20height%3D%27684%27%20fill-opacity%3D%220%22%2F%3E%3C%2Fsvg%3E\"><div class=\"fusion-clearfix\"><\/div><\/div><\/div><div class=\"fusion-layout-column fusion_builder_column fusion-builder-column-1 fusion_builder_column_3_4 3_4 fusion-three-fourth fusion-column-last\" style=\"--awb-padding-top:20px;--awb-padding-right:10%;--awb-padding-bottom:0px;--awb-padding-left:10%;--awb-bg-size:cover;\"><div class=\"fusion-column-wrapper fusion-flex-column-wrapper-legacy\"><div class=\"fusion-column-content-centered\"><div class=\"fusion-column-content\"><div class=\"fusion-sep-clear\"><\/div><div class=\"fusion-separator fusion-full-width-sep\" style=\"margin-left: auto;margin-right: auto;width:100%;\"><div class=\"fusion-separator-border sep-double\" style=\"--awb-height:20px;--awb-amount:20px;border-color:#e2e2e2;border-top-width:0px;border-bottom-width:0px;\"><\/div><\/div><div class=\"fusion-sep-clear\"><\/div><div class=\"fusion-text fusion-text-1\"><h2>Die AIC-Technologie<\/h2>\n<\/div><div class=\"fusion-text fusion-text-2\"><h4>Genau und zuverl\u00e4ssig<\/h4>\n<p>In den letzten 40 Jahren hat AIC Systems die Direktmesstechnik f\u00fcr eine Genauigkeit von besser als +\/-1% entwickelt.<br \/>\nDie Genauigkeit ist der Hauptschl\u00fcssel, wenn das Ziel ist:<\/p>\n<ul>\n<li>Kampf gegen Kraftstoffdiebstahl<\/li>\n<li>Verbesserung der Kraftstoffeffizienz<\/li>\n<li>Trainiere und belohne Fahrer oder Bootspiloten<\/li>\n<li>Sensibilisierung f\u00fcr den Kraftstoffverbrauch im Team.<\/li>\n<\/ul>\n<p>AIC-Kraftstoffdurchflussmesser bieten Flottenmanagern, Ingenieuren, Fahrern und Piloten ein zuverl\u00e4ssiges und genaues Kraftstoffverbrauchsmessger\u00e4t f\u00fcr ihre Ma\u00dfnahmen zur kontinuierlichen Verbesserung der Kraftstoffeffizienz.<\/p>\n<\/div><div class=\"fusion-text fusion-text-3\"><h4>Keine Nach-Kalibrierung im Feld erforderlich<\/h4>\n<p>Die Kraftstoffsensoren von AIC Systems werden kalibriert ausgeliefert. Sie bieten eine garantierte Genauigkeit der Kraftstoffverbrauchsmessung. Nach der Installation ist keine Kalibrierung erforderlich. So sparen Sie Zeit und Geld un k\u00f6nnen mit dem Testen sofort beginnen. Vor allem kann das gleiche System f\u00fcr eine Vielzahl von Fahrzeuggr\u00f6\u00dfen und -typen verwendet werden, was den Verbrauchsvergleich einfach und kosteng\u00fcnstig macht.<\/p>\n<\/div><\/div><\/div><div class=\"fusion-clearfix\"><\/div><\/div><\/div><\/div><\/div><div class=\"fusion-fullwidth fullwidth-box fusion-builder-row-2 hundred-percent-fullwidth non-hundred-percent-height-scrolling fusion-equal-height-columns\" style=\"--awb-background-position:left top;--awb-border-radius-top-left:0px;--awb-border-radius-top-right:0px;--awb-border-radius-bottom-right:0px;--awb-border-radius-bottom-left:0px;--awb-padding-top:0px;--awb-padding-right:0px;--awb-padding-bottom:0px;--awb-padding-left:0px;--awb-margin-top:0px;--awb-margin-bottom:0px;--awb-background-color:#f5f5f5;--awb-border-sizes-top:0px;--awb-border-sizes-bottom:0px;--awb-flex-wrap:wrap;\" ><div class=\"fusion-builder-row fusion-row\"><div class=\"fusion-layout-column fusion_builder_column fusion-builder-column-2 fusion_builder_column_1_4 1_4 fusion-one-fourth fusion-column-first fusion-no-small-visibility\" style=\"--awb-padding-bottom:0px;--awb-bg-image:url(&#039;https:\/\/www.flowmeter-aic.com\/de\/wp-content\/uploads\/2018\/09\/truck-on-road-1024x683.jpg&#039;);--awb-bg-position:center center;--awb-bg-size:cover;\"><div class=\"fusion-column-wrapper fusion-flex-column-wrapper-legacy fusion-empty-column-bg-image fusion-column-has-bg-image\" data-bg-url=\"https:\/\/www.flowmeter-aic.com\/de\/wp-content\/uploads\/2018\/09\/truck-on-road-1024x683.jpg\"><img decoding=\"async\" class=\"fusion-empty-dims-img-placeholder fusion-no-large-visibility\" alt=\"Truck equiped with AIC fuel flow meter rolling on a highway\" aria-label=\"Truck\" src=\"data:image\/svg+xml,%3Csvg%20xmlns%3D%27http%3A%2F%2Fwww.w3.org%2F2000%2Fsvg%27%20width%3D%271024%27%20height%3D%27683%27%20viewBox%3D%270%200%201024%20683%27%3E%3Crect%20width%3D%271024%27%20height%3D%27683%27%20fill-opacity%3D%220%22%2F%3E%3C%2Fsvg%3E\"><div class=\"fusion-clearfix\"><\/div><\/div><\/div><div class=\"fusion-layout-column fusion_builder_column fusion-builder-column-3 fusion_builder_column_3_4 3_4 fusion-three-fourth fusion-column-last\" style=\"--awb-padding-top:20px;--awb-padding-right:10%;--awb-padding-bottom:0px;--awb-padding-left:10%;--awb-bg-size:cover;\"><div class=\"fusion-column-wrapper fusion-flex-column-wrapper-legacy\"><div class=\"fusion-column-content-centered\"><div class=\"fusion-column-content\"><div class=\"fusion-sep-clear\"><\/div><div class=\"fusion-separator fusion-full-width-sep\" style=\"margin-left: auto;margin-right: auto;width:100%;\"><div class=\"fusion-separator-border sep-double\" style=\"--awb-height:20px;--awb-amount:20px;border-color:#e2e2e2;border-top-width:0px;border-bottom-width:0px;\"><\/div><\/div><div class=\"fusion-sep-clear\"><\/div><div class=\"fusion-text fusion-text-4\"><h4>Die ideale Wahl<\/h4>\n<p>F\u00fcr jede Anwendung zur Rechenschaftspflicht und Berichterstattung ist die direkte Messl\u00f6sung von AIC Systems die sichere Wahl. Es ist kein Benutzereingriff erforderlich. AIC-Systeme sind \u201ePlug and Play\u201c und messen sofort einsatzbereit. Dann gibt es nichts, was die Ergebnisse st\u00f6ren oder verzerren k\u00f6nnte, wie z. B. einen Kompensationsalgorithmus bei der Berechnung des Gesamtverbrauchs oder eine nach der Installation erforderliche Kalibrierung. Da die Direktmessung von AIC Systems h\u00f6chstgenau, einfach und leicht zu installieren ist.<\/p>\n<h4>40 Jahre Erfahrung und weltweite Referenzen<\/h4>\n<p>Von einem Testgel\u00e4nde in Arizona bis zu einem Zug in England, einem Nutzfahrzeugen in Deutschland oder einem Tuck-Boot in Nigeria verlassen sich Kunden aus aller Welt auf die direkte Messl\u00f6sungen von AIC Systems. Wir sind stolz darauf, den gr\u00f6\u00dften OEM von Motoren, Maschinen und Lastwagen zu beliefern. Aus diesem Grund verwenden ihre Test-, Forschungs- und Entwicklungsabteilungen t\u00e4gliche L\u00f6sungen zur Messung und Einsparung des Kraftstoffverbrauchs von AIC Systems.<\/p>\n<\/div><\/div><\/div><div class=\"fusion-clearfix\"><\/div><\/div><\/div><\/div><\/div><\/p>\n","protected":false},"excerpt":{"rendered":"","protected":false},"author":2,"featured_media":0,"parent":0,"menu_order":0,"comment_status":"closed","ping_status":"closed","template":"100-width.php","meta":{"footnotes":""},"class_list":["post-14","page","type-page","status-publish","hentry"],"yoast_head":"<!-- This site is optimized with the Yoast SEO plugin v27.5 - https:\/\/yoast.com\/product\/yoast-seo-wordpress\/ -->\n<title>Die hervorragende Genauigkeit durch direkte Messung der zertifizierten<\/title>\n<meta name=\"description\" content=\"AIC-Technologie ist Grundlage f\u00fcr die direkte Messung ihrer Kraftstoffdurchflussmesser f\u00fcr eine genaue Kontrolle des Kraftstoffverbrauchs bei Nutzfahrzeugen\" \/>\n<meta name=\"robots\" content=\"index, follow, max-snippet:-1, max-image-preview:large, max-video-preview:-1\" \/>\n<link rel=\"canonical\" href=\"https:\/\/www.flowmeter-aic.com\/de\/aic-technologie-direkte-messung\/\" \/>\n<meta name=\"twitter:label1\" content=\"Gesch\u00e4tzte Lesezeit\" \/>\n\t<meta name=\"twitter:data1\" content=\"5\u00a0Minuten\" \/>\n<script type=\"application\/ld+json\" class=\"yoast-schema-graph\">{\"@context\":\"https:\\\/\\\/schema.org\",\"@graph\":[{\"@type\":\"WebPage\",\"@id\":\"https:\\\/\\\/www.flowmeter-aic.com\\\/de\\\/aic-technologie-direkte-messung\\\/\",\"url\":\"https:\\\/\\\/www.flowmeter-aic.com\\\/de\\\/aic-technologie-direkte-messung\\\/\",\"name\":\"Die hervorragende Genauigkeit durch direkte Messung der zertifizierten\",\"isPartOf\":{\"@id\":\"https:\\\/\\\/www.flowmeter-aic.com\\\/de\\\/#website\"},\"datePublished\":\"2016-07-11T13:08:40+00:00\",\"dateModified\":\"2021-03-22T19:47:04+00:00\",\"description\":\"AIC-Technologie ist Grundlage f\u00fcr die direkte Messung ihrer Kraftstoffdurchflussmesser f\u00fcr eine genaue Kontrolle des Kraftstoffverbrauchs bei Nutzfahrzeugen\",\"breadcrumb\":{\"@id\":\"https:\\\/\\\/www.flowmeter-aic.com\\\/de\\\/aic-technologie-direkte-messung\\\/#breadcrumb\"},\"inLanguage\":\"de\",\"potentialAction\":[{\"@type\":\"ReadAction\",\"target\":[\"https:\\\/\\\/www.flowmeter-aic.com\\\/de\\\/aic-technologie-direkte-messung\\\/\"]}]},{\"@type\":\"BreadcrumbList\",\"@id\":\"https:\\\/\\\/www.flowmeter-aic.com\\\/de\\\/aic-technologie-direkte-messung\\\/#breadcrumb\",\"itemListElement\":[{\"@type\":\"ListItem\",\"position\":1,\"name\":\"Accueil\",\"item\":\"https:\\\/\\\/www.flowmeter-aic.com\\\/de\\\/\"},{\"@type\":\"ListItem\",\"position\":2,\"name\":\"Die AIC-Technologie\"}]},{\"@type\":\"WebSite\",\"@id\":\"https:\\\/\\\/www.flowmeter-aic.com\\\/de\\\/#website\",\"url\":\"https:\\\/\\\/www.flowmeter-aic.com\\\/de\\\/\",\"name\":\"Durchflussmesser von AIC Systems - Qualit\u00e4t aus der Schweiz\",\"description\":\"Durchflussmesser und Krafstoffverbrauchsl\u00f6sungen\",\"publisher\":{\"@id\":\"https:\\\/\\\/www.flowmeter-aic.com\\\/de\\\/#organization\"},\"potentialAction\":[{\"@type\":\"SearchAction\",\"target\":{\"@type\":\"EntryPoint\",\"urlTemplate\":\"https:\\\/\\\/www.flowmeter-aic.com\\\/de\\\/?s={search_term_string}\"},\"query-input\":{\"@type\":\"PropertyValueSpecification\",\"valueRequired\":true,\"valueName\":\"search_term_string\"}}],\"inLanguage\":\"de\"},{\"@type\":\"Organization\",\"@id\":\"https:\\\/\\\/www.flowmeter-aic.com\\\/de\\\/#organization\",\"name\":\"AIC Systems AG\",\"alternateName\":\"AIC Systems\",\"url\":\"https:\\\/\\\/www.flowmeter-aic.com\\\/de\\\/\",\"logo\":{\"@type\":\"ImageObject\",\"inLanguage\":\"de\",\"@id\":\"https:\\\/\\\/www.flowmeter-aic.com\\\/de\\\/#\\\/schema\\\/logo\\\/image\\\/\",\"url\":\"https:\\\/\\\/www.flowmeter-aic.com\\\/de\\\/wp-content\\\/uploads\\\/2018\\\/07\\\/aic_logo_web.png\",\"contentUrl\":\"https:\\\/\\\/www.flowmeter-aic.com\\\/de\\\/wp-content\\\/uploads\\\/2018\\\/07\\\/aic_logo_web.png\",\"width\":200,\"height\":83,\"caption\":\"AIC Systems AG\"},\"image\":{\"@id\":\"https:\\\/\\\/www.flowmeter-aic.com\\\/de\\\/#\\\/schema\\\/logo\\\/image\\\/\"},\"sameAs\":[\"https:\\\/\\\/www.linkedin.com\\\/company\\\/aic-systems-ag\\\/\"]}]}<\/script>\n<!-- \/ Yoast SEO plugin. -->","yoast_head_json":{"title":"Die hervorragende Genauigkeit durch direkte Messung der zertifizierten","description":"AIC-Technologie ist Grundlage f\u00fcr die direkte Messung ihrer Kraftstoffdurchflussmesser f\u00fcr eine genaue Kontrolle des Kraftstoffverbrauchs bei Nutzfahrzeugen","robots":{"index":"index","follow":"follow","max-snippet":"max-snippet:-1","max-image-preview":"max-image-preview:large","max-video-preview":"max-video-preview:-1"},"canonical":"https:\/\/www.flowmeter-aic.com\/de\/aic-technologie-direkte-messung\/","twitter_misc":{"Gesch\u00e4tzte Lesezeit":"5\u00a0Minuten"},"schema":{"@context":"https:\/\/schema.org","@graph":[{"@type":"WebPage","@id":"https:\/\/www.flowmeter-aic.com\/de\/aic-technologie-direkte-messung\/","url":"https:\/\/www.flowmeter-aic.com\/de\/aic-technologie-direkte-messung\/","name":"Die hervorragende Genauigkeit durch direkte Messung der zertifizierten","isPartOf":{"@id":"https:\/\/www.flowmeter-aic.com\/de\/#website"},"datePublished":"2016-07-11T13:08:40+00:00","dateModified":"2021-03-22T19:47:04+00:00","description":"AIC-Technologie ist Grundlage f\u00fcr die direkte Messung ihrer Kraftstoffdurchflussmesser f\u00fcr eine genaue Kontrolle des Kraftstoffverbrauchs bei Nutzfahrzeugen","breadcrumb":{"@id":"https:\/\/www.flowmeter-aic.com\/de\/aic-technologie-direkte-messung\/#breadcrumb"},"inLanguage":"de","potentialAction":[{"@type":"ReadAction","target":["https:\/\/www.flowmeter-aic.com\/de\/aic-technologie-direkte-messung\/"]}]},{"@type":"BreadcrumbList","@id":"https:\/\/www.flowmeter-aic.com\/de\/aic-technologie-direkte-messung\/#breadcrumb","itemListElement":[{"@type":"ListItem","position":1,"name":"Accueil","item":"https:\/\/www.flowmeter-aic.com\/de\/"},{"@type":"ListItem","position":2,"name":"Die AIC-Technologie"}]},{"@type":"WebSite","@id":"https:\/\/www.flowmeter-aic.com\/de\/#website","url":"https:\/\/www.flowmeter-aic.com\/de\/","name":"Durchflussmesser von AIC Systems - Qualit\u00e4t aus der Schweiz","description":"Durchflussmesser und Krafstoffverbrauchsl\u00f6sungen","publisher":{"@id":"https:\/\/www.flowmeter-aic.com\/de\/#organization"},"potentialAction":[{"@type":"SearchAction","target":{"@type":"EntryPoint","urlTemplate":"https:\/\/www.flowmeter-aic.com\/de\/?s={search_term_string}"},"query-input":{"@type":"PropertyValueSpecification","valueRequired":true,"valueName":"search_term_string"}}],"inLanguage":"de"},{"@type":"Organization","@id":"https:\/\/www.flowmeter-aic.com\/de\/#organization","name":"AIC Systems AG","alternateName":"AIC Systems","url":"https:\/\/www.flowmeter-aic.com\/de\/","logo":{"@type":"ImageObject","inLanguage":"de","@id":"https:\/\/www.flowmeter-aic.com\/de\/#\/schema\/logo\/image\/","url":"https:\/\/www.flowmeter-aic.com\/de\/wp-content\/uploads\/2018\/07\/aic_logo_web.png","contentUrl":"https:\/\/www.flowmeter-aic.com\/de\/wp-content\/uploads\/2018\/07\/aic_logo_web.png","width":200,"height":83,"caption":"AIC Systems AG"},"image":{"@id":"https:\/\/www.flowmeter-aic.com\/de\/#\/schema\/logo\/image\/"},"sameAs":["https:\/\/www.linkedin.com\/company\/aic-systems-ag\/"]}]}},"_links":{"self":[{"href":"https:\/\/www.flowmeter-aic.com\/de\/wp-json\/wp\/v2\/pages\/14","targetHints":{"allow":["GET"]}}],"collection":[{"href":"https:\/\/www.flowmeter-aic.com\/de\/wp-json\/wp\/v2\/pages"}],"about":[{"href":"https:\/\/www.flowmeter-aic.com\/de\/wp-json\/wp\/v2\/types\/page"}],"author":[{"embeddable":true,"href":"https:\/\/www.flowmeter-aic.com\/de\/wp-json\/wp\/v2\/users\/2"}],"replies":[{"embeddable":true,"href":"https:\/\/www.flowmeter-aic.com\/de\/wp-json\/wp\/v2\/comments?post=14"}],"version-history":[{"count":6,"href":"https:\/\/www.flowmeter-aic.com\/de\/wp-json\/wp\/v2\/pages\/14\/revisions"}],"predecessor-version":[{"id":2540,"href":"https:\/\/www.flowmeter-aic.com\/de\/wp-json\/wp\/v2\/pages\/14\/revisions\/2540"}],"wp:attachment":[{"href":"https:\/\/www.flowmeter-aic.com\/de\/wp-json\/wp\/v2\/media?parent=14"}],"curies":[{"name":"wp","href":"https:\/\/api.w.org\/{rel}","templated":true}]}}