{"id":1516,"date":"2023-10-10T09:59:23","date_gmt":"2023-10-10T07:59:23","guid":{"rendered":"https:\/\/www.flowmeter-aic.com\/de\/?page_id=1516"},"modified":"2024-04-23T17:59:07","modified_gmt":"2024-04-23T15:59:07","slug":"aic-5000-kraftstoffdurchflussmesser-fuer-pruefstaende","status":"publish","type":"page","link":"https:\/\/www.flowmeter-aic.com\/de\/aic-5000-kraftstoffdurchflussmesser-fuer-pruefstaende\/","title":{"rendered":"AIC 5000 Messystem f\u00fcr Kraftstoffverbrauch"},"content":{"rendered":"<div class=\"fusion-fullwidth fullwidth-box fusion-builder-row-1 fusion-flex-container nonhundred-percent-fullwidth non-hundred-percent-height-scrolling\" style=\"--awb-border-radius-top-left:0px;--awb-border-radius-top-right:0px;--awb-border-radius-bottom-right:0px;--awb-border-radius-bottom-left:0px;--awb-flex-wrap:wrap;\" ><div class=\"fusion-builder-row fusion-row fusion-flex-align-items-flex-start fusion-flex-content-wrap\" style=\"max-width:96.72%;margin-left: calc(-4% \/ 2 );margin-right: calc(-4% \/ 2 );\"><div class=\"fusion-layout-column fusion_builder_column fusion-builder-column-0 fusion_builder_column_1_4 1_4 fusion-flex-column\" style=\"--awb-bg-size:cover;--awb-width-large:25%;--awb-margin-top-large:0px;--awb-spacing-right-large:7.68%;--awb-margin-bottom-large:0px;--awb-spacing-left-large:7.68%;--awb-width-medium:100%;--awb-spacing-right-medium:1.92%;--awb-spacing-left-medium:1.92%;--awb-width-small:100%;--awb-spacing-right-small:1.92%;--awb-spacing-left-small:1.92%;\"><div class=\"fusion-column-wrapper fusion-flex-justify-content-flex-start fusion-content-layout-column\"><div class=\"fusion-widget-area awb-widget-area-element fusion-widget-area-1 fusion-content-widget-area\" style=\"--awb-title-size:22px;--awb-title-color:#004d83;--awb-padding:0px 0px 0px 0px;\"><style type=\"text\/css\" data-id=\"avada-vertical-menu-widget-2\">#avada-vertical-menu-widget-2 > ul.menu { margin-top: -8px; }<\/style><div id=\"avada-vertical-menu-widget-2\" class=\"widget avada_vertical_menu\"><style>#fusion-vertical-menu-widget-avada-vertical-menu-widget-2-nav ul.menu li a {font-size:16px;}<\/style><nav id=\"fusion-vertical-menu-widget-avada-vertical-menu-widget-2-nav\" class=\"fusion-vertical-menu-widget fusion-menu hover left no-border\" aria-label=\"Secondary Navigation: \"><ul id=\"menu-products-menu\" class=\"menu\"><li id=\"menu-item-2889\" class=\"menu-item menu-item-type-post_type menu-item-object-page menu-item-2889\"><a href=\"https:\/\/www.flowmeter-aic.com\/de\/verdraenger-durchflussmesser-fluessigkeit-aic-300-kompakt\/\"><span class=\"link-text\"> AIC 300<\/span><span class=\"arrow\"><\/span><\/a><\/li><li id=\"menu-item-2900\" class=\"menu-item menu-item-type-post_type menu-item-object-page menu-item-2900\"><a href=\"https:\/\/www.flowmeter-aic.com\/de\/aic-400-nemo\/\"><span class=\"link-text\"> AIC 400 NEMO<\/span><span class=\"arrow\"><\/span><\/a><\/li><li id=\"menu-item-2870\" class=\"menu-item menu-item-type-post_type menu-item-object-page menu-item-2870\"><a href=\"https:\/\/www.flowmeter-aic.com\/de\/aic-700-nemo-kraftstoffdurchflusssensor\/\"><span class=\"link-text\"> AIC 700 NEMO<\/span><span class=\"arrow\"><\/span><\/a><\/li><li id=\"menu-item-2485\" class=\"menu-item menu-item-type-post_type menu-item-object-page menu-item-2485\"><a href=\"https:\/\/www.flowmeter-aic.com\/de\/aic-900-durchflussmesser-mit-direktmesstechnik\/\"><span class=\"link-text\"> AIC 900<\/span><span class=\"arrow\"><\/span><\/a><\/li><li id=\"menu-item-2018\" class=\"menu-item menu-item-type-post_type menu-item-object-page menu-item-2018\"><a href=\"https:\/\/www.flowmeter-aic.com\/de\/kraftstoff-durchflussmesser-aic-1200\/\"><span class=\"link-text\"> AIC 1200<\/span><span class=\"arrow\"><\/span><\/a><\/li><li id=\"menu-item-1323\" class=\"menu-item menu-item-type-post_type menu-item-object-page menu-item-1323\"><a href=\"https:\/\/www.flowmeter-aic.com\/de\/aic-4000-kraftstoff-durchflussmesser-fuers-flottenmanagement\/\"><span class=\"link-text\"> AIC 4000 NEMO<\/span><span class=\"arrow\"><\/span><\/a><\/li><li id=\"menu-item-2459\" class=\"menu-item menu-item-type-post_type menu-item-object-page menu-item-2459\"><a href=\"https:\/\/www.flowmeter-aic.com\/de\/aic-5000-kraftstoffdurchflussmesser-fuer-pruefstaende\/\"><span class=\"link-text\"> AIC 5000<\/span><span class=\"arrow\"><\/span><\/a><\/li><li id=\"menu-item-2457\" class=\"menu-item menu-item-type-post_type menu-item-object-page menu-item-2457\"><a href=\"https:\/\/www.flowmeter-aic.com\/de\/aic-6000-kraftstoffdurchflussmesser\/\"><span class=\"link-text\"> AIC 6000<\/span><span class=\"arrow\"><\/span><\/a><\/li><li id=\"menu-item-2466\" class=\"menu-item menu-item-type-post_type menu-item-object-page menu-item-2466\"><a href=\"https:\/\/www.flowmeter-aic.com\/de\/aic-7000-kraftstoffdurchflussmesser-zeigt-die-augenblicklichen-co2-emissionen-an\/\"><span class=\"link-text\"> AIC 7000 NEMO<\/span><span class=\"arrow\"><\/span><\/a><\/li><li id=\"menu-item-2156\" class=\"menu-item menu-item-type-post_type menu-item-object-page menu-item-2156\"><a href=\"https:\/\/www.flowmeter-aic.com\/de\/aic-bc-3329-board-computer\/\"><span class=\"link-text\"> AIC BC 3329 \u2013 board computer<\/span><span class=\"arrow\"><\/span><\/a><\/li><li id=\"menu-item-2913\" class=\"menu-item menu-item-type-post_type menu-item-object-page menu-item-2913\"><a href=\"https:\/\/www.flowmeter-aic.com\/de\/anzeigegeraet-rd-100\/\"><span class=\"link-text\"> AIC RD 100<\/span><span class=\"arrow\"><\/span><\/a><\/li><li id=\"menu-item-2953\" class=\"menu-item menu-item-type-post_type menu-item-object-page menu-item-2953\"><a href=\"https:\/\/www.flowmeter-aic.com\/de\/aic-700-nemo-bc3329-set\/\"><span class=\"link-text\"> AIC 700 NEMO Set<\/span><span class=\"arrow\"><\/span><\/a><\/li><\/ul><\/nav><\/div><div class=\"fusion-additional-widget-content\"><\/div><\/div><\/div><\/div><div class=\"fusion-layout-column fusion_builder_column fusion-builder-column-1 fusion_builder_column_1_2 1_2 fusion-flex-column\" style=\"--awb-bg-size:cover;--awb-width-large:50%;--awb-margin-top-large:0px;--awb-spacing-right-large:3.84%;--awb-margin-bottom-large:0px;--awb-spacing-left-large:3.84%;--awb-width-medium:100%;--awb-spacing-right-medium:1.92%;--awb-spacing-left-medium:1.92%;--awb-width-small:100%;--awb-spacing-right-small:1.92%;--awb-spacing-left-small:1.92%;\"><div class=\"fusion-column-wrapper fusion-flex-justify-content-flex-start fusion-content-layout-column\"><div class=\"fusion-text fusion-text-1\"><h2>AIC 5000 &#8211; Messsystem f\u00fcr Kraftstoffverbrauch<\/h2>\n<\/div><div class=\"fusion-separator fusion-full-width-sep\" style=\"align-self: center;margin-left: auto;margin-right: auto;margin-top:5px;margin-bottom:5px;width:100%;\"><div class=\"fusion-separator-border sep-double\" style=\"--awb-height:20px;--awb-amount:20px;border-color:#e2e2e2;border-top-width:0px;border-bottom-width:0px;\"><\/div><\/div><div class=\"fusion-text fusion-text-2\"><div class=\"fusion-text\">Das Kraftstoffverbrauchsmesssystem AIC 5000 ist eine kompakte und kosteng\u00fcnstige L\u00f6sung zur genauen Messung des Kraftstoffverbrauchs auf Pr\u00fcfstandsanwendungen.<\/div>\n<div><\/div>\n<div class=\"fusion-text\">Seit mehr als 20 Jahren ist die AIC 5000 Messsystem nachweislich zuverl\u00e4ssig und genau.<\/div>\n<div><\/div>\n<div class=\"fusion-text\">Das Ger\u00e4t verf\u00fcgt \u00fcber eine leistungsstarke Kraftstoffpumpe und einen hocheffizienten W\u00e4rmetauscher zur Temperaturkonditionierung des w\u00e4rmeren Dieselkraftstoffs, der vom Motor zur\u00fcckkehrt, und reproduziert so die Thermodynamik des Motors wie in realen Situationen.<\/div>\n<div><\/div>\n<div class=\"fusion-text\">Die 5000-Einheit wird f\u00fcr <a href=\"https:\/\/www.flowmeter-aic.com\/de\/prufstande-fur-die-automobilindustrie-aic-kraftstoffdurchflussmesser\/\">Pr\u00fcfst\u00e4nde<\/a> und Dynamoteranwendungen empfohlen.<\/div>\n<\/div><div class=\"fusion-text fusion-text-3\"><h3>Genau und einfach zu installieren<\/h3>\n<\/div><div class=\"fusion-text fusion-text-4\"><ul class=\"arrow\">\n<li>Bew\u00e4hrtes volumetrisches mechanisches Messger\u00e4t<\/li>\n<li>Geeignet f\u00fcr Motoren bis 1000 PS<\/li>\n<li>Genauigkeit besser als +\/- 1% des Messbereiches<\/li>\n<li>Wiederholgenauigkeit besser als +\/- 0,2%<\/li>\n<li>NPN Open Collector, bis zu 10 mA \/ 28 VDC<\/li>\n<\/ul>\n<div class=\"fusion-text fusion-text-5\">\n<h3 class=\"fusion-responsive-typography-calculated\" data-fontsize=\"22\" data-lineheight=\"31.9px\">Fordern Sie ein Angebot f\u00fcr den AIC 5000 an<\/h3>\n<\/div>\n<div class=\"fusion-text fusion-text-6\">\n<p>Wir bieten ein umfangreiches Sortiment an Durchflussmessger\u00e4ten und weiteren mobilen Durchflussl\u00f6sungen an, um Ihre Anwendungsanforderungen zu erf\u00fcllen. <a href=\"https:\/\/www.flowmeter-aic.com\/de\/aic-systems-kontakt\/\">Fordern Sie ein Angebot f\u00fcr einen Durchflussmesser an<\/a>, die Ihren Anforderungen entsprechen oder <a href=\"https:\/\/www.flowmeter-aic.com\/de\/aic-systems-kontakt\/\">kontaktieren Sie uns<\/a>, um mehr \u00fcber unsere L\u00f6sungen zur Messdaten\u00fcberwachung zu erfahren.<\/p>\n<\/div>\n<\/div><\/div><\/div><div class=\"fusion-layout-column fusion_builder_column fusion-builder-column-2 fusion_builder_column_1_5 1_5 fusion-flex-column\" style=\"--awb-bg-size:cover;--awb-width-large:20%;--awb-margin-top-large:0px;--awb-spacing-right-large:9.6%;--awb-margin-bottom-large:0px;--awb-spacing-left-large:9.6%;--awb-width-medium:100%;--awb-spacing-right-medium:1.92%;--awb-spacing-left-medium:1.92%;--awb-width-small:100%;--awb-spacing-right-small:1.92%;--awb-spacing-left-small:1.92%;\"><div class=\"fusion-column-wrapper fusion-flex-justify-content-flex-start fusion-content-layout-column\"><div style=\"text-align:center;\"><a class=\"fusion-button button-3d button-small button-default fusion-button-default button-1 fusion-button-span-no \" style=\"--button-border-radius-top-left:0px;--button-border-radius-top-right:0px;--button-border-radius-bottom-right:0px;--button-border-radius-bottom-left:0px;--button_text_transform:none;\" target=\"_self\" title=\"download\" aria-label=\"download\" href=\"https:\/\/www.flowmeter-aic.com\/de\/wp-content\/uploads\/2024\/04\/07-Fuel-Flow-Meter-AIC-5000-April-2024.pdf\"><i class=\"fa-file-pdf fas awb-button__icon awb-button__icon--default button-icon-left\" aria-hidden=\"true\"><\/i><span class=\"fusion-button-text awb-button__text awb-button__text--default\">Technische info<\/span><\/a><\/div><div class=\"fusion-separator fusion-full-width-sep\" style=\"align-self: center;margin-left: auto;margin-right: auto;margin-top:10px;margin-bottom:20px;width:100%;\"><div class=\"fusion-separator-border sep-double\" style=\"--awb-height:20px;--awb-amount:20px;border-color:#e2e2e2;border-top-width:0px;border-bottom-width:0px;\"><\/div><\/div><div class=\"fusion-image-element fusion-no-small-visibility\" style=\"text-align:center;--awb-caption-title-font-family:var(--h2_typography-font-family);--awb-caption-title-font-weight:var(--h2_typography-font-weight);--awb-caption-title-font-style:var(--h2_typography-font-style);--awb-caption-title-size:var(--h2_typography-font-size);--awb-caption-title-transform:var(--h2_typography-text-transform);--awb-caption-title-line-height:var(--h2_typography-line-height);--awb-caption-title-letter-spacing:var(--h2_typography-letter-spacing);\"><span class=\" fusion-imageframe imageframe-none imageframe-1 hover-type-none\"><img loading=\"lazy\" decoding=\"async\" width=\"517\" height=\"1024\" alt=\"AIC 4004 Veritas fuel flow meter\" title=\"AIC 5000 Fuelflowmaster\" src=\"https:\/\/www.flowmeter-aic.com\/de\/wp-content\/uploads\/2018\/10\/AIC_5000-517x1024.png\" class=\"img-responsive wp-image-1614\" srcset=\"https:\/\/www.flowmeter-aic.com\/de\/wp-content\/uploads\/2018\/10\/AIC_5000-200x396.png 200w, https:\/\/www.flowmeter-aic.com\/de\/wp-content\/uploads\/2018\/10\/AIC_5000-400x792.png 400w, https:\/\/www.flowmeter-aic.com\/de\/wp-content\/uploads\/2018\/10\/AIC_5000-600x1189.png 600w, https:\/\/www.flowmeter-aic.com\/de\/wp-content\/uploads\/2018\/10\/AIC_5000-800x1585.png 800w, https:\/\/www.flowmeter-aic.com\/de\/wp-content\/uploads\/2018\/10\/AIC_5000.png 1000w\" sizes=\"auto, (max-width: 1024px) 100vw, (max-width: 640px) 100vw, 400px\" \/><\/span><\/div><div class=\"fusion-separator fusion-full-width-sep\" style=\"align-self: center;margin-left: auto;margin-right: auto;margin-top:20px;margin-bottom:20px;width:100%;\"><div class=\"fusion-separator-border sep-double\" style=\"--awb-height:20px;--awb-amount:20px;border-color:#e2e2e2;border-top-width:0px;border-bottom-width:0px;\"><\/div><\/div><\/div><\/div><\/div><\/div>\n","protected":false},"excerpt":{"rendered":"","protected":false},"author":2,"featured_media":0,"parent":0,"menu_order":0,"comment_status":"closed","ping_status":"closed","template":"","meta":{"footnotes":""},"class_list":["post-1516","page","type-page","status-publish","hentry"],"yoast_head":"<!-- This site is optimized with the Yoast SEO plugin v27.6 - https:\/\/yoast.com\/product\/yoast-seo-wordpress\/ -->\n<title>Kraftstoffdurchflussmesser f\u00fcr Pr\u00fcfst\u00e4nde<\/title>\n<meta name=\"description\" content=\"Kraftstoffdurchflussmesser f\u00fcr Pr\u00fcfst\u00e4nde AIC 5000 ist eine kompakte und kosteng\u00fcnstige L\u00f6sung zur genauen Messung des Kraftstoffverbrauchs.\" \/>\n<meta name=\"robots\" content=\"index, follow, max-snippet:-1, max-image-preview:large, max-video-preview:-1\" \/>\n<link rel=\"canonical\" href=\"https:\/\/www.flowmeter-aic.com\/de\/aic-5000-kraftstoffdurchflussmesser-fuer-pruefstaende\/\" \/>\n<meta name=\"twitter:label1\" content=\"Gesch\u00e4tzte Lesezeit\" \/>\n\t<meta name=\"twitter:data1\" content=\"3\u00a0Minuten\" \/>\n<script type=\"application\/ld+json\" class=\"yoast-schema-graph\">{\"@context\":\"https:\\\/\\\/schema.org\",\"@graph\":[{\"@type\":\"WebPage\",\"@id\":\"https:\\\/\\\/www.flowmeter-aic.com\\\/de\\\/aic-5000-kraftstoffdurchflussmesser-fuer-pruefstaende\\\/\",\"url\":\"https:\\\/\\\/www.flowmeter-aic.com\\\/de\\\/aic-5000-kraftstoffdurchflussmesser-fuer-pruefstaende\\\/\",\"name\":\"Kraftstoffdurchflussmesser f\u00fcr Pr\u00fcfst\u00e4nde\",\"isPartOf\":{\"@id\":\"https:\\\/\\\/www.flowmeter-aic.com\\\/de\\\/#website\"},\"datePublished\":\"2023-10-10T07:59:23+00:00\",\"dateModified\":\"2024-04-23T15:59:07+00:00\",\"description\":\"Kraftstoffdurchflussmesser f\u00fcr Pr\u00fcfst\u00e4nde AIC 5000 ist eine kompakte und kosteng\u00fcnstige L\u00f6sung zur genauen Messung des Kraftstoffverbrauchs.\",\"breadcrumb\":{\"@id\":\"https:\\\/\\\/www.flowmeter-aic.com\\\/de\\\/aic-5000-kraftstoffdurchflussmesser-fuer-pruefstaende\\\/#breadcrumb\"},\"inLanguage\":\"de\",\"potentialAction\":[{\"@type\":\"ReadAction\",\"target\":[\"https:\\\/\\\/www.flowmeter-aic.com\\\/de\\\/aic-5000-kraftstoffdurchflussmesser-fuer-pruefstaende\\\/\"]}]},{\"@type\":\"BreadcrumbList\",\"@id\":\"https:\\\/\\\/www.flowmeter-aic.com\\\/de\\\/aic-5000-kraftstoffdurchflussmesser-fuer-pruefstaende\\\/#breadcrumb\",\"itemListElement\":[{\"@type\":\"ListItem\",\"position\":1,\"name\":\"Accueil\",\"item\":\"https:\\\/\\\/www.flowmeter-aic.com\\\/de\\\/\"},{\"@type\":\"ListItem\",\"position\":2,\"name\":\"AIC 5000 Messystem f\u00fcr Kraftstoffverbrauch\"}]},{\"@type\":\"WebSite\",\"@id\":\"https:\\\/\\\/www.flowmeter-aic.com\\\/de\\\/#website\",\"url\":\"https:\\\/\\\/www.flowmeter-aic.com\\\/de\\\/\",\"name\":\"Durchflussmesser von AIC Systems - Qualit\u00e4t aus der Schweiz\",\"description\":\"Durchflussmesser und Krafstoffverbrauchsl\u00f6sungen\",\"publisher\":{\"@id\":\"https:\\\/\\\/www.flowmeter-aic.com\\\/de\\\/#organization\"},\"potentialAction\":[{\"@type\":\"SearchAction\",\"target\":{\"@type\":\"EntryPoint\",\"urlTemplate\":\"https:\\\/\\\/www.flowmeter-aic.com\\\/de\\\/?s={search_term_string}\"},\"query-input\":{\"@type\":\"PropertyValueSpecification\",\"valueRequired\":true,\"valueName\":\"search_term_string\"}}],\"inLanguage\":\"de\"},{\"@type\":\"Organization\",\"@id\":\"https:\\\/\\\/www.flowmeter-aic.com\\\/de\\\/#organization\",\"name\":\"AIC Systems AG\",\"alternateName\":\"AIC Systems\",\"url\":\"https:\\\/\\\/www.flowmeter-aic.com\\\/de\\\/\",\"logo\":{\"@type\":\"ImageObject\",\"inLanguage\":\"de\",\"@id\":\"https:\\\/\\\/www.flowmeter-aic.com\\\/de\\\/#\\\/schema\\\/logo\\\/image\\\/\",\"url\":\"https:\\\/\\\/www.flowmeter-aic.com\\\/de\\\/wp-content\\\/uploads\\\/2018\\\/07\\\/aic_logo_web.png\",\"contentUrl\":\"https:\\\/\\\/www.flowmeter-aic.com\\\/de\\\/wp-content\\\/uploads\\\/2018\\\/07\\\/aic_logo_web.png\",\"width\":200,\"height\":83,\"caption\":\"AIC Systems AG\"},\"image\":{\"@id\":\"https:\\\/\\\/www.flowmeter-aic.com\\\/de\\\/#\\\/schema\\\/logo\\\/image\\\/\"},\"sameAs\":[\"https:\\\/\\\/www.linkedin.com\\\/company\\\/aic-systems-ag\\\/\"]}]}<\/script>\n<!-- \/ Yoast SEO plugin. -->","yoast_head_json":{"title":"Kraftstoffdurchflussmesser f\u00fcr Pr\u00fcfst\u00e4nde","description":"Kraftstoffdurchflussmesser f\u00fcr Pr\u00fcfst\u00e4nde AIC 5000 ist eine kompakte und kosteng\u00fcnstige L\u00f6sung zur genauen Messung des Kraftstoffverbrauchs.","robots":{"index":"index","follow":"follow","max-snippet":"max-snippet:-1","max-image-preview":"max-image-preview:large","max-video-preview":"max-video-preview:-1"},"canonical":"https:\/\/www.flowmeter-aic.com\/de\/aic-5000-kraftstoffdurchflussmesser-fuer-pruefstaende\/","twitter_misc":{"Gesch\u00e4tzte Lesezeit":"3\u00a0Minuten"},"schema":{"@context":"https:\/\/schema.org","@graph":[{"@type":"WebPage","@id":"https:\/\/www.flowmeter-aic.com\/de\/aic-5000-kraftstoffdurchflussmesser-fuer-pruefstaende\/","url":"https:\/\/www.flowmeter-aic.com\/de\/aic-5000-kraftstoffdurchflussmesser-fuer-pruefstaende\/","name":"Kraftstoffdurchflussmesser f\u00fcr Pr\u00fcfst\u00e4nde","isPartOf":{"@id":"https:\/\/www.flowmeter-aic.com\/de\/#website"},"datePublished":"2023-10-10T07:59:23+00:00","dateModified":"2024-04-23T15:59:07+00:00","description":"Kraftstoffdurchflussmesser f\u00fcr Pr\u00fcfst\u00e4nde AIC 5000 ist eine kompakte und kosteng\u00fcnstige L\u00f6sung zur genauen Messung des Kraftstoffverbrauchs.","breadcrumb":{"@id":"https:\/\/www.flowmeter-aic.com\/de\/aic-5000-kraftstoffdurchflussmesser-fuer-pruefstaende\/#breadcrumb"},"inLanguage":"de","potentialAction":[{"@type":"ReadAction","target":["https:\/\/www.flowmeter-aic.com\/de\/aic-5000-kraftstoffdurchflussmesser-fuer-pruefstaende\/"]}]},{"@type":"BreadcrumbList","@id":"https:\/\/www.flowmeter-aic.com\/de\/aic-5000-kraftstoffdurchflussmesser-fuer-pruefstaende\/#breadcrumb","itemListElement":[{"@type":"ListItem","position":1,"name":"Accueil","item":"https:\/\/www.flowmeter-aic.com\/de\/"},{"@type":"ListItem","position":2,"name":"AIC 5000 Messystem f\u00fcr Kraftstoffverbrauch"}]},{"@type":"WebSite","@id":"https:\/\/www.flowmeter-aic.com\/de\/#website","url":"https:\/\/www.flowmeter-aic.com\/de\/","name":"Durchflussmesser von AIC Systems - Qualit\u00e4t aus der Schweiz","description":"Durchflussmesser und Krafstoffverbrauchsl\u00f6sungen","publisher":{"@id":"https:\/\/www.flowmeter-aic.com\/de\/#organization"},"potentialAction":[{"@type":"SearchAction","target":{"@type":"EntryPoint","urlTemplate":"https:\/\/www.flowmeter-aic.com\/de\/?s={search_term_string}"},"query-input":{"@type":"PropertyValueSpecification","valueRequired":true,"valueName":"search_term_string"}}],"inLanguage":"de"},{"@type":"Organization","@id":"https:\/\/www.flowmeter-aic.com\/de\/#organization","name":"AIC Systems AG","alternateName":"AIC Systems","url":"https:\/\/www.flowmeter-aic.com\/de\/","logo":{"@type":"ImageObject","inLanguage":"de","@id":"https:\/\/www.flowmeter-aic.com\/de\/#\/schema\/logo\/image\/","url":"https:\/\/www.flowmeter-aic.com\/de\/wp-content\/uploads\/2018\/07\/aic_logo_web.png","contentUrl":"https:\/\/www.flowmeter-aic.com\/de\/wp-content\/uploads\/2018\/07\/aic_logo_web.png","width":200,"height":83,"caption":"AIC Systems AG"},"image":{"@id":"https:\/\/www.flowmeter-aic.com\/de\/#\/schema\/logo\/image\/"},"sameAs":["https:\/\/www.linkedin.com\/company\/aic-systems-ag\/"]}]}},"_links":{"self":[{"href":"https:\/\/www.flowmeter-aic.com\/de\/wp-json\/wp\/v2\/pages\/1516","targetHints":{"allow":["GET"]}}],"collection":[{"href":"https:\/\/www.flowmeter-aic.com\/de\/wp-json\/wp\/v2\/pages"}],"about":[{"href":"https:\/\/www.flowmeter-aic.com\/de\/wp-json\/wp\/v2\/types\/page"}],"author":[{"embeddable":true,"href":"https:\/\/www.flowmeter-aic.com\/de\/wp-json\/wp\/v2\/users\/2"}],"replies":[{"embeddable":true,"href":"https:\/\/www.flowmeter-aic.com\/de\/wp-json\/wp\/v2\/comments?post=1516"}],"version-history":[{"count":45,"href":"https:\/\/www.flowmeter-aic.com\/de\/wp-json\/wp\/v2\/pages\/1516\/revisions"}],"predecessor-version":[{"id":4131,"href":"https:\/\/www.flowmeter-aic.com\/de\/wp-json\/wp\/v2\/pages\/1516\/revisions\/4131"}],"wp:attachment":[{"href":"https:\/\/www.flowmeter-aic.com\/de\/wp-json\/wp\/v2\/media?parent=1516"}],"curies":[{"name":"wp","href":"https:\/\/api.w.org\/{rel}","templated":true}]}}