{"id":1690,"date":"2018-10-29T09:07:44","date_gmt":"2018-10-29T08:07:44","guid":{"rendered":"https:\/\/www.flowmeter-aic.com\/de\/?page_id=1690"},"modified":"2024-10-13T22:43:23","modified_gmt":"2024-10-13T20:43:23","slug":"kraftstoffverbrauch-fur-stationare-und-elektrische-stromgeneratoren","status":"publish","type":"page","link":"https:\/\/www.flowmeter-aic.com\/de\/kraftstoffverbrauch-fur-stationare-und-elektrische-stromgeneratoren\/","title":{"rendered":"Kraftstoffverbrauch f\u00fcr station\u00e4re und elektrische Stromgeneratoren"},"content":{"rendered":"<div class=\"fusion-fullwidth fullwidth-box fusion-builder-row-1 hundred-percent-fullwidth non-hundred-percent-height-scrolling fusion-equal-height-columns\" style=\"--awb-background-position:left top;--awb-border-sizes-top:0px;--awb-border-sizes-bottom:0px;--awb-border-sizes-left:0px;--awb-border-sizes-right:0px;--awb-border-radius-top-left:0px;--awb-border-radius-top-right:0px;--awb-border-radius-bottom-right:0px;--awb-border-radius-bottom-left:0px;--awb-padding-top:0px;--awb-padding-right:0px;--awb-padding-bottom:0px;--awb-padding-left:0px;--awb-margin-top:0px;--awb-margin-bottom:0px;--awb-background-color:#f5f5f5;--awb-flex-wrap:wrap;\" ><div class=\"fusion-builder-row fusion-row\"><div class=\"fusion-layout-column fusion_builder_column fusion-builder-column-0 fusion_builder_column_1_4 1_4 fusion-one-fourth fusion-column-first fusion-no-small-visibility\" style=\"--awb-padding-bottom:0px;--awb-bg-image:url(&#039;https:\/\/www.flowmeter-aic.com\/de\/wp-content\/uploads\/2018\/10\/electricity-hd-644x1024.jpg&#039;);--awb-bg-position:center center;--awb-bg-size:cover;\"><div class=\"fusion-column-wrapper fusion-flex-column-wrapper-legacy fusion-empty-column-bg-image fusion-column-has-bg-image\" data-bg-url=\"https:\/\/www.flowmeter-aic.com\/de\/wp-content\/uploads\/2018\/10\/electricity-hd-644x1024.jpg\"><img decoding=\"async\" class=\"fusion-empty-dims-img-placeholder fusion-no-large-visibility\" alt=\"High voltage electricity lines\" aria-label=\"High voltage electricity lines\" src=\"data:image\/svg+xml,%3Csvg%20xmlns%3D%27http%3A%2F%2Fwww.w3.org%2F2000%2Fsvg%27%20width%3D%27644%27%20height%3D%271024%27%20viewBox%3D%270%200%20644%201024%27%3E%3Crect%20width%3D%27644%27%20height%3D%271024%27%20fill-opacity%3D%220%22%2F%3E%3C%2Fsvg%3E\"><div class=\"fusion-clearfix\"><\/div><\/div><\/div><div class=\"fusion-layout-column fusion_builder_column fusion-builder-column-1 fusion_builder_column_3_4 3_4 fusion-three-fourth fusion-column-last\" style=\"--awb-padding-top:20px;--awb-padding-right:10%;--awb-padding-bottom:0px;--awb-padding-left:10%;--awb-bg-size:cover;\"><div class=\"fusion-column-wrapper fusion-flex-column-wrapper-legacy\"><div class=\"fusion-column-content-centered\"><div class=\"fusion-column-content\"><div class=\"fusion-sep-clear\"><\/div><div class=\"fusion-separator fusion-full-width-sep\" style=\"margin-left: auto;margin-right: auto;width:100%;\"><div class=\"fusion-separator-border sep-double\" style=\"--awb-height:20px;--awb-amount:20px;border-color:#e2e2e2;border-top-width:0px;border-bottom-width:0px;\"><\/div><\/div><div class=\"fusion-sep-clear\"><\/div><div class=\"fusion-text fusion-text-1\"><h1>Kraftstoffverbrauch f\u00fcr station\u00e4re und elektrische Stromgeneratoren<\/h1>\n<\/div><div class=\"fusion-text fusion-text-2\"><h4>IHRE HERAUSFORDERUNG IST UNSERE<\/h4>\n<p>Energie ist einer der wettbewerbsf\u00e4higsten M\u00e4rkte der Welt. Jeden Tag tauchen neue L\u00f6sungen auf und Rentabilit\u00e4t ist mehr denn je eine t\u00e4gliche Herausforderung.<\/p>\n<p>Ob auf einem Schiff, einer \u00d6lplattform oder einfach zur Stromerzeugung f\u00fcr Menschen auf der ganzen Welt, Sie m\u00fcssen Ihren Generatorverbrauch bewerten, um einen klaren \u00dcberblick \u00fcber seine Rentabilit\u00e4t zu erhalten.<\/p>\n<p>Durch die Optimierung Ihres Kraftstoffverbrauchs setzen Sie weniger Treibhausgase frei und tragen zu einer ges\u00fcnderen Umwelt bei.<\/p>\n<h4>IHR SICHERER<\/h4>\n<p>Unsere AIC-Kraftstoffdurchflussmesser k\u00f6nnen problemlos an Hoch- und Niederspannungsgeneratoren oder Diesel- \/ Kraftstoffaggregaten installiert werden. Es ist mehr als nur ein Werkzeug zur Verbrauchsmessung, es kann auch Motoranomalien oder einen Maschinenausfall erkennen.<\/p>\n<p>Durch das Senden eines direkten Signals vermeidet das AIC-System schwerwiegendere Fehler, die Ihre Produktivit\u00e4t gef\u00e4hrden k\u00f6nnten.<\/p>\n<h4>EINFACH UND GENAU<\/h4>\n<p>Die AIC-Kraftstoffdurchflussmesser sind einfach an elektrischen Generatoren zu installieren. Das direkte Messprinzip garantiert eine Genauigkeit von besser als +\/- 1%. Da keine Vor-Ort Kalibrierung erforderlich ist, sind Ihr Kraftstoffdurchflussmesser sofort einsatzbereit.<\/p>\n<h4>ZEIT ZU HANDELN<\/h4>\n<p>M\u00f6glicherweise haben Sie spezielle Anforderungen oder genaue Fragen zu Ihren Konfigurationen. Wir m\u00f6gen es ! Bitte kontaktieren Sie uns und ein Techniker wird Sie zu der speziellen L\u00f6sung f\u00fchren.<\/p>\n<h4>AIC-GER\u00c4TE F\u00dcR STATION\u00c4RE UND ELEKTRISCHE LEISTUNGSGENERATOREN<\/h4>\n<\/div><div class=\"fusion-builder-row fusion-builder-row-inner fusion-row\"><div class=\"fusion-layout-column fusion_builder_column_inner fusion-builder-nested-column-0 fusion_builder_column_inner_1_3 1_3 fusion-one-third fusion-column-first\" style=\"--awb-bg-color:#ffffff;--awb-bg-color-hover:#ffffff;--awb-bg-size:cover;width:33.333333333333%;width:calc(33.333333333333% - ( ( 4% + 4% ) * 0.33333333333333 ) );margin-right: 4%;\"><div class=\"fusion-column-wrapper fusion-flex-column-wrapper-legacy\"><div class=\"fusion-sep-clear\"><\/div><div class=\"fusion-separator fusion-full-width-sep\" style=\"margin-left: auto;margin-right: auto;margin-top:5px;margin-bottom:5px;width:100%;\"><div class=\"fusion-separator-border sep-double\" style=\"--awb-height:20px;--awb-amount:20px;border-color:#e2e2e2;border-top-width:0px;border-bottom-width:0px;\"><\/div><\/div><div class=\"fusion-sep-clear\"><\/div><div class=\"fusion-text fusion-text-3\"><h3 style=\"text-align: center;\">AIC 900<\/p>\n<\/h3>\n<p style=\"text-align: center;\"><img loading=\"lazy\" decoding=\"async\" class=\"alignnone wp-image-2643 size-full\" src=\"https:\/\/www.flowmeter-aic.com\/de\/wp-content\/uploads\/2020\/11\/AIC-908-250x250-1.png\" alt=\"AIC 900\" width=\"250\" height=\"251\" srcset=\"https:\/\/www.flowmeter-aic.com\/de\/wp-content\/uploads\/2020\/11\/AIC-908-250x250-1-66x66.png 66w, https:\/\/www.flowmeter-aic.com\/de\/wp-content\/uploads\/2020\/11\/AIC-908-250x250-1-150x150.png 150w, https:\/\/www.flowmeter-aic.com\/de\/wp-content\/uploads\/2020\/11\/AIC-908-250x250-1-200x201.png 200w, https:\/\/www.flowmeter-aic.com\/de\/wp-content\/uploads\/2020\/11\/AIC-908-250x250-1.png 250w\" sizes=\"auto, (max-width: 250px) 100vw, 250px\" \/><\/p>\n<\/div><div class=\"fusion-sep-clear\"><\/div><div class=\"fusion-separator fusion-full-width-sep\" style=\"margin-left: auto;margin-right: auto;margin-top:5px;margin-bottom:5px;width:100%;\"><div class=\"fusion-separator-border sep-double\" style=\"--awb-height:20px;--awb-amount:20px;border-color:#e2e2e2;border-top-width:0px;border-bottom-width:0px;\"><\/div><\/div><div class=\"fusion-sep-clear\"><\/div><div class=\"fusion-sep-clear\"><\/div><div class=\"fusion-separator fusion-full-width-sep\" style=\"margin-left: auto;margin-right: auto;margin-top:5px;margin-bottom:5px;width:100%;\"><div class=\"fusion-separator-border sep-double\" style=\"--awb-height:20px;--awb-amount:20px;border-color:#e2e2e2;border-top-width:0px;border-bottom-width:0px;\"><\/div><\/div><div class=\"fusion-sep-clear\"><\/div><div class=\"fusion-sep-clear\"><\/div><div class=\"fusion-separator fusion-full-width-sep\" style=\"margin-left: auto;margin-right: auto;margin-top:5px;margin-bottom:5px;width:100%;\"><div class=\"fusion-separator-border sep-double\" style=\"--awb-height:20px;--awb-amount:20px;border-color:#e2e2e2;border-top-width:0px;border-bottom-width:0px;\"><\/div><\/div><div class=\"fusion-sep-clear\"><\/div><div class=\"fusion-button-wrapper fusion-aligncenter\"><a class=\"fusion-button button-flat button-small button-custom fusion-button-default button-1 fusion-button-default-span fusion-has-button-gradient\" style=\"--button_accent_color:#105378;--button_accent_hover_color:#8bc34a;--button_border_hover_color:#8bc34a;--button_gradient_top_color:#8bc34a;--button_gradient_bottom_color:#8bc34a;--button_gradient_top_color_hover:#5aabd6;--button_gradient_bottom_color_hover:#90c9e8;\" target=\"_self\" href=\"https:\/\/www.flowmeter-aic.com\/de\/aic-900-durchflussmesser-mit-direktmesstechnik\/\"><span class=\"fusion-button-text awb-button__text awb-button__text--default\">MEHR INFO<\/span><\/a><\/div><div class=\"fusion-sep-clear\"><\/div><div class=\"fusion-separator fusion-full-width-sep\" style=\"margin-left: auto;margin-right: auto;margin-top:5px;margin-bottom:5px;width:100%;\"><div class=\"fusion-separator-border sep-double\" style=\"--awb-height:20px;--awb-amount:20px;border-color:#e2e2e2;border-top-width:0px;border-bottom-width:0px;\"><\/div><\/div><div class=\"fusion-sep-clear\"><\/div><div class=\"fusion-clearfix\"><\/div><\/div><\/div><div class=\"fusion-layout-column fusion_builder_column_inner fusion-builder-nested-column-1 fusion_builder_column_inner_1_3 1_3 fusion-one-third\" style=\"--awb-bg-color:#ffffff;--awb-bg-color-hover:#ffffff;--awb-bg-size:cover;width:33.333333333333%;width:calc(33.333333333333% - ( ( 4% + 4% ) * 0.33333333333333 ) );margin-right: 4%;\"><div class=\"fusion-column-wrapper fusion-flex-column-wrapper-legacy\"><div class=\"fusion-sep-clear\"><\/div><div class=\"fusion-separator fusion-full-width-sep\" style=\"margin-left: auto;margin-right: auto;margin-top:5px;margin-bottom:5px;width:100%;\"><div class=\"fusion-separator-border sep-double\" style=\"--awb-height:20px;--awb-amount:20px;border-color:#e2e2e2;border-top-width:0px;border-bottom-width:0px;\"><\/div><\/div><div class=\"fusion-sep-clear\"><\/div><div class=\"fusion-text fusion-text-4\"><h3 style=\"text-align: center;\">AIC BC 3329<br \/>Board Computer<\/h3>\n<p style=\"text-align: center;\"><img loading=\"lazy\" decoding=\"async\" class=\"alignnone size-full wp-image-3931\" src=\"https:\/\/www.flowmeter-aic.com\/de\/wp-content\/uploads\/2022\/04\/Bordcomputer-BC3329-Frontansicht-neu-20220401.png\" alt=\"Bordcomputer-BC3329-Frontansicht\" width=\"270\" height=\"219\" srcset=\"https:\/\/www.flowmeter-aic.com\/de\/wp-content\/uploads\/2022\/04\/Bordcomputer-BC3329-Frontansicht-neu-20220401-200x162.png 200w, https:\/\/www.flowmeter-aic.com\/de\/wp-content\/uploads\/2022\/04\/Bordcomputer-BC3329-Frontansicht-neu-20220401.png 270w\" sizes=\"auto, (max-width: 270px) 100vw, 270px\" \/><\/p>\n<\/div><div class=\"fusion-sep-clear\"><\/div><div class=\"fusion-separator fusion-full-width-sep\" style=\"margin-left: auto;margin-right: auto;margin-top:5px;margin-bottom:5px;width:100%;\"><div class=\"fusion-separator-border sep-double\" style=\"--awb-height:20px;--awb-amount:20px;border-color:#e2e2e2;border-top-width:0px;border-bottom-width:0px;\"><\/div><\/div><div class=\"fusion-sep-clear\"><\/div><div class=\"fusion-button-wrapper fusion-aligncenter\"><a class=\"fusion-button button-flat button-small button-custom fusion-button-default button-2 fusion-button-default-span fusion-has-button-gradient\" style=\"--button_accent_color:#105378;--button_accent_hover_color:#8bc34a;--button_border_hover_color:#8bc34a;--button_gradient_top_color:#8bc34a;--button_gradient_bottom_color:#8bc34a;--button_gradient_top_color_hover:#5aabd6;--button_gradient_bottom_color_hover:#90c9e8;\" target=\"_self\" href=\"https:\/\/www.flowmeter-aic.com\/de\/aic-bc-3329-board-computer\/\"><span class=\"fusion-button-text awb-button__text awb-button__text--default\">MEHR INFO<\/span><\/a><\/div><div class=\"fusion-sep-clear\"><\/div><div class=\"fusion-separator fusion-full-width-sep\" style=\"margin-left: auto;margin-right: auto;margin-top:5px;margin-bottom:5px;width:100%;\"><div class=\"fusion-separator-border sep-double\" style=\"--awb-height:20px;--awb-amount:20px;border-color:#e2e2e2;border-top-width:0px;border-bottom-width:0px;\"><\/div><\/div><div class=\"fusion-sep-clear\"><\/div><div class=\"fusion-clearfix\"><\/div><\/div><\/div><div class=\"fusion-layout-column fusion_builder_column_inner fusion-builder-nested-column-2 fusion_builder_column_inner_1_3 1_3 fusion-one-third fusion-column-last\" style=\"--awb-bg-size:cover;width:33.333333333333%;width:calc(33.333333333333% - ( ( 4% + 4% ) * 0.33333333333333 ) );\"><div class=\"fusion-column-wrapper fusion-column-has-shadow fusion-flex-column-wrapper-legacy\"><div class=\"fusion-sep-clear\"><\/div><div class=\"fusion-separator fusion-full-width-sep\" style=\"margin-left: auto;margin-right: auto;margin-top:5px;margin-bottom:5px;width:100%;\"><div class=\"fusion-separator-border sep-double\" style=\"--awb-height:20px;--awb-amount:20px;border-color:#e2e2e2;border-top-width:0px;border-bottom-width:0px;\"><\/div><\/div><div class=\"fusion-sep-clear\"><\/div><div class=\"fusion-sep-clear\"><\/div><div class=\"fusion-separator fusion-full-width-sep\" style=\"margin-left: auto;margin-right: auto;margin-top:5px;margin-bottom:5px;width:100%;\"><div class=\"fusion-separator-border sep-double\" style=\"--awb-height:20px;--awb-amount:20px;border-color:#e2e2e2;border-top-width:0px;border-bottom-width:0px;\"><\/div><\/div><div class=\"fusion-sep-clear\"><\/div><div class=\"fusion-sep-clear\"><\/div><div class=\"fusion-separator fusion-full-width-sep\" style=\"margin-left: auto;margin-right: auto;margin-top:5px;margin-bottom:5px;width:100%;\"><div class=\"fusion-separator-border sep-double\" style=\"--awb-height:20px;--awb-amount:20px;border-color:#e2e2e2;border-top-width:0px;border-bottom-width:0px;\"><\/div><\/div><div class=\"fusion-sep-clear\"><\/div><div class=\"fusion-clearfix\"><\/div><\/div><\/div><\/div><div class=\"fusion-sep-clear\"><\/div><div class=\"fusion-separator fusion-full-width-sep\" style=\"margin-left: auto;margin-right: auto;margin-top:5px;margin-bottom:5px;width:100%;\"><div class=\"fusion-separator-border sep-double\" style=\"--awb-height:20px;--awb-amount:20px;border-color:#e2e2e2;border-top-width:0px;border-bottom-width:0px;\"><\/div><\/div><div class=\"fusion-sep-clear\"><\/div><\/div><\/div><div class=\"fusion-clearfix\"><\/div><\/div><\/div><\/div><\/div>\n","protected":false},"excerpt":{"rendered":"","protected":false},"author":2,"featured_media":0,"parent":0,"menu_order":0,"comment_status":"closed","ping_status":"closed","template":"100-width.php","meta":{"footnotes":""},"class_list":["post-1690","page","type-page","status-publish","hentry"],"yoast_head":"<!-- This site is optimized with the Yoast SEO plugin v27.4 - https:\/\/yoast.com\/product\/yoast-seo-wordpress\/ -->\n<title>Kraftstoffverbrauch f\u00fcr station\u00e4re und elektrische Stromgeneratoren<\/title>\n<meta name=\"description\" content=\"Die AIC-Kraftstoffdurchflussmesser sind einfach an elektrischen Generatoren zu installieren: Genauigkeit besser als 1%, keine Kalibrierung erforderlich\" \/>\n<meta name=\"robots\" content=\"index, follow, max-snippet:-1, max-image-preview:large, max-video-preview:-1\" \/>\n<link rel=\"canonical\" href=\"https:\/\/www.flowmeter-aic.com\/de\/kraftstoffverbrauch-fur-stationare-und-elektrische-stromgeneratoren\/\" \/>\n<meta name=\"twitter:label1\" content=\"Gesch\u00e4tzte Lesezeit\" \/>\n\t<meta name=\"twitter:data1\" content=\"6\u00a0Minuten\" \/>\n<script type=\"application\/ld+json\" class=\"yoast-schema-graph\">{\"@context\":\"https:\\\/\\\/schema.org\",\"@graph\":[{\"@type\":\"WebPage\",\"@id\":\"https:\\\/\\\/www.flowmeter-aic.com\\\/de\\\/kraftstoffverbrauch-fur-stationare-und-elektrische-stromgeneratoren\\\/\",\"url\":\"https:\\\/\\\/www.flowmeter-aic.com\\\/de\\\/kraftstoffverbrauch-fur-stationare-und-elektrische-stromgeneratoren\\\/\",\"name\":\"Kraftstoffverbrauch f\u00fcr station\u00e4re und elektrische Stromgeneratoren\",\"isPartOf\":{\"@id\":\"https:\\\/\\\/www.flowmeter-aic.com\\\/de\\\/#website\"},\"primaryImageOfPage\":{\"@id\":\"https:\\\/\\\/www.flowmeter-aic.com\\\/de\\\/kraftstoffverbrauch-fur-stationare-und-elektrische-stromgeneratoren\\\/#primaryimage\"},\"image\":{\"@id\":\"https:\\\/\\\/www.flowmeter-aic.com\\\/de\\\/kraftstoffverbrauch-fur-stationare-und-elektrische-stromgeneratoren\\\/#primaryimage\"},\"thumbnailUrl\":\"https:\\\/\\\/www.flowmeter-aic.com\\\/de\\\/wp-content\\\/uploads\\\/2020\\\/11\\\/AIC-908-250x250-1.png\",\"datePublished\":\"2018-10-29T08:07:44+00:00\",\"dateModified\":\"2024-10-13T20:43:23+00:00\",\"description\":\"Die AIC-Kraftstoffdurchflussmesser sind einfach an elektrischen Generatoren zu installieren: Genauigkeit besser als 1%, keine Kalibrierung erforderlich\",\"breadcrumb\":{\"@id\":\"https:\\\/\\\/www.flowmeter-aic.com\\\/de\\\/kraftstoffverbrauch-fur-stationare-und-elektrische-stromgeneratoren\\\/#breadcrumb\"},\"inLanguage\":\"de\",\"potentialAction\":[{\"@type\":\"ReadAction\",\"target\":[\"https:\\\/\\\/www.flowmeter-aic.com\\\/de\\\/kraftstoffverbrauch-fur-stationare-und-elektrische-stromgeneratoren\\\/\"]}]},{\"@type\":\"ImageObject\",\"inLanguage\":\"de\",\"@id\":\"https:\\\/\\\/www.flowmeter-aic.com\\\/de\\\/kraftstoffverbrauch-fur-stationare-und-elektrische-stromgeneratoren\\\/#primaryimage\",\"url\":\"https:\\\/\\\/www.flowmeter-aic.com\\\/de\\\/wp-content\\\/uploads\\\/2020\\\/11\\\/AIC-908-250x250-1.png\",\"contentUrl\":\"https:\\\/\\\/www.flowmeter-aic.com\\\/de\\\/wp-content\\\/uploads\\\/2020\\\/11\\\/AIC-908-250x250-1.png\",\"width\":250,\"height\":251,\"caption\":\"AIC 900\"},{\"@type\":\"BreadcrumbList\",\"@id\":\"https:\\\/\\\/www.flowmeter-aic.com\\\/de\\\/kraftstoffverbrauch-fur-stationare-und-elektrische-stromgeneratoren\\\/#breadcrumb\",\"itemListElement\":[{\"@type\":\"ListItem\",\"position\":1,\"name\":\"Accueil\",\"item\":\"https:\\\/\\\/www.flowmeter-aic.com\\\/de\\\/\"},{\"@type\":\"ListItem\",\"position\":2,\"name\":\"Kraftstoffverbrauch f\u00fcr station\u00e4re und elektrische Stromgeneratoren\"}]},{\"@type\":\"WebSite\",\"@id\":\"https:\\\/\\\/www.flowmeter-aic.com\\\/de\\\/#website\",\"url\":\"https:\\\/\\\/www.flowmeter-aic.com\\\/de\\\/\",\"name\":\"Durchflussmesser von AIC Systems - Qualit\u00e4t aus der Schweiz\",\"description\":\"Durchflussmesser und Krafstoffverbrauchsl\u00f6sungen\",\"publisher\":{\"@id\":\"https:\\\/\\\/www.flowmeter-aic.com\\\/de\\\/#organization\"},\"potentialAction\":[{\"@type\":\"SearchAction\",\"target\":{\"@type\":\"EntryPoint\",\"urlTemplate\":\"https:\\\/\\\/www.flowmeter-aic.com\\\/de\\\/?s={search_term_string}\"},\"query-input\":{\"@type\":\"PropertyValueSpecification\",\"valueRequired\":true,\"valueName\":\"search_term_string\"}}],\"inLanguage\":\"de\"},{\"@type\":\"Organization\",\"@id\":\"https:\\\/\\\/www.flowmeter-aic.com\\\/de\\\/#organization\",\"name\":\"AIC Systems AG\",\"alternateName\":\"AIC Systems\",\"url\":\"https:\\\/\\\/www.flowmeter-aic.com\\\/de\\\/\",\"logo\":{\"@type\":\"ImageObject\",\"inLanguage\":\"de\",\"@id\":\"https:\\\/\\\/www.flowmeter-aic.com\\\/de\\\/#\\\/schema\\\/logo\\\/image\\\/\",\"url\":\"https:\\\/\\\/www.flowmeter-aic.com\\\/de\\\/wp-content\\\/uploads\\\/2018\\\/07\\\/aic_logo_web.png\",\"contentUrl\":\"https:\\\/\\\/www.flowmeter-aic.com\\\/de\\\/wp-content\\\/uploads\\\/2018\\\/07\\\/aic_logo_web.png\",\"width\":200,\"height\":83,\"caption\":\"AIC Systems AG\"},\"image\":{\"@id\":\"https:\\\/\\\/www.flowmeter-aic.com\\\/de\\\/#\\\/schema\\\/logo\\\/image\\\/\"},\"sameAs\":[\"https:\\\/\\\/www.linkedin.com\\\/company\\\/aic-systems-ag\\\/\"]}]}<\/script>\n<!-- \/ Yoast SEO plugin. -->","yoast_head_json":{"title":"Kraftstoffverbrauch f\u00fcr station\u00e4re und elektrische Stromgeneratoren","description":"Die AIC-Kraftstoffdurchflussmesser sind einfach an elektrischen Generatoren zu installieren: Genauigkeit besser als 1%, keine Kalibrierung erforderlich","robots":{"index":"index","follow":"follow","max-snippet":"max-snippet:-1","max-image-preview":"max-image-preview:large","max-video-preview":"max-video-preview:-1"},"canonical":"https:\/\/www.flowmeter-aic.com\/de\/kraftstoffverbrauch-fur-stationare-und-elektrische-stromgeneratoren\/","twitter_misc":{"Gesch\u00e4tzte Lesezeit":"6\u00a0Minuten"},"schema":{"@context":"https:\/\/schema.org","@graph":[{"@type":"WebPage","@id":"https:\/\/www.flowmeter-aic.com\/de\/kraftstoffverbrauch-fur-stationare-und-elektrische-stromgeneratoren\/","url":"https:\/\/www.flowmeter-aic.com\/de\/kraftstoffverbrauch-fur-stationare-und-elektrische-stromgeneratoren\/","name":"Kraftstoffverbrauch f\u00fcr station\u00e4re und elektrische Stromgeneratoren","isPartOf":{"@id":"https:\/\/www.flowmeter-aic.com\/de\/#website"},"primaryImageOfPage":{"@id":"https:\/\/www.flowmeter-aic.com\/de\/kraftstoffverbrauch-fur-stationare-und-elektrische-stromgeneratoren\/#primaryimage"},"image":{"@id":"https:\/\/www.flowmeter-aic.com\/de\/kraftstoffverbrauch-fur-stationare-und-elektrische-stromgeneratoren\/#primaryimage"},"thumbnailUrl":"https:\/\/www.flowmeter-aic.com\/de\/wp-content\/uploads\/2020\/11\/AIC-908-250x250-1.png","datePublished":"2018-10-29T08:07:44+00:00","dateModified":"2024-10-13T20:43:23+00:00","description":"Die AIC-Kraftstoffdurchflussmesser sind einfach an elektrischen Generatoren zu installieren: Genauigkeit besser als 1%, keine Kalibrierung erforderlich","breadcrumb":{"@id":"https:\/\/www.flowmeter-aic.com\/de\/kraftstoffverbrauch-fur-stationare-und-elektrische-stromgeneratoren\/#breadcrumb"},"inLanguage":"de","potentialAction":[{"@type":"ReadAction","target":["https:\/\/www.flowmeter-aic.com\/de\/kraftstoffverbrauch-fur-stationare-und-elektrische-stromgeneratoren\/"]}]},{"@type":"ImageObject","inLanguage":"de","@id":"https:\/\/www.flowmeter-aic.com\/de\/kraftstoffverbrauch-fur-stationare-und-elektrische-stromgeneratoren\/#primaryimage","url":"https:\/\/www.flowmeter-aic.com\/de\/wp-content\/uploads\/2020\/11\/AIC-908-250x250-1.png","contentUrl":"https:\/\/www.flowmeter-aic.com\/de\/wp-content\/uploads\/2020\/11\/AIC-908-250x250-1.png","width":250,"height":251,"caption":"AIC 900"},{"@type":"BreadcrumbList","@id":"https:\/\/www.flowmeter-aic.com\/de\/kraftstoffverbrauch-fur-stationare-und-elektrische-stromgeneratoren\/#breadcrumb","itemListElement":[{"@type":"ListItem","position":1,"name":"Accueil","item":"https:\/\/www.flowmeter-aic.com\/de\/"},{"@type":"ListItem","position":2,"name":"Kraftstoffverbrauch f\u00fcr station\u00e4re und elektrische Stromgeneratoren"}]},{"@type":"WebSite","@id":"https:\/\/www.flowmeter-aic.com\/de\/#website","url":"https:\/\/www.flowmeter-aic.com\/de\/","name":"Durchflussmesser von AIC Systems - Qualit\u00e4t aus der Schweiz","description":"Durchflussmesser und Krafstoffverbrauchsl\u00f6sungen","publisher":{"@id":"https:\/\/www.flowmeter-aic.com\/de\/#organization"},"potentialAction":[{"@type":"SearchAction","target":{"@type":"EntryPoint","urlTemplate":"https:\/\/www.flowmeter-aic.com\/de\/?s={search_term_string}"},"query-input":{"@type":"PropertyValueSpecification","valueRequired":true,"valueName":"search_term_string"}}],"inLanguage":"de"},{"@type":"Organization","@id":"https:\/\/www.flowmeter-aic.com\/de\/#organization","name":"AIC Systems AG","alternateName":"AIC Systems","url":"https:\/\/www.flowmeter-aic.com\/de\/","logo":{"@type":"ImageObject","inLanguage":"de","@id":"https:\/\/www.flowmeter-aic.com\/de\/#\/schema\/logo\/image\/","url":"https:\/\/www.flowmeter-aic.com\/de\/wp-content\/uploads\/2018\/07\/aic_logo_web.png","contentUrl":"https:\/\/www.flowmeter-aic.com\/de\/wp-content\/uploads\/2018\/07\/aic_logo_web.png","width":200,"height":83,"caption":"AIC Systems AG"},"image":{"@id":"https:\/\/www.flowmeter-aic.com\/de\/#\/schema\/logo\/image\/"},"sameAs":["https:\/\/www.linkedin.com\/company\/aic-systems-ag\/"]}]}},"_links":{"self":[{"href":"https:\/\/www.flowmeter-aic.com\/de\/wp-json\/wp\/v2\/pages\/1690","targetHints":{"allow":["GET"]}}],"collection":[{"href":"https:\/\/www.flowmeter-aic.com\/de\/wp-json\/wp\/v2\/pages"}],"about":[{"href":"https:\/\/www.flowmeter-aic.com\/de\/wp-json\/wp\/v2\/types\/page"}],"author":[{"embeddable":true,"href":"https:\/\/www.flowmeter-aic.com\/de\/wp-json\/wp\/v2\/users\/2"}],"replies":[{"embeddable":true,"href":"https:\/\/www.flowmeter-aic.com\/de\/wp-json\/wp\/v2\/comments?post=1690"}],"version-history":[{"count":18,"href":"https:\/\/www.flowmeter-aic.com\/de\/wp-json\/wp\/v2\/pages\/1690\/revisions"}],"predecessor-version":[{"id":4182,"href":"https:\/\/www.flowmeter-aic.com\/de\/wp-json\/wp\/v2\/pages\/1690\/revisions\/4182"}],"wp:attachment":[{"href":"https:\/\/www.flowmeter-aic.com\/de\/wp-json\/wp\/v2\/media?parent=1690"}],"curies":[{"name":"wp","href":"https:\/\/api.w.org\/{rel}","templated":true}]}}