{"id":2892,"date":"2021-09-21T00:10:06","date_gmt":"2021-09-20T22:10:06","guid":{"rendered":"https:\/\/www.flowmeter-aic.com\/de\/?page_id=2892"},"modified":"2024-12-29T16:27:46","modified_gmt":"2024-12-29T15:27:46","slug":"aic-400-nemo","status":"publish","type":"page","link":"https:\/\/www.flowmeter-aic.com\/de\/aic-400-nemo\/","title":{"rendered":"AIC 400 NEMO"},"content":{"rendered":"<div class=\"fusion-fullwidth fullwidth-box fusion-builder-row-1 fusion-flex-container nonhundred-percent-fullwidth non-hundred-percent-height-scrolling\" style=\"--awb-border-radius-top-left:0px;--awb-border-radius-top-right:0px;--awb-border-radius-bottom-right:0px;--awb-border-radius-bottom-left:0px;--awb-flex-wrap:wrap;\" ><div class=\"fusion-builder-row fusion-row fusion-flex-align-items-flex-start fusion-flex-content-wrap\" style=\"max-width:96.72%;margin-left: calc(-4% \/ 2 );margin-right: calc(-4% \/ 2 );\"><div class=\"fusion-layout-column fusion_builder_column fusion-builder-column-0 fusion_builder_column_1_4 1_4 fusion-flex-column\" style=\"--awb-bg-size:cover;--awb-width-large:25%;--awb-margin-top-large:0px;--awb-spacing-right-large:7.68%;--awb-margin-bottom-large:0px;--awb-spacing-left-large:7.68%;--awb-width-medium:100%;--awb-spacing-right-medium:1.92%;--awb-spacing-left-medium:1.92%;--awb-width-small:100%;--awb-spacing-right-small:1.92%;--awb-spacing-left-small:1.92%;\"><div class=\"fusion-column-wrapper fusion-flex-justify-content-flex-start fusion-content-layout-column\"><div class=\"fusion-widget-area awb-widget-area-element fusion-widget-area-1 fusion-content-widget-area\" style=\"--awb-title-size:22px;--awb-title-color:#004d83;--awb-padding:0px 0px 0px 0px;\"><style type=\"text\/css\" data-id=\"avada-vertical-menu-widget-2\">#avada-vertical-menu-widget-2 > ul.menu { margin-top: -8px; }<\/style><div id=\"avada-vertical-menu-widget-2\" class=\"widget avada_vertical_menu\"><style>#fusion-vertical-menu-widget-avada-vertical-menu-widget-2-nav ul.menu li a {font-size:16px;}<\/style><nav id=\"fusion-vertical-menu-widget-avada-vertical-menu-widget-2-nav\" class=\"fusion-vertical-menu-widget fusion-menu hover left no-border\" aria-label=\"Secondary Navigation: \"><ul id=\"menu-products-menu\" class=\"menu\"><li id=\"menu-item-2889\" class=\"menu-item menu-item-type-post_type menu-item-object-page menu-item-2889\"><a href=\"https:\/\/www.flowmeter-aic.com\/de\/verdraenger-durchflussmesser-fluessigkeit-aic-300-kompakt\/\"><span class=\"link-text\"> AIC 300<\/span><span class=\"arrow\"><\/span><\/a><\/li><li id=\"menu-item-2900\" class=\"menu-item menu-item-type-post_type menu-item-object-page menu-item-2900\"><a href=\"https:\/\/www.flowmeter-aic.com\/de\/aic-400-nemo\/\"><span class=\"link-text\"> AIC 400 NEMO<\/span><span class=\"arrow\"><\/span><\/a><\/li><li id=\"menu-item-2870\" class=\"menu-item menu-item-type-post_type menu-item-object-page menu-item-2870\"><a href=\"https:\/\/www.flowmeter-aic.com\/de\/aic-700-nemo-kraftstoffdurchflusssensor\/\"><span class=\"link-text\"> AIC 700 NEMO<\/span><span class=\"arrow\"><\/span><\/a><\/li><li id=\"menu-item-2485\" class=\"menu-item menu-item-type-post_type menu-item-object-page menu-item-2485\"><a href=\"https:\/\/www.flowmeter-aic.com\/de\/aic-900-durchflussmesser-mit-direktmesstechnik\/\"><span class=\"link-text\"> AIC 900<\/span><span class=\"arrow\"><\/span><\/a><\/li><li id=\"menu-item-2018\" class=\"menu-item menu-item-type-post_type menu-item-object-page menu-item-2018\"><a href=\"https:\/\/www.flowmeter-aic.com\/de\/kraftstoff-durchflussmesser-aic-1200\/\"><span class=\"link-text\"> AIC 1200<\/span><span class=\"arrow\"><\/span><\/a><\/li><li id=\"menu-item-1323\" class=\"menu-item menu-item-type-post_type menu-item-object-page menu-item-1323\"><a href=\"https:\/\/www.flowmeter-aic.com\/de\/aic-4000-kraftstoff-durchflussmesser-fuers-flottenmanagement\/\"><span class=\"link-text\"> AIC 4000 NEMO<\/span><span class=\"arrow\"><\/span><\/a><\/li><li id=\"menu-item-2459\" class=\"menu-item menu-item-type-post_type menu-item-object-page menu-item-2459\"><a href=\"https:\/\/www.flowmeter-aic.com\/de\/aic-5000-kraftstoffdurchflussmesser-fuer-pruefstaende\/\"><span class=\"link-text\"> AIC 5000<\/span><span class=\"arrow\"><\/span><\/a><\/li><li id=\"menu-item-2457\" class=\"menu-item menu-item-type-post_type menu-item-object-page menu-item-2457\"><a href=\"https:\/\/www.flowmeter-aic.com\/de\/aic-6000-kraftstoffdurchflussmesser\/\"><span class=\"link-text\"> AIC 6000<\/span><span class=\"arrow\"><\/span><\/a><\/li><li id=\"menu-item-2466\" class=\"menu-item menu-item-type-post_type menu-item-object-page menu-item-2466\"><a href=\"https:\/\/www.flowmeter-aic.com\/de\/aic-7000-kraftstoffdurchflussmesser-zeigt-die-augenblicklichen-co2-emissionen-an\/\"><span class=\"link-text\"> AIC 7000 NEMO<\/span><span class=\"arrow\"><\/span><\/a><\/li><li id=\"menu-item-2156\" class=\"menu-item menu-item-type-post_type menu-item-object-page menu-item-2156\"><a href=\"https:\/\/www.flowmeter-aic.com\/de\/aic-bc-3329-board-computer\/\"><span class=\"link-text\"> AIC BC 3329 \u2013 board computer<\/span><span class=\"arrow\"><\/span><\/a><\/li><li id=\"menu-item-2913\" class=\"menu-item menu-item-type-post_type menu-item-object-page menu-item-2913\"><a href=\"https:\/\/www.flowmeter-aic.com\/de\/anzeigegeraet-rd-100\/\"><span class=\"link-text\"> AIC RD 100<\/span><span class=\"arrow\"><\/span><\/a><\/li><li id=\"menu-item-2953\" class=\"menu-item menu-item-type-post_type menu-item-object-page menu-item-2953\"><a href=\"https:\/\/www.flowmeter-aic.com\/de\/aic-700-nemo-bc3329-set\/\"><span class=\"link-text\"> AIC 700 NEMO Set<\/span><span class=\"arrow\"><\/span><\/a><\/li><\/ul><\/nav><\/div><div class=\"fusion-additional-widget-content\"><\/div><\/div><\/div><\/div><div class=\"fusion-layout-column fusion_builder_column fusion-builder-column-1 fusion_builder_column_1_2 1_2 fusion-flex-column\" style=\"--awb-bg-size:cover;--awb-width-large:50%;--awb-margin-top-large:0px;--awb-spacing-right-large:3.84%;--awb-margin-bottom-large:0px;--awb-spacing-left-large:3.84%;--awb-width-medium:100%;--awb-spacing-right-medium:1.92%;--awb-spacing-left-medium:1.92%;--awb-width-small:100%;--awb-spacing-right-small:1.92%;--awb-spacing-left-small:1.92%;\"><div class=\"fusion-column-wrapper fusion-flex-justify-content-flex-start fusion-content-layout-column\"><div class=\"fusion-text fusion-text-1\"><h2><b>AIC 400 NEMO Massendurchflussmesser<\/b><\/h2>\n<\/div><div class=\"fusion-separator fusion-full-width-sep\" style=\"align-self: center;margin-left: auto;margin-right: auto;margin-top:5px;margin-bottom:5px;width:100%;\"><div class=\"fusion-separator-border sep-double\" style=\"--awb-height:20px;--awb-amount:20px;border-color:#e2e2e2;border-top-width:0px;border-bottom-width:0px;\"><\/div><\/div><div class=\"fusion-text fusion-text-2\"><div class=\"fusion-text fusion-text-2\">\n<p>Verlassen Sie sich auf den Massendurchflussmesser AIC 400 NEMO, um Ihr Durchflussmanagement und Ihre industriellen Hilfsprozesse zu verbessern, und dennoch k\u00f6nnen sie trotz ihres Potenzials bei der Suche nach Optimierungsm\u00f6glichkeiten \u00fcbersehen werden. Ob f\u00fcr Bahn, Schiff, Skids oder Gensets das Portfolio an Anwendungs- und Beratungskompetenzen zur Verbesserung der Anlagenverf\u00fcgbarkeit, Sicherheit, Effizienz und Compliance.<\/p>\n<p style=\"text-align: left;\">Der Kraftstoffverbrauch messende Massendurchflussmesser AIC 400 NEMO ist eine \u201eAll-in-One\u201c-L\u00f6sung f\u00fcr die Festmontage mit einer <b>Genauigkeit besser als +\/- 0,5 % \u00fcber den Messbereich<\/b> und mit einem maximalen Durchfluss von bis zu 3000 l\/h oder 793 gph.<\/p>\n<p style=\"text-align: left;\">Senken Sie Kraftstoff- und Wartungskosten, indem Sie das Fahrverhalten mit einem bew\u00e4hrten Volumenz\u00e4hler mit integriertem PT 1000-Temperatursensor f\u00fcr Ihre Massenberechnung \u00fcberwachen und verbessern.<\/p>\n<p>Geringerer Kraftstoffverbrauch und geringerer CO2-Aussto\u00df erhalten Echtzeit-Einblicke in Ihren Kraftstoffverbrauch, erkennen Trends oder Anomalien bei der Kraftstoffeffizienz und ergreifen Ma\u00dfnahmen, um Ihren Kraftstoffverbrauch zu senken.<\/p>\n<p>Kompakter Volumen- und Massedurchflussmesser mit effizienten Betriebskosten f\u00fcr Basisanwendungen mit integriertem PT 1000 Sensor.<\/p>\n<p>Geh\u00e4use aus Kohlenstoffstahl mit Gewindeenden ISO 228-1 f\u00fcr bis zu 16 bar \/ 232 psi und 100\u00b0C \/ 212\u00b0F. Speziell f\u00fcr Gro\u00dfmotoren entwickelt und geeignet f\u00fcr Kraftstoffe, z.B. Diesel, Biodiesel, MDO, \u00d6le und die meisten nicht aggressiven Schmierfl\u00fcssigkeiten.<\/p>\n<p><span style=\"background-color: rgba(255, 255, 255, 0); color: var(--body_typography-color); font-family: var(--body_typography-font-family); font-size: var(--body_typography-font-size); font-style: var(--body_typography-font-style,normal); font-weight: var(--body_typography-font-weight); letter-spacing: var(--body_typography-letter-spacing);\">Zu den Branchen, die AIC 400 NEMO Massendurchflussmesser verwenden, geh\u00f6ren:<\/span><\/p>\n<ul class=\"arrow\">\n<li>Industrielle chemische Industrie<\/li>\n<li>Eisenbahnindustrie<\/li>\n<li>Schiffsbau\/Marine<\/li>\n<li>L\u00f6sungsanbieter von modularen Prozessanlagen<\/li>\n<li>\u00d6l- und Gasverarbeitung<\/li>\n<li>Generatoren<\/li>\n<li>Gro\u00dfe Bau- und Abbruchmaschinen<\/li>\n<\/ul>\n<p>Die Ger\u00e4te sind werkseitig kalibriert und sofort nach der Installation messbereit. Frei von zus\u00e4tzlichem Ger\u00e4te-Setup nach der Installation.<\/p>\n<h4>Pr\u00e4zise und einfach zu installieren und zu warten<\/h4>\n<p>Zu den Optionen geh\u00f6ren hochdruck- und chemikalienbest\u00e4ndige Modelle sowie Durchflussmesser mit programmierbaren Digitalanzeigen und unterschiedlichen Ausg\u00e4ngen. Wenn Sie ein bestimmtes Modell ben\u00f6tigen oder spezielle Anforderungen haben, helfen wir Ihnen, den richtigen Durchflussmesser f\u00fcr Ihre Anwendung zu finden.<\/p>\n<p>Zu den Merkmalen dieses AIC 400-Durchflussmessers mit positiver Verdr\u00e4ngung geh\u00f6ren:<\/p>\n<ul class=\"arrow\">\n<li>Genauigkeit besser als +\/- 0,5 % \u00fcber den Bereich<\/li>\n<li>Signal: NPN offener Kollektor<\/li>\n<li>Leistung: bis zu 10 mA \/ 28 VDC<\/li>\n<\/ul>\n<\/div>\n<div class=\"fusion-text fusion-text-4\">\n<div><\/div>\n<\/div>\n<div class=\"fusion-text fusion-text-5\">\n<h4>Fordern Sie ein Angebot f\u00fcr den AIC 400 NEMO Massendurchflussmesser an<\/h4>\n<\/div>\n<div class=\"fusion-text fusion-text-6\">\n<p>Wir bieten ein umfangreiches Sortiment an Durchflussmessger\u00e4ten und weiteren mobilen Durchflussl\u00f6sungen an, um Ihre Anwendungsanforderungen zu erf\u00fcllen. <a href=\"https:\/\/www.flowmeter-aic.com\/de\/aic-systems-kontakt\/\">Fordern Sie ein Angebot f\u00fcr die Durchflussmesser an<\/a>, die Ihren Anforderungen entsprechen oder <a href=\"https:\/\/www.flowmeter-aic.com\/de\/aic-systems-kontakt\/\">kontaktieren Sie uns<\/a>, um mehr \u00fcber unsere L\u00f6sungen zur Messdaten\u00fcberwachung zu erfahren.<\/p>\n<\/div>\n<div class=\"fusion-text fusion-text-10\"><\/div>\n<\/div><\/div><\/div><div class=\"fusion-layout-column fusion_builder_column fusion-builder-column-2 fusion_builder_column_1_5 1_5 fusion-flex-column\" style=\"--awb-bg-size:cover;--awb-width-large:20%;--awb-margin-top-large:0px;--awb-spacing-right-large:9.6%;--awb-margin-bottom-large:0px;--awb-spacing-left-large:9.6%;--awb-width-medium:100%;--awb-spacing-right-medium:1.92%;--awb-spacing-left-medium:1.92%;--awb-width-small:100%;--awb-spacing-right-small:1.92%;--awb-spacing-left-small:1.92%;\"><div class=\"fusion-column-wrapper fusion-flex-justify-content-flex-start fusion-content-layout-column\"><div class=\"fusion-separator fusion-full-width-sep\" style=\"align-self: center;margin-left: auto;margin-right: auto;margin-top:10px;margin-bottom:20px;width:100%;\"><div class=\"fusion-separator-border sep-double\" style=\"--awb-height:20px;--awb-amount:20px;border-color:#e2e2e2;border-top-width:0px;border-bottom-width:0px;\"><\/div><\/div><div class=\"fusion-image-element \" style=\"--awb-caption-title-font-family:var(--h2_typography-font-family);--awb-caption-title-font-weight:var(--h2_typography-font-weight);--awb-caption-title-font-style:var(--h2_typography-font-style);--awb-caption-title-size:var(--h2_typography-font-size);--awb-caption-title-transform:var(--h2_typography-text-transform);--awb-caption-title-line-height:var(--h2_typography-line-height);--awb-caption-title-letter-spacing:var(--h2_typography-letter-spacing);\"><span class=\" fusion-imageframe imageframe-none imageframe-1 hover-type-none\"><img loading=\"lazy\" decoding=\"async\" width=\"737\" height=\"323\" alt=\"NEMO Logo\" title=\"NEMO\" src=\"https:\/\/www.flowmeter-aic.com\/de\/wp-content\/uploads\/2021\/09\/logo-NEMO-737x323-1.png\" class=\"img-responsive wp-image-2864\" srcset=\"https:\/\/www.flowmeter-aic.com\/de\/wp-content\/uploads\/2021\/09\/logo-NEMO-737x323-1-200x88.png 200w, https:\/\/www.flowmeter-aic.com\/de\/wp-content\/uploads\/2021\/09\/logo-NEMO-737x323-1-400x175.png 400w, https:\/\/www.flowmeter-aic.com\/de\/wp-content\/uploads\/2021\/09\/logo-NEMO-737x323-1-600x263.png 600w, https:\/\/www.flowmeter-aic.com\/de\/wp-content\/uploads\/2021\/09\/logo-NEMO-737x323-1.png 737w\" sizes=\"auto, (max-width: 1024px) 100vw, (max-width: 640px) 100vw, 400px\" \/><\/span><\/div><div class=\"fusion-image-element fusion-no-small-visibility\" style=\"text-align:center;--awb-caption-title-font-family:var(--h2_typography-font-family);--awb-caption-title-font-weight:var(--h2_typography-font-weight);--awb-caption-title-font-style:var(--h2_typography-font-style);--awb-caption-title-size:var(--h2_typography-font-size);--awb-caption-title-transform:var(--h2_typography-text-transform);--awb-caption-title-line-height:var(--h2_typography-line-height);--awb-caption-title-letter-spacing:var(--h2_typography-letter-spacing);\"><span class=\" fusion-imageframe imageframe-none imageframe-2 hover-type-none\"><a class=\"fusion-no-lightbox\" href=\"https:\/\/www.flowmeter-aic.com\/de\/wp-content\/uploads\/2024\/12\/kraftstoff-durchflussmesser-aic-400-produkt-flyer.pdf\" target=\"_self\" aria-label=\"AIC_300_Durchflussmesser\"><img loading=\"lazy\" decoding=\"async\" width=\"587\" height=\"425\" alt=\"AIC 400 NEMO Massendurchflussmesser\" src=\"https:\/\/www.flowmeter-aic.com\/de\/wp-content\/uploads\/2021\/09\/AIC_300_flowmeter-versatile.png\" class=\"img-responsive wp-image-2886\" srcset=\"https:\/\/www.flowmeter-aic.com\/de\/wp-content\/uploads\/2021\/09\/AIC_300_flowmeter-versatile-200x145.png 200w, https:\/\/www.flowmeter-aic.com\/de\/wp-content\/uploads\/2021\/09\/AIC_300_flowmeter-versatile-400x290.png 400w, https:\/\/www.flowmeter-aic.com\/de\/wp-content\/uploads\/2021\/09\/AIC_300_flowmeter-versatile.png 587w\" sizes=\"auto, (max-width: 1024px) 100vw, (max-width: 640px) 100vw, 400px\" \/><\/a><\/span><\/div><div style=\"text-align:center;\"><a class=\"fusion-button button-3d button-small button-default fusion-button-default button-1 fusion-button-span-no \" style=\"--button-border-radius-top-left:0px;--button-border-radius-top-right:0px;--button-border-radius-bottom-right:0px;--button-border-radius-bottom-left:0px;--button_text_transform:none;\" target=\"_self\" title=\"download\" aria-label=\"download\" href=\"https:\/\/www.flowmeter-aic.com\/de\/wp-content\/uploads\/2024\/12\/kraftstoff-durchflussmesser-aic-400-produkt-flyer.pdf\"><i class=\"fa-file-pdf fas awb-button__icon awb-button__icon--default button-icon-left\" aria-hidden=\"true\"><\/i><span class=\"fusion-button-text awb-button__text awb-button__text--default\">Technische Information<\/span><\/a><\/div><div class=\"fusion-separator fusion-full-width-sep\" style=\"align-self: center;margin-left: auto;margin-right: auto;margin-top:20px;margin-bottom:20px;width:100%;\"><div class=\"fusion-separator-border sep-double\" style=\"--awb-height:20px;--awb-amount:20px;border-color:#e2e2e2;border-top-width:0px;border-bottom-width:0px;\"><\/div><\/div><\/div><\/div><\/div><\/div>\n","protected":false},"excerpt":{"rendered":"","protected":false},"author":2,"featured_media":0,"parent":0,"menu_order":0,"comment_status":"closed","ping_status":"closed","template":"","meta":{"footnotes":""},"class_list":["post-2892","page","type-page","status-publish","hentry"],"yoast_head":"<!-- This site is optimized with the Yoast SEO plugin v27.5 - https:\/\/yoast.com\/product\/yoast-seo-wordpress\/ -->\n<title>Massendurchflussmesser- AIC 400<\/title>\n<meta name=\"description\" content=\"Massendurchflussmesser AIC 400 NEMO f\u00fcr Durchflussmanagements von Kraftstoffen und zur Optimierung von Prozessen.\" \/>\n<meta name=\"robots\" content=\"index, follow, max-snippet:-1, max-image-preview:large, max-video-preview:-1\" \/>\n<link rel=\"canonical\" href=\"https:\/\/www.flowmeter-aic.com\/de\/aic-400-nemo\/\" \/>\n<meta name=\"twitter:label1\" content=\"Gesch\u00e4tzte Lesezeit\" \/>\n\t<meta name=\"twitter:data1\" content=\"3\u00a0Minuten\" \/>\n<script type=\"application\/ld+json\" class=\"yoast-schema-graph\">{\"@context\":\"https:\\\/\\\/schema.org\",\"@graph\":[{\"@type\":\"WebPage\",\"@id\":\"https:\\\/\\\/www.flowmeter-aic.com\\\/de\\\/aic-400-nemo\\\/\",\"url\":\"https:\\\/\\\/www.flowmeter-aic.com\\\/de\\\/aic-400-nemo\\\/\",\"name\":\"Massendurchflussmesser- AIC 400\",\"isPartOf\":{\"@id\":\"https:\\\/\\\/www.flowmeter-aic.com\\\/de\\\/#website\"},\"datePublished\":\"2021-09-20T22:10:06+00:00\",\"dateModified\":\"2024-12-29T15:27:46+00:00\",\"description\":\"Massendurchflussmesser AIC 400 NEMO f\u00fcr Durchflussmanagements von Kraftstoffen und zur Optimierung von Prozessen.\",\"breadcrumb\":{\"@id\":\"https:\\\/\\\/www.flowmeter-aic.com\\\/de\\\/aic-400-nemo\\\/#breadcrumb\"},\"inLanguage\":\"de\",\"potentialAction\":[{\"@type\":\"ReadAction\",\"target\":[\"https:\\\/\\\/www.flowmeter-aic.com\\\/de\\\/aic-400-nemo\\\/\"]}]},{\"@type\":\"BreadcrumbList\",\"@id\":\"https:\\\/\\\/www.flowmeter-aic.com\\\/de\\\/aic-400-nemo\\\/#breadcrumb\",\"itemListElement\":[{\"@type\":\"ListItem\",\"position\":1,\"name\":\"Accueil\",\"item\":\"https:\\\/\\\/www.flowmeter-aic.com\\\/de\\\/\"},{\"@type\":\"ListItem\",\"position\":2,\"name\":\"AIC 400 NEMO\"}]},{\"@type\":\"WebSite\",\"@id\":\"https:\\\/\\\/www.flowmeter-aic.com\\\/de\\\/#website\",\"url\":\"https:\\\/\\\/www.flowmeter-aic.com\\\/de\\\/\",\"name\":\"Durchflussmesser von AIC Systems - Qualit\u00e4t aus der Schweiz\",\"description\":\"Durchflussmesser und Krafstoffverbrauchsl\u00f6sungen\",\"publisher\":{\"@id\":\"https:\\\/\\\/www.flowmeter-aic.com\\\/de\\\/#organization\"},\"potentialAction\":[{\"@type\":\"SearchAction\",\"target\":{\"@type\":\"EntryPoint\",\"urlTemplate\":\"https:\\\/\\\/www.flowmeter-aic.com\\\/de\\\/?s={search_term_string}\"},\"query-input\":{\"@type\":\"PropertyValueSpecification\",\"valueRequired\":true,\"valueName\":\"search_term_string\"}}],\"inLanguage\":\"de\"},{\"@type\":\"Organization\",\"@id\":\"https:\\\/\\\/www.flowmeter-aic.com\\\/de\\\/#organization\",\"name\":\"AIC Systems AG\",\"alternateName\":\"AIC Systems\",\"url\":\"https:\\\/\\\/www.flowmeter-aic.com\\\/de\\\/\",\"logo\":{\"@type\":\"ImageObject\",\"inLanguage\":\"de\",\"@id\":\"https:\\\/\\\/www.flowmeter-aic.com\\\/de\\\/#\\\/schema\\\/logo\\\/image\\\/\",\"url\":\"https:\\\/\\\/www.flowmeter-aic.com\\\/de\\\/wp-content\\\/uploads\\\/2018\\\/07\\\/aic_logo_web.png\",\"contentUrl\":\"https:\\\/\\\/www.flowmeter-aic.com\\\/de\\\/wp-content\\\/uploads\\\/2018\\\/07\\\/aic_logo_web.png\",\"width\":200,\"height\":83,\"caption\":\"AIC Systems AG\"},\"image\":{\"@id\":\"https:\\\/\\\/www.flowmeter-aic.com\\\/de\\\/#\\\/schema\\\/logo\\\/image\\\/\"},\"sameAs\":[\"https:\\\/\\\/www.linkedin.com\\\/company\\\/aic-systems-ag\\\/\"]}]}<\/script>\n<!-- \/ Yoast SEO plugin. -->","yoast_head_json":{"title":"Massendurchflussmesser- AIC 400","description":"Massendurchflussmesser AIC 400 NEMO f\u00fcr Durchflussmanagements von Kraftstoffen und zur Optimierung von Prozessen.","robots":{"index":"index","follow":"follow","max-snippet":"max-snippet:-1","max-image-preview":"max-image-preview:large","max-video-preview":"max-video-preview:-1"},"canonical":"https:\/\/www.flowmeter-aic.com\/de\/aic-400-nemo\/","twitter_misc":{"Gesch\u00e4tzte Lesezeit":"3\u00a0Minuten"},"schema":{"@context":"https:\/\/schema.org","@graph":[{"@type":"WebPage","@id":"https:\/\/www.flowmeter-aic.com\/de\/aic-400-nemo\/","url":"https:\/\/www.flowmeter-aic.com\/de\/aic-400-nemo\/","name":"Massendurchflussmesser- AIC 400","isPartOf":{"@id":"https:\/\/www.flowmeter-aic.com\/de\/#website"},"datePublished":"2021-09-20T22:10:06+00:00","dateModified":"2024-12-29T15:27:46+00:00","description":"Massendurchflussmesser AIC 400 NEMO f\u00fcr Durchflussmanagements von Kraftstoffen und zur Optimierung von Prozessen.","breadcrumb":{"@id":"https:\/\/www.flowmeter-aic.com\/de\/aic-400-nemo\/#breadcrumb"},"inLanguage":"de","potentialAction":[{"@type":"ReadAction","target":["https:\/\/www.flowmeter-aic.com\/de\/aic-400-nemo\/"]}]},{"@type":"BreadcrumbList","@id":"https:\/\/www.flowmeter-aic.com\/de\/aic-400-nemo\/#breadcrumb","itemListElement":[{"@type":"ListItem","position":1,"name":"Accueil","item":"https:\/\/www.flowmeter-aic.com\/de\/"},{"@type":"ListItem","position":2,"name":"AIC 400 NEMO"}]},{"@type":"WebSite","@id":"https:\/\/www.flowmeter-aic.com\/de\/#website","url":"https:\/\/www.flowmeter-aic.com\/de\/","name":"Durchflussmesser von AIC Systems - Qualit\u00e4t aus der Schweiz","description":"Durchflussmesser und Krafstoffverbrauchsl\u00f6sungen","publisher":{"@id":"https:\/\/www.flowmeter-aic.com\/de\/#organization"},"potentialAction":[{"@type":"SearchAction","target":{"@type":"EntryPoint","urlTemplate":"https:\/\/www.flowmeter-aic.com\/de\/?s={search_term_string}"},"query-input":{"@type":"PropertyValueSpecification","valueRequired":true,"valueName":"search_term_string"}}],"inLanguage":"de"},{"@type":"Organization","@id":"https:\/\/www.flowmeter-aic.com\/de\/#organization","name":"AIC Systems AG","alternateName":"AIC Systems","url":"https:\/\/www.flowmeter-aic.com\/de\/","logo":{"@type":"ImageObject","inLanguage":"de","@id":"https:\/\/www.flowmeter-aic.com\/de\/#\/schema\/logo\/image\/","url":"https:\/\/www.flowmeter-aic.com\/de\/wp-content\/uploads\/2018\/07\/aic_logo_web.png","contentUrl":"https:\/\/www.flowmeter-aic.com\/de\/wp-content\/uploads\/2018\/07\/aic_logo_web.png","width":200,"height":83,"caption":"AIC Systems AG"},"image":{"@id":"https:\/\/www.flowmeter-aic.com\/de\/#\/schema\/logo\/image\/"},"sameAs":["https:\/\/www.linkedin.com\/company\/aic-systems-ag\/"]}]}},"_links":{"self":[{"href":"https:\/\/www.flowmeter-aic.com\/de\/wp-json\/wp\/v2\/pages\/2892","targetHints":{"allow":["GET"]}}],"collection":[{"href":"https:\/\/www.flowmeter-aic.com\/de\/wp-json\/wp\/v2\/pages"}],"about":[{"href":"https:\/\/www.flowmeter-aic.com\/de\/wp-json\/wp\/v2\/types\/page"}],"author":[{"embeddable":true,"href":"https:\/\/www.flowmeter-aic.com\/de\/wp-json\/wp\/v2\/users\/2"}],"replies":[{"embeddable":true,"href":"https:\/\/www.flowmeter-aic.com\/de\/wp-json\/wp\/v2\/comments?post=2892"}],"version-history":[{"count":14,"href":"https:\/\/www.flowmeter-aic.com\/de\/wp-json\/wp\/v2\/pages\/2892\/revisions"}],"predecessor-version":[{"id":4212,"href":"https:\/\/www.flowmeter-aic.com\/de\/wp-json\/wp\/v2\/pages\/2892\/revisions\/4212"}],"wp:attachment":[{"href":"https:\/\/www.flowmeter-aic.com\/de\/wp-json\/wp\/v2\/media?parent=2892"}],"curies":[{"name":"wp","href":"https:\/\/api.w.org\/{rel}","templated":true}]}}