{"id":1234,"date":"2018-10-04T14:00:45","date_gmt":"2018-10-04T12:00:45","guid":{"rendered":"https:\/\/www.flowmeter-aic.com\/fr\/?page_id=1234"},"modified":"2021-03-20T16:34:10","modified_gmt":"2021-03-20T15:34:10","slug":"a-propos-aic-systems","status":"publish","type":"page","link":"https:\/\/www.flowmeter-aic.com\/fr\/a-propos-aic-systems\/","title":{"rendered":"\u00c0 propos"},"content":{"rendered":"<div class=\"fusion-fullwidth fullwidth-box fusion-builder-row-1 nonhundred-percent-fullwidth non-hundred-percent-height-scrolling\" style=\"--awb-border-radius-top-left:0px;--awb-border-radius-top-right:0px;--awb-border-radius-bottom-right:0px;--awb-border-radius-bottom-left:0px;--awb-flex-wrap:wrap;\" ><div class=\"fusion-builder-row fusion-row\"><div class=\"fusion-layout-column fusion_builder_column fusion-builder-column-0 fusion_builder_column_1_1 1_1 fusion-one-full fusion-column-first fusion-column-last\" style=\"--awb-bg-size:cover;\"><div class=\"fusion-column-wrapper fusion-flex-column-wrapper-legacy\"><div class=\"fusion-text fusion-text-1\"><h1>AIC Systems AG : qui sommes-nous ?<\/h1>\n<\/div><div class=\"fusion-text fusion-text-2\"><p>En 1978, AIC Systems AG d\u00e9veloppe le premier syst\u00e8me de mesure de consommation de carburant. Cette solution repose sur la technologie de mesure directe. Elle garantit une pr\u00e9cision \u00e9lev\u00e9e et garantie dans la mesure de la consommation totale de carburant en ligne.<\/p>\n<p>En 2004, AIC Systems AG est rachet\u00e9 par de nouveaux propri\u00e9taires. M. Conraux est le nouveau Directeur G\u00e9n\u00e9ral. La soci\u00e9t\u00e9 d\u00e9m\u00e9nage alors dans des locaux plus grands situ\u00e9s \u00e0 Allschwil \/ BL en Suisse.<\/p>\n<p>Au cours des ann\u00e9es suivantes, M. Conraux s\u2019efforce de d\u00e9velopper les applications et le r\u00e9seau de distributeurs. Il parcourt le monde \u00e0 la recherche de nouveaux clients avec toujours le m\u00eame objectif : d\u00e9montrer en direct la pr\u00e9cision et la fiabilit\u00e9 des d\u00e9bitm\u00e8tres en mati\u00e8re de contr\u00f4le de consommation de carburant. Son travail acharn\u00e9 conduit AIC Systems AG \u00e0 se faire une place pr\u00e9pond\u00e9rante sur le march\u00e9. Il d\u00e9veloppe une nouvelle client\u00e8le exigeante, mais satisfaite.<\/p>\n<p>Par ailleurs, son \u00e9thique de travail est inscrite dans l\u2019ADN de AIC Systems AG. Quelles que soient les circonstances, nous fournissons toujours \u00e0 nos clients des solutions adapt\u00e9es \u00e0 leurs besoins et la meilleure approche en mati\u00e8re de service. Et nous le ferons toujours !<\/p>\n<p>Ainsi, il y a maintenant 40 ans qu&#8217;AIC Systems AG offre des solutions ultra-concurrentielles pour mesurer avec pr\u00e9cision et fiabilit\u00e9 la consommation de carburant sur tous types de v\u00e9hicules. Con\u00e7us et fabriqu\u00e9s en Suisse, les d\u00e9bitm\u00e8tres de carburant et les solutions de mesure de la consommation de carburant d\u2019AIC Systems AG sont approuv\u00e9s et adopt\u00e9s tous les jours par des ing\u00e9nieurs, des d\u00e9veloppeurs, des gestionnaires de flotte et \u00e9quipements et des pilotes. Aujourd&#8217;hui, nos syst\u00e8mes sont utilis\u00e9s dans le monde entier pour tester et am\u00e9liorer l&#8217;efficacit\u00e9 \u00e9nerg\u00e9tique des moteurs, des camions, des machines et de toutes sortes de v\u00e9hicules ou appareils mobiles et fixes.<\/p>\n<p>De grandes marques dans l&#8217;industrie des poids lourds, de la d\u00e9fense, de la construction et des mines utilisent les produits AIC Systems AG.<\/p>\n<\/div><div class=\"fusion-clearfix\"><\/div><\/div><\/div><\/div><\/div>\n","protected":false},"excerpt":{"rendered":"","protected":false},"author":2,"featured_media":0,"parent":0,"menu_order":0,"comment_status":"closed","ping_status":"closed","template":"","meta":{"footnotes":""},"class_list":["post-1234","page","type-page","status-publish","hentry"],"yoast_head":"<!-- This site is optimized with the Yoast SEO plugin v27.5 - https:\/\/yoast.com\/product\/yoast-seo-wordpress\/ -->\n<title>AIC Systems: fabricant de d\u00e9bitm\u00e8tres en suisse depuis 1978<\/title>\n<meta name=\"description\" content=\"En 1978, AIC Systems AG a d\u00e9velopp\u00e9 le premier syst\u00e8me de mesure de la consommation de carburant bas\u00e9 sur la technologie de mesure directe.\" \/>\n<meta name=\"robots\" content=\"index, follow, max-snippet:-1, max-image-preview:large, max-video-preview:-1\" \/>\n<link rel=\"canonical\" href=\"https:\/\/www.flowmeter-aic.com\/fr\/a-propos-aic-systems\/\" \/>\n<meta property=\"og:locale\" content=\"en_GB\" \/>\n<meta property=\"og:type\" content=\"article\" \/>\n<meta property=\"og:title\" content=\"AIC Systems: fabricant de d\u00e9bitm\u00e8tres en suisse depuis 1978\" \/>\n<meta property=\"og:description\" content=\"En 1978, AIC Systems AG a d\u00e9velopp\u00e9 le premier syst\u00e8me de mesure de la consommation de carburant bas\u00e9 sur la technologie de mesure directe.\" \/>\n<meta property=\"og:url\" content=\"https:\/\/www.flowmeter-aic.com\/fr\/a-propos-aic-systems\/\" \/>\n<meta property=\"og:site_name\" content=\"D\u00e9bitm\u00e8tres de consommation de carburant AIC\" \/>\n<meta property=\"article:modified_time\" content=\"2021-03-20T15:34:10+00:00\" \/>\n<meta name=\"twitter:card\" content=\"summary_large_image\" \/>\n<script type=\"application\/ld+json\" class=\"yoast-schema-graph\">{\"@context\":\"https:\\\/\\\/schema.org\",\"@graph\":[{\"@type\":\"WebPage\",\"@id\":\"https:\\\/\\\/www.flowmeter-aic.com\\\/fr\\\/a-propos-aic-systems\\\/\",\"url\":\"https:\\\/\\\/www.flowmeter-aic.com\\\/fr\\\/a-propos-aic-systems\\\/\",\"name\":\"AIC Systems: fabricant de d\u00e9bitm\u00e8tres en suisse depuis 1978\",\"isPartOf\":{\"@id\":\"https:\\\/\\\/www.flowmeter-aic.com\\\/fr\\\/#website\"},\"datePublished\":\"2018-10-04T12:00:45+00:00\",\"dateModified\":\"2021-03-20T15:34:10+00:00\",\"description\":\"En 1978, AIC Systems AG a d\u00e9velopp\u00e9 le premier syst\u00e8me de mesure de la consommation de carburant bas\u00e9 sur la technologie de mesure directe.\",\"breadcrumb\":{\"@id\":\"https:\\\/\\\/www.flowmeter-aic.com\\\/fr\\\/a-propos-aic-systems\\\/#breadcrumb\"},\"inLanguage\":\"en-GB\",\"potentialAction\":[{\"@type\":\"ReadAction\",\"target\":[\"https:\\\/\\\/www.flowmeter-aic.com\\\/fr\\\/a-propos-aic-systems\\\/\"]}]},{\"@type\":\"BreadcrumbList\",\"@id\":\"https:\\\/\\\/www.flowmeter-aic.com\\\/fr\\\/a-propos-aic-systems\\\/#breadcrumb\",\"itemListElement\":[{\"@type\":\"ListItem\",\"position\":1,\"name\":\"Accueil\",\"item\":\"https:\\\/\\\/www.flowmeter-aic.com\\\/fr\\\/\"},{\"@type\":\"ListItem\",\"position\":2,\"name\":\"\u00c0 propos\"}]},{\"@type\":\"WebSite\",\"@id\":\"https:\\\/\\\/www.flowmeter-aic.com\\\/fr\\\/#website\",\"url\":\"https:\\\/\\\/www.flowmeter-aic.com\\\/fr\\\/\",\"name\":\"AIC fuel flow meters : accurate and reliable\",\"description\":\"Des solutions pr\u00e9cises et fiables pour contr\u00f4ler votre consommation de carburant\",\"publisher\":{\"@id\":\"https:\\\/\\\/www.flowmeter-aic.com\\\/fr\\\/#organization\"},\"potentialAction\":[{\"@type\":\"SearchAction\",\"target\":{\"@type\":\"EntryPoint\",\"urlTemplate\":\"https:\\\/\\\/www.flowmeter-aic.com\\\/fr\\\/?s={search_term_string}\"},\"query-input\":{\"@type\":\"PropertyValueSpecification\",\"valueRequired\":true,\"valueName\":\"search_term_string\"}}],\"inLanguage\":\"en-GB\"},{\"@type\":\"Organization\",\"@id\":\"https:\\\/\\\/www.flowmeter-aic.com\\\/fr\\\/#organization\",\"name\":\"AIC Systems AG\",\"url\":\"https:\\\/\\\/www.flowmeter-aic.com\\\/fr\\\/\",\"logo\":{\"@type\":\"ImageObject\",\"inLanguage\":\"en-GB\",\"@id\":\"https:\\\/\\\/www.flowmeter-aic.com\\\/fr\\\/#\\\/schema\\\/logo\\\/image\\\/\",\"url\":\"https:\\\/\\\/www.flowmeter-aic.com\\\/fr\\\/wp-content\\\/uploads\\\/2018\\\/07\\\/aic_logo_web.png\",\"contentUrl\":\"https:\\\/\\\/www.flowmeter-aic.com\\\/fr\\\/wp-content\\\/uploads\\\/2018\\\/07\\\/aic_logo_web.png\",\"width\":200,\"height\":83,\"caption\":\"AIC Systems AG\"},\"image\":{\"@id\":\"https:\\\/\\\/www.flowmeter-aic.com\\\/fr\\\/#\\\/schema\\\/logo\\\/image\\\/\"},\"sameAs\":[\"https:\\\/\\\/www.linkedin.com\\\/company\\\/aic-systems-ag\\\/\"]}]}<\/script>\n<!-- \/ Yoast SEO plugin. -->","yoast_head_json":{"title":"AIC Systems: fabricant de d\u00e9bitm\u00e8tres en suisse depuis 1978","description":"En 1978, AIC Systems AG a d\u00e9velopp\u00e9 le premier syst\u00e8me de mesure de la consommation de carburant bas\u00e9 sur la technologie de mesure directe.","robots":{"index":"index","follow":"follow","max-snippet":"max-snippet:-1","max-image-preview":"max-image-preview:large","max-video-preview":"max-video-preview:-1"},"canonical":"https:\/\/www.flowmeter-aic.com\/fr\/a-propos-aic-systems\/","og_locale":"en_GB","og_type":"article","og_title":"AIC Systems: fabricant de d\u00e9bitm\u00e8tres en suisse depuis 1978","og_description":"En 1978, AIC Systems AG a d\u00e9velopp\u00e9 le premier syst\u00e8me de mesure de la consommation de carburant bas\u00e9 sur la technologie de mesure directe.","og_url":"https:\/\/www.flowmeter-aic.com\/fr\/a-propos-aic-systems\/","og_site_name":"D\u00e9bitm\u00e8tres de consommation de carburant AIC","article_modified_time":"2021-03-20T15:34:10+00:00","twitter_card":"summary_large_image","schema":{"@context":"https:\/\/schema.org","@graph":[{"@type":"WebPage","@id":"https:\/\/www.flowmeter-aic.com\/fr\/a-propos-aic-systems\/","url":"https:\/\/www.flowmeter-aic.com\/fr\/a-propos-aic-systems\/","name":"AIC Systems: fabricant de d\u00e9bitm\u00e8tres en suisse depuis 1978","isPartOf":{"@id":"https:\/\/www.flowmeter-aic.com\/fr\/#website"},"datePublished":"2018-10-04T12:00:45+00:00","dateModified":"2021-03-20T15:34:10+00:00","description":"En 1978, AIC Systems AG a d\u00e9velopp\u00e9 le premier syst\u00e8me de mesure de la consommation de carburant bas\u00e9 sur la technologie de mesure directe.","breadcrumb":{"@id":"https:\/\/www.flowmeter-aic.com\/fr\/a-propos-aic-systems\/#breadcrumb"},"inLanguage":"en-GB","potentialAction":[{"@type":"ReadAction","target":["https:\/\/www.flowmeter-aic.com\/fr\/a-propos-aic-systems\/"]}]},{"@type":"BreadcrumbList","@id":"https:\/\/www.flowmeter-aic.com\/fr\/a-propos-aic-systems\/#breadcrumb","itemListElement":[{"@type":"ListItem","position":1,"name":"Accueil","item":"https:\/\/www.flowmeter-aic.com\/fr\/"},{"@type":"ListItem","position":2,"name":"\u00c0 propos"}]},{"@type":"WebSite","@id":"https:\/\/www.flowmeter-aic.com\/fr\/#website","url":"https:\/\/www.flowmeter-aic.com\/fr\/","name":"AIC fuel flow meters : accurate and reliable","description":"Des solutions pr\u00e9cises et fiables pour contr\u00f4ler votre consommation de carburant","publisher":{"@id":"https:\/\/www.flowmeter-aic.com\/fr\/#organization"},"potentialAction":[{"@type":"SearchAction","target":{"@type":"EntryPoint","urlTemplate":"https:\/\/www.flowmeter-aic.com\/fr\/?s={search_term_string}"},"query-input":{"@type":"PropertyValueSpecification","valueRequired":true,"valueName":"search_term_string"}}],"inLanguage":"en-GB"},{"@type":"Organization","@id":"https:\/\/www.flowmeter-aic.com\/fr\/#organization","name":"AIC Systems AG","url":"https:\/\/www.flowmeter-aic.com\/fr\/","logo":{"@type":"ImageObject","inLanguage":"en-GB","@id":"https:\/\/www.flowmeter-aic.com\/fr\/#\/schema\/logo\/image\/","url":"https:\/\/www.flowmeter-aic.com\/fr\/wp-content\/uploads\/2018\/07\/aic_logo_web.png","contentUrl":"https:\/\/www.flowmeter-aic.com\/fr\/wp-content\/uploads\/2018\/07\/aic_logo_web.png","width":200,"height":83,"caption":"AIC Systems AG"},"image":{"@id":"https:\/\/www.flowmeter-aic.com\/fr\/#\/schema\/logo\/image\/"},"sameAs":["https:\/\/www.linkedin.com\/company\/aic-systems-ag\/"]}]}},"_links":{"self":[{"href":"https:\/\/www.flowmeter-aic.com\/fr\/wp-json\/wp\/v2\/pages\/1234","targetHints":{"allow":["GET"]}}],"collection":[{"href":"https:\/\/www.flowmeter-aic.com\/fr\/wp-json\/wp\/v2\/pages"}],"about":[{"href":"https:\/\/www.flowmeter-aic.com\/fr\/wp-json\/wp\/v2\/types\/page"}],"author":[{"embeddable":true,"href":"https:\/\/www.flowmeter-aic.com\/fr\/wp-json\/wp\/v2\/users\/2"}],"replies":[{"embeddable":true,"href":"https:\/\/www.flowmeter-aic.com\/fr\/wp-json\/wp\/v2\/comments?post=1234"}],"version-history":[{"count":7,"href":"https:\/\/www.flowmeter-aic.com\/fr\/wp-json\/wp\/v2\/pages\/1234\/revisions"}],"predecessor-version":[{"id":2714,"href":"https:\/\/www.flowmeter-aic.com\/fr\/wp-json\/wp\/v2\/pages\/1234\/revisions\/2714"}],"wp:attachment":[{"href":"https:\/\/www.flowmeter-aic.com\/fr\/wp-json\/wp\/v2\/media?parent=1234"}],"curies":[{"name":"wp","href":"https:\/\/api.w.org\/{rel}","templated":true}]}}