{"id":14,"date":"2016-07-11T13:08:40","date_gmt":"2016-07-11T13:08:40","guid":{"rendered":"http:\/\/www.fuel-consumption.biz\/?page_id=14"},"modified":"2021-03-20T16:38:21","modified_gmt":"2021-03-20T15:38:21","slug":"technologie-aic-mesure-directe-consommation-carburant","status":"publish","type":"page","link":"https:\/\/www.flowmeter-aic.com\/fr\/technologie-aic-mesure-directe-consommation-carburant\/","title":{"rendered":"La technologie AIC"},"content":{"rendered":"<p><div class=\"fusion-fullwidth fullwidth-box fusion-builder-row-1 hundred-percent-fullwidth non-hundred-percent-height-scrolling fusion-equal-height-columns\" style=\"--awb-background-position:left top;--awb-border-radius-top-left:0px;--awb-border-radius-top-right:0px;--awb-border-radius-bottom-right:0px;--awb-border-radius-bottom-left:0px;--awb-padding-top:0px;--awb-padding-right:0px;--awb-padding-bottom:0px;--awb-padding-left:0px;--awb-margin-top:0px;--awb-margin-bottom:0px;--awb-background-color:#f5f5f5;--awb-border-sizes-top:0px;--awb-border-sizes-bottom:0px;--awb-flex-wrap:wrap;\" ><div class=\"fusion-builder-row fusion-row\"><div class=\"fusion-layout-column fusion_builder_column fusion-builder-column-0 fusion_builder_column_1_4 1_4 fusion-one-fourth fusion-column-first fusion-no-small-visibility\" style=\"--awb-padding-bottom:0px;--awb-bg-image:url(&#039;https:\/\/www.flowmeter-aic.com\/fr\/wp-content\/uploads\/2018\/07\/traffic-lights-night-1024x684.jpg&#039;);--awb-bg-position:center center;--awb-bg-size:cover;\"><div class=\"fusion-column-wrapper fusion-flex-column-wrapper-legacy fusion-empty-column-bg-image fusion-column-has-bg-image\" data-bg-url=\"https:\/\/www.flowmeter-aic.com\/fr\/wp-content\/uploads\/2018\/07\/traffic-lights-night-1024x684.jpg\"><img decoding=\"async\" class=\"fusion-empty-dims-img-placeholder fusion-no-large-visibility\" alt=\"rear vehicles lights in the night\" aria-label=\"traffic-lights-night\" src=\"data:image\/svg+xml,%3Csvg%20xmlns%3D%27http%3A%2F%2Fwww.w3.org%2F2000%2Fsvg%27%20width%3D%271024%27%20height%3D%27684%27%20viewBox%3D%270%200%201024%20684%27%3E%3Crect%20width%3D%271024%27%20height%3D%27684%27%20fill-opacity%3D%220%22%2F%3E%3C%2Fsvg%3E\"><div class=\"fusion-clearfix\"><\/div><\/div><\/div><div class=\"fusion-layout-column fusion_builder_column fusion-builder-column-1 fusion_builder_column_3_4 3_4 fusion-three-fourth fusion-column-last\" style=\"--awb-padding-top:20px;--awb-padding-right:10%;--awb-padding-bottom:0px;--awb-padding-left:10%;--awb-bg-size:cover;\"><div class=\"fusion-column-wrapper fusion-flex-column-wrapper-legacy\"><div class=\"fusion-column-content-centered\"><div class=\"fusion-column-content\"><div class=\"fusion-sep-clear\"><\/div><div class=\"fusion-separator fusion-full-width-sep\" style=\"margin-left: auto;margin-right: auto;width:100%;\"><div class=\"fusion-separator-border sep-double\" style=\"--awb-height:20px;--awb-amount:20px;border-color:#e0dede;border-top-width:0px;border-bottom-width:0px;\"><\/div><\/div><div class=\"fusion-sep-clear\"><\/div><div class=\"fusion-text fusion-text-1\"><h2>La technologie AIC<\/h2>\n<\/div><div class=\"fusion-text fusion-text-2\"><h4>Mesurer la consommation de carburant avec pr\u00e9cision et fiabilit\u00e9<\/h4>\n<p>Au cours des 40 derni\u00e8res ann\u00e9es, AIC Systems a d\u00e9velopp\u00e9 la technologie de mesure directe pour une pr\u00e9cision meilleure que 1%.<\/p>\n<p>La pr\u00e9cision est la cl\u00e9 principale lorsque l&#8217;objectif est de:<\/p>\n<ul>\n<li>lutter contre le vol de carburant<\/li>\n<li>am\u00e9liorer l&#8217;efficacit\u00e9 \u00e9nerg\u00e9tique<\/li>\n<li>former et r\u00e9compenser les conducteurs ou les pilotes de bateau<\/li>\n<li>sensibiliser \u00e0 la consommation de carburant<\/li>\n<\/ul>\n<p>Les d\u00e9bitm\u00e8tres AIC fournissent aux gestionnaires de flotte, ing\u00e9nieurs, chauffeurs et pilotes un appareil de mesure fiable et pr\u00e9cis de la consommation de carburant pour leurs actions d&#8217;am\u00e9lioration continue de l&#8217;efficacit\u00e9 \u00e9nerg\u00e9tique.<\/p>\n<\/div><div class=\"fusion-text fusion-text-3\"><h4>Aucun \u00e9talonnage requis<\/h4>\n<p>Les d\u00e9bitm\u00e8tres de consommation de carburant AIC Systems sont \u00e9talonn\u00e9s d\u00e8s la fabrication. Ils offrent une pr\u00e9cision de mesure de consommation de carburant garantie.<\/p>\n<p>Par la suite, aucun \u00e9talonnage n&#8217;est n\u00e9cessaire apr\u00e8s l&#8217;installation. Ainsi, vous \u00e9conomisez du temps et de l&#8217;argent. De plus, le m\u00eame syst\u00e8me peut \u00eatre utilis\u00e9 sur une large gamme de tailles et de types de v\u00e9hicules, ce qui rend la comparaison des consommations simple, fiable et \u00e9conomique.<\/p>\n<\/div><\/div><\/div><div class=\"fusion-clearfix\"><\/div><\/div><\/div><\/div><\/div><div class=\"fusion-fullwidth fullwidth-box fusion-builder-row-2 hundred-percent-fullwidth non-hundred-percent-height-scrolling fusion-equal-height-columns\" style=\"--awb-background-position:left top;--awb-border-radius-top-left:0px;--awb-border-radius-top-right:0px;--awb-border-radius-bottom-right:0px;--awb-border-radius-bottom-left:0px;--awb-padding-top:0px;--awb-padding-right:0px;--awb-padding-bottom:0px;--awb-padding-left:0px;--awb-margin-top:0px;--awb-margin-bottom:0px;--awb-background-color:#f5f5f5;--awb-border-sizes-top:0px;--awb-border-sizes-bottom:0px;--awb-flex-wrap:wrap;\" ><div class=\"fusion-builder-row fusion-row\"><div class=\"fusion-layout-column fusion_builder_column fusion-builder-column-2 fusion_builder_column_1_4 1_4 fusion-one-fourth fusion-column-first fusion-no-small-visibility\" style=\"--awb-padding-bottom:0px;--awb-bg-image:url(&#039;https:\/\/www.flowmeter-aic.com\/fr\/wp-content\/uploads\/2018\/09\/truck-on-road-1024x683.jpg&#039;);--awb-bg-position:center center;--awb-bg-size:cover;\"><div class=\"fusion-column-wrapper fusion-flex-column-wrapper-legacy fusion-empty-column-bg-image fusion-column-has-bg-image\" data-bg-url=\"https:\/\/www.flowmeter-aic.com\/fr\/wp-content\/uploads\/2018\/09\/truck-on-road-1024x683.jpg\"><img decoding=\"async\" class=\"fusion-empty-dims-img-placeholder fusion-no-large-visibility\" alt=\"Truck equiped with AIC fuel flow meter rolling on a highway\" aria-label=\"Truck\" src=\"data:image\/svg+xml,%3Csvg%20xmlns%3D%27http%3A%2F%2Fwww.w3.org%2F2000%2Fsvg%27%20width%3D%271024%27%20height%3D%27683%27%20viewBox%3D%270%200%201024%20683%27%3E%3Crect%20width%3D%271024%27%20height%3D%27683%27%20fill-opacity%3D%220%22%2F%3E%3C%2Fsvg%3E\"><div class=\"fusion-clearfix\"><\/div><\/div><\/div><div class=\"fusion-layout-column fusion_builder_column fusion-builder-column-3 fusion_builder_column_3_4 3_4 fusion-three-fourth fusion-column-last\" style=\"--awb-padding-top:20px;--awb-padding-right:10%;--awb-padding-bottom:0px;--awb-padding-left:10%;--awb-bg-size:cover;\"><div class=\"fusion-column-wrapper fusion-flex-column-wrapper-legacy\"><div class=\"fusion-column-content-centered\"><div class=\"fusion-column-content\"><div class=\"fusion-sep-clear\"><\/div><div class=\"fusion-separator fusion-full-width-sep\" style=\"margin-left: auto;margin-right: auto;width:100%;\"><div class=\"fusion-separator-border sep-double\" style=\"--awb-height:20px;--awb-amount:20px;border-color:#e0dede;border-top-width:0px;border-bottom-width:0px;\"><\/div><\/div><div class=\"fusion-sep-clear\"><\/div><div class=\"fusion-text fusion-text-4\"><h4>Le choix id\u00e9al<\/h4>\n<p>Pour mesurer, analyser et exporter les donn\u00e9es relatives \u00e0 la consommation de carburant, les solutions de mesure directe AIC Systems repr\u00e9sentent le meilleur choix. Aucune intervention de l&#8217;utilisateur n&#8217;est requise. Les syst\u00e8mes AIC sont \u00abPlug and Play\u00bb et mesurent avec pr\u00e9cision et fiabilit\u00e9, quelles que soient les conditions. Ensuite, l&#8217;algorithme de compensation dans le calcul de la consommation totale vous assure un r\u00e9sultat pr\u00e9cis. Aucun \u00e9talonnage n&#8217;est requis apr\u00e8s l&#8217;installation. Pour toutes ces raisons, les solutions de mesure directe AIC Systems sont pr\u00e9cises, simples et faciles \u00e0 installer.<\/p>\n<h4>40 ans d&#8217;exp\u00e9rience et des r\u00e9f\u00e9rences \u00e0 travers le monde<\/h4>\n<p>D&#8217;un terrain d&#8217;essai en Arizona \u00e0 un train en Angleterre, une flotte de camions en Allemagne ou un bateau op\u00e9rant au Nig\u00e9ria, les principaux acteurs des transports et de l&#8217;industrie du monde entier comptent sur les solutions de mesure directe d&#8217;AIC Systems. Nous sommes fiers de fournir les principaux fabricants de moteurs, de machines et de camions. Pour cette raison, leurs d\u00e9partements de test, de recherche et de d\u00e9veloppement utilisent quotidiennement les solutions de mesure de consommation d\u00e9velopp\u00e9es par AIC Systems.<\/p>\n<\/div><\/div><\/div><div class=\"fusion-clearfix\"><\/div><\/div><\/div><\/div><\/div><\/p>\n","protected":false},"excerpt":{"rendered":"","protected":false},"author":2,"featured_media":0,"parent":0,"menu_order":0,"comment_status":"closed","ping_status":"closed","template":"100-width.php","meta":{"footnotes":""},"class_list":["post-14","page","type-page","status-publish","hentry"],"yoast_head":"<!-- This site is optimized with the Yoast SEO plugin v27.5 - https:\/\/yoast.com\/product\/yoast-seo-wordpress\/ -->\n<title>La technologie AIC : la pr\u00e9cision certifi\u00e9e par la mesure directe<\/title>\n<meta name=\"description\" content=\"La technologie AIC utilise la mesure directe sur ses d\u00e9bitm\u00e8tres pour un contr\u00f4le pr\u00e9cis et fiable de la consommation de carburant.\" \/>\n<meta name=\"robots\" content=\"index, follow, max-snippet:-1, max-image-preview:large, max-video-preview:-1\" \/>\n<link rel=\"canonical\" href=\"https:\/\/www.flowmeter-aic.com\/fr\/technologie-aic-mesure-directe-consommation-carburant\/\" \/>\n<meta property=\"og:locale\" content=\"en_GB\" \/>\n<meta property=\"og:type\" content=\"article\" \/>\n<meta property=\"og:title\" content=\"La technologie AIC : la pr\u00e9cision certifi\u00e9e par la mesure directe\" \/>\n<meta property=\"og:description\" content=\"La technologie AIC utilise la mesure directe sur ses d\u00e9bitm\u00e8tres pour un contr\u00f4le pr\u00e9cis et fiable de la consommation de carburant.\" \/>\n<meta property=\"og:url\" content=\"https:\/\/www.flowmeter-aic.com\/fr\/technologie-aic-mesure-directe-consommation-carburant\/\" \/>\n<meta property=\"og:site_name\" content=\"D\u00e9bitm\u00e8tres de consommation de carburant AIC\" \/>\n<meta property=\"article:modified_time\" content=\"2021-03-20T15:38:21+00:00\" \/>\n<meta name=\"twitter:card\" content=\"summary_large_image\" \/>\n<script type=\"application\/ld+json\" class=\"yoast-schema-graph\">{\"@context\":\"https:\\\/\\\/schema.org\",\"@graph\":[{\"@type\":\"WebPage\",\"@id\":\"https:\\\/\\\/www.flowmeter-aic.com\\\/fr\\\/technologie-aic-mesure-directe-consommation-carburant\\\/\",\"url\":\"https:\\\/\\\/www.flowmeter-aic.com\\\/fr\\\/technologie-aic-mesure-directe-consommation-carburant\\\/\",\"name\":\"La technologie AIC : la pr\u00e9cision certifi\u00e9e par la mesure directe\",\"isPartOf\":{\"@id\":\"https:\\\/\\\/www.flowmeter-aic.com\\\/fr\\\/#website\"},\"datePublished\":\"2016-07-11T13:08:40+00:00\",\"dateModified\":\"2021-03-20T15:38:21+00:00\",\"description\":\"La technologie AIC utilise la mesure directe sur ses d\u00e9bitm\u00e8tres pour un contr\u00f4le pr\u00e9cis et fiable de la consommation de carburant.\",\"breadcrumb\":{\"@id\":\"https:\\\/\\\/www.flowmeter-aic.com\\\/fr\\\/technologie-aic-mesure-directe-consommation-carburant\\\/#breadcrumb\"},\"inLanguage\":\"en-GB\",\"potentialAction\":[{\"@type\":\"ReadAction\",\"target\":[\"https:\\\/\\\/www.flowmeter-aic.com\\\/fr\\\/technologie-aic-mesure-directe-consommation-carburant\\\/\"]}]},{\"@type\":\"BreadcrumbList\",\"@id\":\"https:\\\/\\\/www.flowmeter-aic.com\\\/fr\\\/technologie-aic-mesure-directe-consommation-carburant\\\/#breadcrumb\",\"itemListElement\":[{\"@type\":\"ListItem\",\"position\":1,\"name\":\"Accueil\",\"item\":\"https:\\\/\\\/www.flowmeter-aic.com\\\/fr\\\/\"},{\"@type\":\"ListItem\",\"position\":2,\"name\":\"La technologie AIC\"}]},{\"@type\":\"WebSite\",\"@id\":\"https:\\\/\\\/www.flowmeter-aic.com\\\/fr\\\/#website\",\"url\":\"https:\\\/\\\/www.flowmeter-aic.com\\\/fr\\\/\",\"name\":\"AIC fuel flow meters : accurate and reliable\",\"description\":\"Des solutions pr\u00e9cises et fiables pour contr\u00f4ler votre consommation de carburant\",\"publisher\":{\"@id\":\"https:\\\/\\\/www.flowmeter-aic.com\\\/fr\\\/#organization\"},\"potentialAction\":[{\"@type\":\"SearchAction\",\"target\":{\"@type\":\"EntryPoint\",\"urlTemplate\":\"https:\\\/\\\/www.flowmeter-aic.com\\\/fr\\\/?s={search_term_string}\"},\"query-input\":{\"@type\":\"PropertyValueSpecification\",\"valueRequired\":true,\"valueName\":\"search_term_string\"}}],\"inLanguage\":\"en-GB\"},{\"@type\":\"Organization\",\"@id\":\"https:\\\/\\\/www.flowmeter-aic.com\\\/fr\\\/#organization\",\"name\":\"AIC Systems AG\",\"url\":\"https:\\\/\\\/www.flowmeter-aic.com\\\/fr\\\/\",\"logo\":{\"@type\":\"ImageObject\",\"inLanguage\":\"en-GB\",\"@id\":\"https:\\\/\\\/www.flowmeter-aic.com\\\/fr\\\/#\\\/schema\\\/logo\\\/image\\\/\",\"url\":\"https:\\\/\\\/www.flowmeter-aic.com\\\/fr\\\/wp-content\\\/uploads\\\/2018\\\/07\\\/aic_logo_web.png\",\"contentUrl\":\"https:\\\/\\\/www.flowmeter-aic.com\\\/fr\\\/wp-content\\\/uploads\\\/2018\\\/07\\\/aic_logo_web.png\",\"width\":200,\"height\":83,\"caption\":\"AIC Systems AG\"},\"image\":{\"@id\":\"https:\\\/\\\/www.flowmeter-aic.com\\\/fr\\\/#\\\/schema\\\/logo\\\/image\\\/\"},\"sameAs\":[\"https:\\\/\\\/www.linkedin.com\\\/company\\\/aic-systems-ag\\\/\"]}]}<\/script>\n<!-- \/ Yoast SEO plugin. -->","yoast_head_json":{"title":"La technologie AIC : la pr\u00e9cision certifi\u00e9e par la mesure directe","description":"La technologie AIC utilise la mesure directe sur ses d\u00e9bitm\u00e8tres pour un contr\u00f4le pr\u00e9cis et fiable de la consommation de carburant.","robots":{"index":"index","follow":"follow","max-snippet":"max-snippet:-1","max-image-preview":"max-image-preview:large","max-video-preview":"max-video-preview:-1"},"canonical":"https:\/\/www.flowmeter-aic.com\/fr\/technologie-aic-mesure-directe-consommation-carburant\/","og_locale":"en_GB","og_type":"article","og_title":"La technologie AIC : la pr\u00e9cision certifi\u00e9e par la mesure directe","og_description":"La technologie AIC utilise la mesure directe sur ses d\u00e9bitm\u00e8tres pour un contr\u00f4le pr\u00e9cis et fiable de la consommation de carburant.","og_url":"https:\/\/www.flowmeter-aic.com\/fr\/technologie-aic-mesure-directe-consommation-carburant\/","og_site_name":"D\u00e9bitm\u00e8tres de consommation de carburant AIC","article_modified_time":"2021-03-20T15:38:21+00:00","twitter_card":"summary_large_image","schema":{"@context":"https:\/\/schema.org","@graph":[{"@type":"WebPage","@id":"https:\/\/www.flowmeter-aic.com\/fr\/technologie-aic-mesure-directe-consommation-carburant\/","url":"https:\/\/www.flowmeter-aic.com\/fr\/technologie-aic-mesure-directe-consommation-carburant\/","name":"La technologie AIC : la pr\u00e9cision certifi\u00e9e par la mesure directe","isPartOf":{"@id":"https:\/\/www.flowmeter-aic.com\/fr\/#website"},"datePublished":"2016-07-11T13:08:40+00:00","dateModified":"2021-03-20T15:38:21+00:00","description":"La technologie AIC utilise la mesure directe sur ses d\u00e9bitm\u00e8tres pour un contr\u00f4le pr\u00e9cis et fiable de la consommation de carburant.","breadcrumb":{"@id":"https:\/\/www.flowmeter-aic.com\/fr\/technologie-aic-mesure-directe-consommation-carburant\/#breadcrumb"},"inLanguage":"en-GB","potentialAction":[{"@type":"ReadAction","target":["https:\/\/www.flowmeter-aic.com\/fr\/technologie-aic-mesure-directe-consommation-carburant\/"]}]},{"@type":"BreadcrumbList","@id":"https:\/\/www.flowmeter-aic.com\/fr\/technologie-aic-mesure-directe-consommation-carburant\/#breadcrumb","itemListElement":[{"@type":"ListItem","position":1,"name":"Accueil","item":"https:\/\/www.flowmeter-aic.com\/fr\/"},{"@type":"ListItem","position":2,"name":"La technologie AIC"}]},{"@type":"WebSite","@id":"https:\/\/www.flowmeter-aic.com\/fr\/#website","url":"https:\/\/www.flowmeter-aic.com\/fr\/","name":"AIC fuel flow meters : accurate and reliable","description":"Des solutions pr\u00e9cises et fiables pour contr\u00f4ler votre consommation de carburant","publisher":{"@id":"https:\/\/www.flowmeter-aic.com\/fr\/#organization"},"potentialAction":[{"@type":"SearchAction","target":{"@type":"EntryPoint","urlTemplate":"https:\/\/www.flowmeter-aic.com\/fr\/?s={search_term_string}"},"query-input":{"@type":"PropertyValueSpecification","valueRequired":true,"valueName":"search_term_string"}}],"inLanguage":"en-GB"},{"@type":"Organization","@id":"https:\/\/www.flowmeter-aic.com\/fr\/#organization","name":"AIC Systems AG","url":"https:\/\/www.flowmeter-aic.com\/fr\/","logo":{"@type":"ImageObject","inLanguage":"en-GB","@id":"https:\/\/www.flowmeter-aic.com\/fr\/#\/schema\/logo\/image\/","url":"https:\/\/www.flowmeter-aic.com\/fr\/wp-content\/uploads\/2018\/07\/aic_logo_web.png","contentUrl":"https:\/\/www.flowmeter-aic.com\/fr\/wp-content\/uploads\/2018\/07\/aic_logo_web.png","width":200,"height":83,"caption":"AIC Systems AG"},"image":{"@id":"https:\/\/www.flowmeter-aic.com\/fr\/#\/schema\/logo\/image\/"},"sameAs":["https:\/\/www.linkedin.com\/company\/aic-systems-ag\/"]}]}},"_links":{"self":[{"href":"https:\/\/www.flowmeter-aic.com\/fr\/wp-json\/wp\/v2\/pages\/14","targetHints":{"allow":["GET"]}}],"collection":[{"href":"https:\/\/www.flowmeter-aic.com\/fr\/wp-json\/wp\/v2\/pages"}],"about":[{"href":"https:\/\/www.flowmeter-aic.com\/fr\/wp-json\/wp\/v2\/types\/page"}],"author":[{"embeddable":true,"href":"https:\/\/www.flowmeter-aic.com\/fr\/wp-json\/wp\/v2\/users\/2"}],"replies":[{"embeddable":true,"href":"https:\/\/www.flowmeter-aic.com\/fr\/wp-json\/wp\/v2\/comments?post=14"}],"version-history":[{"count":7,"href":"https:\/\/www.flowmeter-aic.com\/fr\/wp-json\/wp\/v2\/pages\/14\/revisions"}],"predecessor-version":[{"id":2726,"href":"https:\/\/www.flowmeter-aic.com\/fr\/wp-json\/wp\/v2\/pages\/14\/revisions\/2726"}],"wp:attachment":[{"href":"https:\/\/www.flowmeter-aic.com\/fr\/wp-json\/wp\/v2\/media?parent=14"}],"curies":[{"name":"wp","href":"https:\/\/api.w.org\/{rel}","templated":true}]}}