{"id":1668,"date":"2018-10-26T17:23:08","date_gmt":"2018-10-26T15:23:08","guid":{"rendered":"https:\/\/www.flowmeter-aic.com\/fr\/?page_id=1668"},"modified":"2024-10-13T22:02:08","modified_gmt":"2024-10-13T20:02:08","slug":"agriculture-et-materiel-agricole","status":"publish","type":"page","link":"https:\/\/www.flowmeter-aic.com\/fr\/agriculture-et-materiel-agricole\/","title":{"rendered":"Agriculture et mat\u00e9riel agricole"},"content":{"rendered":"<p><div class=\"fusion-fullwidth fullwidth-box fusion-builder-row-1 hundred-percent-fullwidth non-hundred-percent-height-scrolling fusion-equal-height-columns\" style=\"--awb-background-position:left top;--awb-border-sizes-top:0px;--awb-border-sizes-bottom:0px;--awb-border-sizes-left:0px;--awb-border-sizes-right:0px;--awb-border-radius-top-left:0px;--awb-border-radius-top-right:0px;--awb-border-radius-bottom-right:0px;--awb-border-radius-bottom-left:0px;--awb-padding-top:0px;--awb-padding-right:0px;--awb-padding-bottom:0px;--awb-padding-left:0px;--awb-margin-top:0px;--awb-margin-bottom:0px;--awb-background-color:#f5f5f5;--awb-flex-wrap:wrap;\" ><div class=\"fusion-builder-row fusion-row\"><div class=\"fusion-layout-column fusion_builder_column fusion-builder-column-0 fusion_builder_column_1_4 1_4 fusion-one-fourth fusion-column-first fusion-no-small-visibility\" style=\"--awb-padding-bottom:0px;--awb-bg-image:url(&#039;https:\/\/www.flowmeter-aic.com\/fr\/wp-content\/uploads\/2018\/10\/agriculture-556x1024.jpg&#039;);--awb-bg-position:center center;--awb-bg-size:cover;\"><div class=\"fusion-column-wrapper fusion-flex-column-wrapper-legacy fusion-empty-column-bg-image fusion-column-has-bg-image\" data-bg-url=\"https:\/\/www.flowmeter-aic.com\/fr\/wp-content\/uploads\/2018\/10\/agriculture-556x1024.jpg\"><img decoding=\"async\" class=\"fusion-empty-dims-img-placeholder fusion-no-large-visibility\" alt=\"Tractor in a field at sunset\" aria-label=\"Tractor in a field at sunset\" src=\"data:image\/svg+xml,%3Csvg%20xmlns%3D%27http%3A%2F%2Fwww.w3.org%2F2000%2Fsvg%27%20width%3D%27556%27%20height%3D%271024%27%20viewBox%3D%270%200%20556%201024%27%3E%3Crect%20width%3D%27556%27%20height%3D%271024%27%20fill-opacity%3D%220%22%2F%3E%3C%2Fsvg%3E\"><div class=\"fusion-clearfix\"><\/div><\/div><\/div><div class=\"fusion-layout-column fusion_builder_column fusion-builder-column-1 fusion_builder_column_3_4 3_4 fusion-three-fourth fusion-column-last\" style=\"--awb-padding-top:20px;--awb-padding-right:10%;--awb-padding-bottom:0px;--awb-padding-left:10%;--awb-bg-size:cover;\"><div class=\"fusion-column-wrapper fusion-flex-column-wrapper-legacy\"><div class=\"fusion-column-content-centered\"><div class=\"fusion-column-content\"><div class=\"fusion-sep-clear\"><\/div><div class=\"fusion-separator fusion-full-width-sep\" style=\"margin-left: auto;margin-right: auto;width:100%;\"><div class=\"fusion-separator-border sep-double\" style=\"--awb-height:20px;--awb-amount:20px;border-color:#e0dede;border-top-width:0px;border-bottom-width:0px;\"><\/div><\/div><div class=\"fusion-sep-clear\"><\/div><div class=\"fusion-text fusion-text-1\"><h1 id=\"tw-target-text\" class=\"tw-data-text tw-text-large tw-ta\" dir=\"ltr\" data-placeholder=\"Traduction\"><span lang=\"fr\" tabindex=\"0\">Les solutions AIC pour l&#8217;agriculture et les engins agricoles<\/span><\/h1>\n<\/div><div class=\"fusion-text fusion-text-2\"><h4>SIMPLE ET EFFICACE<\/h4>\n<p>Les travaux agricoles n\u00e9cessitent un outil fiable. Les utilisateurs doivent pouvoir l&#8217;utiliser sans se soucier des conditions. Alors qu&#8217;ils restent concentr\u00e9s sur leur travail, la technologie AIC fonctionne pour eux, et c&#8217;est ce qui compte.<\/p>\n<p>De nos jours, l&#8217;agriculture a besoin d&#8217;outils de haute technologie pour atteindre une production rentable. Chaque param\u00e8tre doit \u00eatre optimis\u00e9 pour en tirer le meilleur parti et r\u00e9aliser des b\u00e9n\u00e9fices durables. Am\u00e9liorer les techniques agricoles aujourd&#8217;hui sera un atout pour demain.<\/p>\n<h4>ROBUSTE ET PR\u00c9CIS<\/h4>\n<p>Ainsi, les fabricants de machines agricoles et de tracteurs ont besoin d&#8217;un outil de mesure fiable et pr\u00e9cis pour en augmenter l&#8217;efficacit\u00e9 et le rendement. La consommation de carburant, bien entendu, mais aussi des informations pr\u00e9cises et en temps r\u00e9el sont des param\u00e8tres incontournables dont le fabricant de tracteurs ou de machines agricoles a besoin pour am\u00e9liorer ses produits.<\/p>\n<p>De plus, l&#8217;industrie agricole requiert un outil robuste qui sera efficace, m\u00eame dans des conditions difficiles et extr\u00eames. La pr\u00e9cision n\u2019est pas une priorit\u00e9 uniquement sur les bancs d\u2019essai: c\u2019est aussi un d\u00e9fi pour toutes les situations que l\u2019utilisateur rencontrera dans la vie r\u00e9elle!<\/p>\n<h4>BESOINS SP\u00c9CIFIQUES ? SOLUTION D\u00c9DI\u00c9E !<\/h4>\n<\/div><div class=\"fusion-builder-row fusion-builder-row-inner fusion-row\"><div class=\"fusion-layout-column fusion_builder_column_inner fusion-builder-nested-column-0 fusion_builder_column_inner_1_3 1_3 fusion-one-third fusion-column-first\" style=\"--awb-bg-color:#ffffff;--awb-bg-color-hover:#ffffff;--awb-bg-size:cover;width:33.333333333333%;width:calc(33.333333333333% - ( ( 4% + 4% ) * 0.33333333333333 ) );margin-right: 4%;\"><div class=\"fusion-column-wrapper fusion-flex-column-wrapper-legacy\"><div class=\"fusion-sep-clear\"><\/div><div class=\"fusion-separator fusion-full-width-sep\" style=\"margin-left: auto;margin-right: auto;margin-top:5px;margin-bottom:5px;width:100%;\"><div class=\"fusion-separator-border sep-double\" style=\"--awb-height:20px;--awb-amount:20px;border-color:#e0dede;border-top-width:0px;border-bottom-width:0px;\"><\/div><\/div><div class=\"fusion-sep-clear\"><\/div><div class=\"fusion-text fusion-text-3\"><h3 style=\"text-align: center;\">AIC 4000<br \/>\nNEMO<\/h3>\n<p style=\"text-align: center;\"><img decoding=\"async\" class=\"alignnone wp-image-2174 size-full\" src=\"https:\/\/www.flowmeter-aic.com\/fr\/wp-content\/uploads\/2019\/07\/4000-250x250.png\" alt=\"AIC 4000 Veritas fuel flow meter\" width=\"250\" height=\"250\" srcset=\"https:\/\/www.flowmeter-aic.com\/fr\/wp-content\/uploads\/2019\/07\/4000-250x250-66x66.png 66w, https:\/\/www.flowmeter-aic.com\/fr\/wp-content\/uploads\/2019\/07\/4000-250x250-150x150.png 150w, https:\/\/www.flowmeter-aic.com\/fr\/wp-content\/uploads\/2019\/07\/4000-250x250-200x200.png 200w, https:\/\/www.flowmeter-aic.com\/fr\/wp-content\/uploads\/2019\/07\/4000-250x250.png 250w\" sizes=\"(max-width: 250px) 100vw, 250px\" \/><\/p>\n<\/div><div class=\"fusion-sep-clear\"><\/div><div class=\"fusion-separator fusion-full-width-sep\" style=\"margin-left: auto;margin-right: auto;margin-top:5px;margin-bottom:5px;width:100%;\"><div class=\"fusion-separator-border sep-double\" style=\"--awb-height:20px;--awb-amount:20px;border-color:#e0dede;border-top-width:0px;border-bottom-width:0px;\"><\/div><\/div><div class=\"fusion-sep-clear\"><\/div><div class=\"fusion-button-wrapper fusion-aligncenter\"><a class=\"fusion-button button-flat button-small button-custom fusion-button-default button-1 fusion-button-default-span \" style=\"--button_accent_color:#ffffff;--button_accent_hover_color:#8bc34a;--button_border_hover_color:#8bc34a;--button_gradient_top_color:#8bc34a;--button_gradient_bottom_color:#8bc34a;--button_gradient_top_color_hover:#ffffff;--button_gradient_bottom_color_hover:#ffffff;\" target=\"_self\" href=\"https:\/\/www.flowmeter-aic.com\/fr\/aic-4000-debitmetres-de-carburant\/\"><span class=\"fusion-button-text awb-button__text awb-button__text--default\">Plus d&#8217;infos<\/span><\/a><\/div><div class=\"fusion-sep-clear\"><\/div><div class=\"fusion-separator fusion-full-width-sep\" style=\"margin-left: auto;margin-right: auto;margin-top:5px;margin-bottom:5px;width:100%;\"><div class=\"fusion-separator-border sep-double\" style=\"--awb-height:20px;--awb-amount:20px;border-color:#e0dede;border-top-width:0px;border-bottom-width:0px;\"><\/div><\/div><div class=\"fusion-sep-clear\"><\/div><div class=\"fusion-clearfix\"><\/div><\/div><\/div><div class=\"fusion-layout-column fusion_builder_column_inner fusion-builder-nested-column-1 fusion_builder_column_inner_1_3 1_3 fusion-one-third\" style=\"--awb-bg-color:#ffffff;--awb-bg-color-hover:#ffffff;--awb-bg-size:cover;width:33.333333333333%;width:calc(33.333333333333% - ( ( 4% + 4% ) * 0.33333333333333 ) );margin-right: 4%;\"><div class=\"fusion-column-wrapper fusion-flex-column-wrapper-legacy\"><div class=\"fusion-sep-clear\"><\/div><div class=\"fusion-separator fusion-full-width-sep\" style=\"margin-left: auto;margin-right: auto;margin-top:5px;margin-bottom:5px;width:100%;\"><div class=\"fusion-separator-border sep-double\" style=\"--awb-height:20px;--awb-amount:20px;border-color:#e0dede;border-top-width:0px;border-bottom-width:0px;\"><\/div><\/div><div class=\"fusion-sep-clear\"><\/div><div class=\"fusion-text fusion-text-4\"><h3 style=\"text-align: center;\">AIC 800<br \/>\nInstructor<\/h3>\n<p style=\"text-align: center;\"><img decoding=\"async\" class=\"alignnone wp-image-2171 size-full\" src=\"https:\/\/www.flowmeter-aic.com\/fr\/wp-content\/uploads\/2019\/07\/800-250x250.png\" alt=\"AIC 800 Instructor fuel flow meter\" width=\"250\" height=\"250\" srcset=\"https:\/\/www.flowmeter-aic.com\/fr\/wp-content\/uploads\/2019\/07\/800-250x250-66x66.png 66w, https:\/\/www.flowmeter-aic.com\/fr\/wp-content\/uploads\/2019\/07\/800-250x250-150x150.png 150w, https:\/\/www.flowmeter-aic.com\/fr\/wp-content\/uploads\/2019\/07\/800-250x250-200x200.png 200w, https:\/\/www.flowmeter-aic.com\/fr\/wp-content\/uploads\/2019\/07\/800-250x250.png 250w\" sizes=\"(max-width: 250px) 100vw, 250px\" \/><\/p>\n<\/div><div class=\"fusion-sep-clear\"><\/div><div class=\"fusion-separator fusion-full-width-sep\" style=\"margin-left: auto;margin-right: auto;margin-top:5px;margin-bottom:5px;width:100%;\"><div class=\"fusion-separator-border sep-double\" style=\"--awb-height:20px;--awb-amount:20px;border-color:#e0dede;border-top-width:0px;border-bottom-width:0px;\"><\/div><\/div><div class=\"fusion-sep-clear\"><\/div><div class=\"fusion-button-wrapper fusion-aligncenter\"><a class=\"fusion-button button-flat button-small button-custom fusion-button-default button-2 fusion-button-default-span \" style=\"--button_accent_color:#ffffff;--button_accent_hover_color:#8bc34a;--button_border_hover_color:#8bc34a;--button_gradient_top_color:#8bc34a;--button_gradient_bottom_color:#8bc34a;--button_gradient_top_color_hover:#ffffff;--button_gradient_bottom_color_hover:#ffffff;\" target=\"_self\" href=\"https:\/\/www.flowmeter-aic.com\/fr\/aic-800-instructor-debitmetre-de-carburant\/\"><span class=\"fusion-button-text awb-button__text awb-button__text--default\">Plus d&#8217;infos<\/span><\/a><\/div><div class=\"fusion-sep-clear\"><\/div><div class=\"fusion-separator fusion-full-width-sep\" style=\"margin-left: auto;margin-right: auto;margin-top:5px;margin-bottom:5px;width:100%;\"><div class=\"fusion-separator-border sep-double\" style=\"--awb-height:20px;--awb-amount:20px;border-color:#e0dede;border-top-width:0px;border-bottom-width:0px;\"><\/div><\/div><div class=\"fusion-sep-clear\"><\/div><div class=\"fusion-clearfix\"><\/div><\/div><\/div><div class=\"fusion-layout-column fusion_builder_column_inner fusion-builder-nested-column-2 fusion_builder_column_inner_1_3 1_3 fusion-one-third fusion-column-last\" style=\"--awb-bg-color:#ffffff;--awb-bg-color-hover:#ffffff;--awb-bg-size:cover;width:33.333333333333%;width:calc(33.333333333333% - ( ( 4% + 4% ) * 0.33333333333333 ) );\"><div class=\"fusion-column-wrapper fusion-flex-column-wrapper-legacy\"><div class=\"fusion-sep-clear\"><\/div><div class=\"fusion-separator fusion-full-width-sep\" style=\"margin-left: auto;margin-right: auto;margin-top:5px;margin-bottom:5px;width:100%;\"><div class=\"fusion-separator-border sep-double\" style=\"--awb-height:20px;--awb-amount:20px;border-color:#e0dede;border-top-width:0px;border-bottom-width:0px;\"><\/div><\/div><div class=\"fusion-sep-clear\"><\/div><div class=\"fusion-text fusion-text-5\"><h3 style=\"text-align: center;\">Ordinateur de bord<br \/>AIC BC 3329<\/h3>\n<p style=\"text-align: center;\"><img decoding=\"async\" class=\"alignnone size-full wp-image-2959\" src=\"https:\/\/www.flowmeter-aic.com\/fr\/wp-content\/uploads\/2022\/04\/Ordinateur-de-bord-BC3329-Vue-de-face-nouveau-20220401.png\" alt=\"Ordinateur-de-bord-BC3329-Vue-de-face-nouveau\" width=\"270\" height=\"219\" srcset=\"https:\/\/www.flowmeter-aic.com\/fr\/wp-content\/uploads\/2022\/04\/Ordinateur-de-bord-BC3329-Vue-de-face-nouveau-20220401-200x162.png 200w, https:\/\/www.flowmeter-aic.com\/fr\/wp-content\/uploads\/2022\/04\/Ordinateur-de-bord-BC3329-Vue-de-face-nouveau-20220401.png 270w\" sizes=\"(max-width: 270px) 100vw, 270px\" \/><\/p>\n<\/div><div class=\"fusion-sep-clear\"><\/div><div class=\"fusion-separator fusion-full-width-sep\" style=\"margin-left: auto;margin-right: auto;margin-top:5px;margin-bottom:5px;width:100%;\"><div class=\"fusion-separator-border sep-double\" style=\"--awb-height:20px;--awb-amount:20px;border-color:#e0dede;border-top-width:0px;border-bottom-width:0px;\"><\/div><\/div><div class=\"fusion-sep-clear\"><\/div><div class=\"fusion-button-wrapper fusion-aligncenter\"><a class=\"fusion-button button-flat button-small button-custom fusion-button-default button-3 fusion-button-default-span \" style=\"--button_accent_color:#ffffff;--button_accent_hover_color:#8bc34a;--button_border_hover_color:#8bc34a;--button_gradient_top_color:#8bc34a;--button_gradient_bottom_color:#8bc34a;--button_gradient_top_color_hover:#ffffff;--button_gradient_bottom_color_hover:#ffffff;\" target=\"_self\" href=\"https:\/\/www.flowmeter-aic.com\/fr\/aic-bc-3329-ordinateur-de-bord\/\"><span class=\"fusion-button-text awb-button__text awb-button__text--default\">Plus d&#8217;infos<\/span><\/a><\/div><div class=\"fusion-sep-clear\"><\/div><div class=\"fusion-separator fusion-full-width-sep\" style=\"margin-left: auto;margin-right: auto;margin-top:5px;margin-bottom:5px;width:100%;\"><div class=\"fusion-separator-border sep-double\" style=\"--awb-height:20px;--awb-amount:20px;border-color:#e0dede;border-top-width:0px;border-bottom-width:0px;\"><\/div><\/div><div class=\"fusion-sep-clear\"><\/div><div class=\"fusion-clearfix\"><\/div><\/div><\/div><\/div><div class=\"fusion-sep-clear\"><\/div><div class=\"fusion-separator fusion-full-width-sep\" style=\"margin-left: auto;margin-right: auto;margin-top:5px;margin-bottom:5px;width:100%;\"><div class=\"fusion-separator-border sep-double\" style=\"--awb-height:20px;--awb-amount:20px;border-color:#e0dede;border-top-width:0px;border-bottom-width:0px;\"><\/div><\/div><div class=\"fusion-sep-clear\"><\/div><\/div><\/div><div class=\"fusion-clearfix\"><\/div><\/div><\/div><\/div><\/div><div class=\"fusion-fullwidth fullwidth-box fusion-builder-row-2 video-background nonhundred-percent-fullwidth non-hundred-percent-height-scrolling fusion-no-small-visibility fusion-no-medium-visibility\" style=\"--awb-border-radius-top-left:0px;--awb-border-radius-top-right:0px;--awb-border-radius-bottom-right:0px;--awb-border-radius-bottom-left:0px;--awb-padding-top:200px;--awb-padding-bottom:200px;--awb-flex-wrap:wrap;\" ><div id=\"video-1\" class=\"fusion-background-video-wrapper\" data-vimeo-video-id=\"338418828\" data-mute=\"yes\" data-video-aspect-ratio=\"16:9\" style=\"opacity:0;\"><iframe id=\"video-iframe-1\" class=\"fusion-container-video-bg\" src=\"\/\/player.vimeo.com\/video\/338418828?html5=1&autopause=0&autoplay=1&badge=0&byline=0&autopause=0&loop=1&title=0&muted=1\" frameborder=\"0\"><\/iframe><\/div><div class=\"fusion-builder-row fusion-row\"><div class=\"fusion-layout-column fusion_builder_column fusion-builder-column-2 fusion_builder_column_1_1 1_1 fusion-one-full fusion-column-first fusion-column-last\" style=\"--awb-bg-size:cover;\"><div class=\"fusion-column-wrapper fusion-flex-column-wrapper-legacy\"><div class=\"fusion-column-content-centered\"><div class=\"fusion-column-content\"><div class=\"fusion-text fusion-text-6\"><\/div><\/div><\/div><div class=\"fusion-clearfix\"><\/div><\/div><\/div><\/div><\/div><\/p>\n","protected":false},"excerpt":{"rendered":"","protected":false},"author":2,"featured_media":0,"parent":0,"menu_order":0,"comment_status":"closed","ping_status":"closed","template":"100-width.php","meta":{"footnotes":""},"class_list":["post-1668","page","type-page","status-publish","hentry"],"yoast_head":"<!-- This site is optimized with the Yoast SEO plugin v27.5 - https:\/\/yoast.com\/product\/yoast-seo-wordpress\/ -->\n<title>Agriculture et mat\u00e9riel agricole : contr\u00f4le de la consommation de carburant<\/title>\n<meta name=\"description\" content=\"AIC a d\u00e9velopp\u00e9 une gamme de solutions pour l&#039;agriculture et l&#039;\u00e9levage en termes de consommation de carburant, d&#039;analyse et d&#039;affichage des informations.\" \/>\n<meta name=\"robots\" content=\"index, follow, max-snippet:-1, max-image-preview:large, max-video-preview:-1\" \/>\n<link rel=\"canonical\" href=\"https:\/\/www.flowmeter-aic.com\/fr\/agriculture-et-materiel-agricole\/\" \/>\n<meta property=\"og:locale\" content=\"en_GB\" \/>\n<meta property=\"og:type\" content=\"article\" \/>\n<meta property=\"og:title\" content=\"Agriculture et mat\u00e9riel agricole : contr\u00f4le de la consommation de carburant\" \/>\n<meta property=\"og:description\" content=\"AIC a d\u00e9velopp\u00e9 une gamme de solutions pour l&#039;agriculture et l&#039;\u00e9levage en termes de consommation de carburant, d&#039;analyse et d&#039;affichage des informations.\" \/>\n<meta property=\"og:url\" content=\"https:\/\/www.flowmeter-aic.com\/fr\/agriculture-et-materiel-agricole\/\" \/>\n<meta property=\"og:site_name\" content=\"D\u00e9bitm\u00e8tres de consommation de carburant AIC\" \/>\n<meta property=\"article:modified_time\" content=\"2024-10-13T20:02:08+00:00\" \/>\n<meta property=\"og:image\" content=\"https:\/\/www.flowmeter-aic.com\/fr\/wp-content\/uploads\/2019\/07\/4000-250x250.png\" \/>\n<meta name=\"twitter:card\" content=\"summary_large_image\" \/>\n<script type=\"application\/ld+json\" class=\"yoast-schema-graph\">{\"@context\":\"https:\\\/\\\/schema.org\",\"@graph\":[{\"@type\":\"WebPage\",\"@id\":\"https:\\\/\\\/www.flowmeter-aic.com\\\/fr\\\/agriculture-et-materiel-agricole\\\/\",\"url\":\"https:\\\/\\\/www.flowmeter-aic.com\\\/fr\\\/agriculture-et-materiel-agricole\\\/\",\"name\":\"Agriculture et mat\u00e9riel agricole : contr\u00f4le de la consommation de carburant\",\"isPartOf\":{\"@id\":\"https:\\\/\\\/www.flowmeter-aic.com\\\/fr\\\/#website\"},\"primaryImageOfPage\":{\"@id\":\"https:\\\/\\\/www.flowmeter-aic.com\\\/fr\\\/agriculture-et-materiel-agricole\\\/#primaryimage\"},\"image\":{\"@id\":\"https:\\\/\\\/www.flowmeter-aic.com\\\/fr\\\/agriculture-et-materiel-agricole\\\/#primaryimage\"},\"thumbnailUrl\":\"https:\\\/\\\/www.flowmeter-aic.com\\\/fr\\\/wp-content\\\/uploads\\\/2019\\\/07\\\/4000-250x250.png\",\"datePublished\":\"2018-10-26T15:23:08+00:00\",\"dateModified\":\"2024-10-13T20:02:08+00:00\",\"description\":\"AIC a d\u00e9velopp\u00e9 une gamme de solutions pour l'agriculture et l'\u00e9levage en termes de consommation de carburant, d'analyse et d'affichage des informations.\",\"breadcrumb\":{\"@id\":\"https:\\\/\\\/www.flowmeter-aic.com\\\/fr\\\/agriculture-et-materiel-agricole\\\/#breadcrumb\"},\"inLanguage\":\"en-GB\",\"potentialAction\":[{\"@type\":\"ReadAction\",\"target\":[\"https:\\\/\\\/www.flowmeter-aic.com\\\/fr\\\/agriculture-et-materiel-agricole\\\/\"]}]},{\"@type\":\"ImageObject\",\"inLanguage\":\"en-GB\",\"@id\":\"https:\\\/\\\/www.flowmeter-aic.com\\\/fr\\\/agriculture-et-materiel-agricole\\\/#primaryimage\",\"url\":\"https:\\\/\\\/www.flowmeter-aic.com\\\/fr\\\/wp-content\\\/uploads\\\/2019\\\/07\\\/4000-250x250.png\",\"contentUrl\":\"https:\\\/\\\/www.flowmeter-aic.com\\\/fr\\\/wp-content\\\/uploads\\\/2019\\\/07\\\/4000-250x250.png\"},{\"@type\":\"BreadcrumbList\",\"@id\":\"https:\\\/\\\/www.flowmeter-aic.com\\\/fr\\\/agriculture-et-materiel-agricole\\\/#breadcrumb\",\"itemListElement\":[{\"@type\":\"ListItem\",\"position\":1,\"name\":\"Accueil\",\"item\":\"https:\\\/\\\/www.flowmeter-aic.com\\\/fr\\\/\"},{\"@type\":\"ListItem\",\"position\":2,\"name\":\"Agriculture et mat\u00e9riel agricole\"}]},{\"@type\":\"WebSite\",\"@id\":\"https:\\\/\\\/www.flowmeter-aic.com\\\/fr\\\/#website\",\"url\":\"https:\\\/\\\/www.flowmeter-aic.com\\\/fr\\\/\",\"name\":\"AIC fuel flow meters : accurate and reliable\",\"description\":\"Des solutions pr\u00e9cises et fiables pour contr\u00f4ler votre consommation de carburant\",\"publisher\":{\"@id\":\"https:\\\/\\\/www.flowmeter-aic.com\\\/fr\\\/#organization\"},\"potentialAction\":[{\"@type\":\"SearchAction\",\"target\":{\"@type\":\"EntryPoint\",\"urlTemplate\":\"https:\\\/\\\/www.flowmeter-aic.com\\\/fr\\\/?s={search_term_string}\"},\"query-input\":{\"@type\":\"PropertyValueSpecification\",\"valueRequired\":true,\"valueName\":\"search_term_string\"}}],\"inLanguage\":\"en-GB\"},{\"@type\":\"Organization\",\"@id\":\"https:\\\/\\\/www.flowmeter-aic.com\\\/fr\\\/#organization\",\"name\":\"AIC Systems AG\",\"url\":\"https:\\\/\\\/www.flowmeter-aic.com\\\/fr\\\/\",\"logo\":{\"@type\":\"ImageObject\",\"inLanguage\":\"en-GB\",\"@id\":\"https:\\\/\\\/www.flowmeter-aic.com\\\/fr\\\/#\\\/schema\\\/logo\\\/image\\\/\",\"url\":\"https:\\\/\\\/www.flowmeter-aic.com\\\/fr\\\/wp-content\\\/uploads\\\/2018\\\/07\\\/aic_logo_web.png\",\"contentUrl\":\"https:\\\/\\\/www.flowmeter-aic.com\\\/fr\\\/wp-content\\\/uploads\\\/2018\\\/07\\\/aic_logo_web.png\",\"width\":200,\"height\":83,\"caption\":\"AIC Systems AG\"},\"image\":{\"@id\":\"https:\\\/\\\/www.flowmeter-aic.com\\\/fr\\\/#\\\/schema\\\/logo\\\/image\\\/\"},\"sameAs\":[\"https:\\\/\\\/www.linkedin.com\\\/company\\\/aic-systems-ag\\\/\"]}]}<\/script>\n<!-- \/ Yoast SEO plugin. -->","yoast_head_json":{"title":"Agriculture et mat\u00e9riel agricole : contr\u00f4le de la consommation de carburant","description":"AIC a d\u00e9velopp\u00e9 une gamme de solutions pour l'agriculture et l'\u00e9levage en termes de consommation de carburant, d'analyse et d'affichage des informations.","robots":{"index":"index","follow":"follow","max-snippet":"max-snippet:-1","max-image-preview":"max-image-preview:large","max-video-preview":"max-video-preview:-1"},"canonical":"https:\/\/www.flowmeter-aic.com\/fr\/agriculture-et-materiel-agricole\/","og_locale":"en_GB","og_type":"article","og_title":"Agriculture et mat\u00e9riel agricole : contr\u00f4le de la consommation de carburant","og_description":"AIC a d\u00e9velopp\u00e9 une gamme de solutions pour l'agriculture et l'\u00e9levage en termes de consommation de carburant, d'analyse et d'affichage des informations.","og_url":"https:\/\/www.flowmeter-aic.com\/fr\/agriculture-et-materiel-agricole\/","og_site_name":"D\u00e9bitm\u00e8tres de consommation de carburant AIC","article_modified_time":"2024-10-13T20:02:08+00:00","og_image":[{"url":"https:\/\/www.flowmeter-aic.com\/fr\/wp-content\/uploads\/2019\/07\/4000-250x250.png","type":"","width":"","height":""}],"twitter_card":"summary_large_image","schema":{"@context":"https:\/\/schema.org","@graph":[{"@type":"WebPage","@id":"https:\/\/www.flowmeter-aic.com\/fr\/agriculture-et-materiel-agricole\/","url":"https:\/\/www.flowmeter-aic.com\/fr\/agriculture-et-materiel-agricole\/","name":"Agriculture et mat\u00e9riel agricole : contr\u00f4le de la consommation de carburant","isPartOf":{"@id":"https:\/\/www.flowmeter-aic.com\/fr\/#website"},"primaryImageOfPage":{"@id":"https:\/\/www.flowmeter-aic.com\/fr\/agriculture-et-materiel-agricole\/#primaryimage"},"image":{"@id":"https:\/\/www.flowmeter-aic.com\/fr\/agriculture-et-materiel-agricole\/#primaryimage"},"thumbnailUrl":"https:\/\/www.flowmeter-aic.com\/fr\/wp-content\/uploads\/2019\/07\/4000-250x250.png","datePublished":"2018-10-26T15:23:08+00:00","dateModified":"2024-10-13T20:02:08+00:00","description":"AIC a d\u00e9velopp\u00e9 une gamme de solutions pour l'agriculture et l'\u00e9levage en termes de consommation de carburant, d'analyse et d'affichage des informations.","breadcrumb":{"@id":"https:\/\/www.flowmeter-aic.com\/fr\/agriculture-et-materiel-agricole\/#breadcrumb"},"inLanguage":"en-GB","potentialAction":[{"@type":"ReadAction","target":["https:\/\/www.flowmeter-aic.com\/fr\/agriculture-et-materiel-agricole\/"]}]},{"@type":"ImageObject","inLanguage":"en-GB","@id":"https:\/\/www.flowmeter-aic.com\/fr\/agriculture-et-materiel-agricole\/#primaryimage","url":"https:\/\/www.flowmeter-aic.com\/fr\/wp-content\/uploads\/2019\/07\/4000-250x250.png","contentUrl":"https:\/\/www.flowmeter-aic.com\/fr\/wp-content\/uploads\/2019\/07\/4000-250x250.png"},{"@type":"BreadcrumbList","@id":"https:\/\/www.flowmeter-aic.com\/fr\/agriculture-et-materiel-agricole\/#breadcrumb","itemListElement":[{"@type":"ListItem","position":1,"name":"Accueil","item":"https:\/\/www.flowmeter-aic.com\/fr\/"},{"@type":"ListItem","position":2,"name":"Agriculture et mat\u00e9riel agricole"}]},{"@type":"WebSite","@id":"https:\/\/www.flowmeter-aic.com\/fr\/#website","url":"https:\/\/www.flowmeter-aic.com\/fr\/","name":"AIC fuel flow meters : accurate and reliable","description":"Des solutions pr\u00e9cises et fiables pour contr\u00f4ler votre consommation de carburant","publisher":{"@id":"https:\/\/www.flowmeter-aic.com\/fr\/#organization"},"potentialAction":[{"@type":"SearchAction","target":{"@type":"EntryPoint","urlTemplate":"https:\/\/www.flowmeter-aic.com\/fr\/?s={search_term_string}"},"query-input":{"@type":"PropertyValueSpecification","valueRequired":true,"valueName":"search_term_string"}}],"inLanguage":"en-GB"},{"@type":"Organization","@id":"https:\/\/www.flowmeter-aic.com\/fr\/#organization","name":"AIC Systems AG","url":"https:\/\/www.flowmeter-aic.com\/fr\/","logo":{"@type":"ImageObject","inLanguage":"en-GB","@id":"https:\/\/www.flowmeter-aic.com\/fr\/#\/schema\/logo\/image\/","url":"https:\/\/www.flowmeter-aic.com\/fr\/wp-content\/uploads\/2018\/07\/aic_logo_web.png","contentUrl":"https:\/\/www.flowmeter-aic.com\/fr\/wp-content\/uploads\/2018\/07\/aic_logo_web.png","width":200,"height":83,"caption":"AIC Systems AG"},"image":{"@id":"https:\/\/www.flowmeter-aic.com\/fr\/#\/schema\/logo\/image\/"},"sameAs":["https:\/\/www.linkedin.com\/company\/aic-systems-ag\/"]}]}},"_links":{"self":[{"href":"https:\/\/www.flowmeter-aic.com\/fr\/wp-json\/wp\/v2\/pages\/1668","targetHints":{"allow":["GET"]}}],"collection":[{"href":"https:\/\/www.flowmeter-aic.com\/fr\/wp-json\/wp\/v2\/pages"}],"about":[{"href":"https:\/\/www.flowmeter-aic.com\/fr\/wp-json\/wp\/v2\/types\/page"}],"author":[{"embeddable":true,"href":"https:\/\/www.flowmeter-aic.com\/fr\/wp-json\/wp\/v2\/users\/2"}],"replies":[{"embeddable":true,"href":"https:\/\/www.flowmeter-aic.com\/fr\/wp-json\/wp\/v2\/comments?post=1668"}],"version-history":[{"count":23,"href":"https:\/\/www.flowmeter-aic.com\/fr\/wp-json\/wp\/v2\/pages\/1668\/revisions"}],"predecessor-version":[{"id":3053,"href":"https:\/\/www.flowmeter-aic.com\/fr\/wp-json\/wp\/v2\/pages\/1668\/revisions\/3053"}],"wp:attachment":[{"href":"https:\/\/www.flowmeter-aic.com\/fr\/wp-json\/wp\/v2\/media?parent=1668"}],"curies":[{"name":"wp","href":"https:\/\/api.w.org\/{rel}","templated":true}]}}