{"id":1704,"date":"2018-10-29T09:41:59","date_gmt":"2018-10-29T08:41:59","guid":{"rendered":"https:\/\/www.flowmeter-aic.com\/fr\/?page_id=1704"},"modified":"2024-10-13T22:10:01","modified_gmt":"2024-10-13T20:10:01","slug":"consommation-de-carburant-des-utilitaires-et-vehicules-commerciaux","status":"publish","type":"page","link":"https:\/\/www.flowmeter-aic.com\/fr\/consommation-de-carburant-des-utilitaires-et-vehicules-commerciaux\/","title":{"rendered":"Contr\u00f4le de consommation des v\u00e9hicules commerciaux et utilitaires"},"content":{"rendered":"<div class=\"fusion-fullwidth fullwidth-box fusion-builder-row-1 hundred-percent-fullwidth non-hundred-percent-height-scrolling fusion-equal-height-columns\" style=\"--awb-background-position:left top;--awb-border-sizes-top:0px;--awb-border-sizes-bottom:0px;--awb-border-sizes-left:0px;--awb-border-sizes-right:0px;--awb-border-radius-top-left:0px;--awb-border-radius-top-right:0px;--awb-border-radius-bottom-right:0px;--awb-border-radius-bottom-left:0px;--awb-padding-top:0px;--awb-padding-right:0px;--awb-padding-bottom:0px;--awb-padding-left:0px;--awb-margin-top:0px;--awb-margin-bottom:0px;--awb-background-color:#f5f5f5;--awb-flex-wrap:wrap;\" ><div class=\"fusion-builder-row fusion-row\"><div class=\"fusion-layout-column fusion_builder_column fusion-builder-column-0 fusion_builder_column_1_4 1_4 fusion-one-fourth fusion-column-first fusion-no-small-visibility\" style=\"--awb-padding-bottom:0px;--awb-bg-image:url(&#039;https:\/\/www.flowmeter-aic.com\/fr\/wp-content\/uploads\/2018\/10\/van-delivery-534x1024.jpg&#039;);--awb-bg-position:center center;--awb-bg-size:cover;\"><div class=\"fusion-column-wrapper fusion-flex-column-wrapper-legacy fusion-empty-column-bg-image fusion-column-has-bg-image\" data-bg-url=\"https:\/\/www.flowmeter-aic.com\/fr\/wp-content\/uploads\/2018\/10\/van-delivery-534x1024.jpg\"><img decoding=\"async\" class=\"fusion-empty-dims-img-placeholder fusion-no-large-visibility\" alt=\"Cute delivery girl\" aria-label=\"Cute delivery girl\" src=\"data:image\/svg+xml,%3Csvg%20xmlns%3D%27http%3A%2F%2Fwww.w3.org%2F2000%2Fsvg%27%20width%3D%27534%27%20height%3D%271024%27%20viewBox%3D%270%200%20534%201024%27%3E%3Crect%20width%3D%27534%27%20height%3D%271024%27%20fill-opacity%3D%220%22%2F%3E%3C%2Fsvg%3E\"><div class=\"fusion-clearfix\"><\/div><\/div><\/div><div class=\"fusion-layout-column fusion_builder_column fusion-builder-column-1 fusion_builder_column_3_4 3_4 fusion-three-fourth fusion-column-last\" style=\"--awb-padding-top:20px;--awb-padding-right:10%;--awb-padding-bottom:0px;--awb-padding-left:10%;--awb-bg-size:cover;\"><div class=\"fusion-column-wrapper fusion-flex-column-wrapper-legacy\"><div class=\"fusion-column-content-centered\"><div class=\"fusion-column-content\"><div class=\"fusion-sep-clear\"><\/div><div class=\"fusion-separator fusion-full-width-sep\" style=\"margin-left: auto;margin-right: auto;width:100%;\"><div class=\"fusion-separator-border sep-double\" style=\"--awb-height:20px;--awb-amount:20px;border-color:#e0dede;border-top-width:0px;border-bottom-width:0px;\"><\/div><\/div><div class=\"fusion-sep-clear\"><\/div><div class=\"fusion-text fusion-text-1\"><h1>Optimisez la consommation de carburant de vos v\u00e9hicules commerciaux et utilitaires<\/h1>\n<\/div><div class=\"fusion-text fusion-text-2\"><h4>PETIT MOTEUR, GROS POTENTIEL !<\/h4>\n<p>Aujourd&#8217;hui, les constructeurs de v\u00e9hicules utilitaires &#8211; comme les camionnettes &#8211; ont besoin d&#8217;une solution fiable pour mesurer la consommation de carburant. Depuis 1978, les d\u00e9bitm\u00e8tres AIC de fabrication suisse donnent des r\u00e9sultats pr\u00e9cis et fiables en termes de consommation d&#8217;essence ou de diesel sur les moteurs \u00e0 combustion.<\/p>\n<h4>PASSEZ AU VERT<\/h4>\n<p>Le prix du gasoil continue de fluctuer et personne ne sait, aujourd&#8217;hui, s&#8217;il y aura une limite. Les moteurs \u00e0 essence et diesel restant la r\u00e9f\u00e9rence dans les prochaines ann\u00e9es, les constructeurs de v\u00e9hicules utilitaires et commerciaux doivent optimiser la consommation de carburant des v\u00e9hicules. Les syst\u00e8mes AIC vous offrent un outil simple bas\u00e9 sur le <a href=\"https:\/\/www.flowmeter-aic.com\/fr\/mesure-directe-consommation-carburant\/\">principe de mesure directe<\/a>.<br \/>\nNos d\u00e9bitm\u00e8tres donnent \u00e9galement d&#8217;excellents r\u00e9sultats avec des carburants alternatifs comme le HVO (huile v\u00e9g\u00e9tale hydrotrait\u00e9e) ou RME (Rapeseed Methyl Ester).<\/p>\n<h4>FAISONS SIMPLE<\/h4>\n<p>Facile \u00e0 monter sur n&#8217;importe quel v\u00e9hicule commercial ou utilitaire, sans \u00e9talonnage requis, votre consommation de carburant devient facile \u00e0 surveiller, avec des r\u00e9sultats pr\u00e9cis. Le d\u00e9bitm\u00e8tre de carburant de fabrication suisse AIC est con\u00e7u pour r\u00e9pondre \u00e0 vos exigences les plus \u00e9lev\u00e9es sur tous les types de v\u00e9hicules commerciaux et utilitaires. Le principe de mesure directe garantit des r\u00e9sultats pr\u00e9cis et fiables, m\u00eame dans des conditions difficiles, voire extr\u00eames.<br \/>\nAvez-vous des exigences sp\u00e9cifiques? Nous avons la solution d\u00e9di\u00e9e. Alors, contactez-nous. Notre ing\u00e9nieur commercial se fera un plaisir de vous rappeler.<\/p>\n<h4>NOS SOLUTIONS POUR LES V\u00c9HICULES UTILITAIRES ET COMMERCIAUX<\/h4>\n<\/div><div class=\"fusion-builder-row fusion-builder-row-inner fusion-row\"><div class=\"fusion-layout-column fusion_builder_column_inner fusion-builder-nested-column-0 fusion_builder_column_inner_1_3 1_3 fusion-one-third fusion-column-first\" style=\"--awb-bg-color:#ffffff;--awb-bg-color-hover:#ffffff;--awb-bg-size:cover;width:33.333333333333%;width:calc(33.333333333333% - ( ( 4% ) * 0.33333333333333 ) );margin-right: 4%;\"><div class=\"fusion-column-wrapper fusion-flex-column-wrapper-legacy\"><div class=\"fusion-sep-clear\"><\/div><div class=\"fusion-separator fusion-full-width-sep\" style=\"margin-left: auto;margin-right: auto;margin-top:5px;margin-bottom:5px;width:100%;\"><div class=\"fusion-separator-border sep-double\" style=\"--awb-height:20px;--awb-amount:20px;border-color:#e0dede;border-top-width:0px;border-bottom-width:0px;\"><\/div><\/div><div class=\"fusion-sep-clear\"><\/div><div class=\"fusion-text fusion-text-3\"><h3 style=\"text-align: center;\">AIC 700 NEMO<\/h3>\n<p style=\"text-align: center;\"><img decoding=\"async\" class=\"alignnone wp-image-2773\" title=\"debitmetre aic 700 nemo\" src=\"https:\/\/www.flowmeter-aic.com\/fr\/wp-content\/uploads\/2021\/10\/IMG_8135-AIC-700-400x473-1-254x300.png\" alt=\"D\u00e9bitm\u00e8tre AIC 700 NEMO\" width=\"270\" height=\"319\" srcset=\"https:\/\/www.flowmeter-aic.com\/fr\/wp-content\/uploads\/2021\/10\/IMG_8135-AIC-700-400x473-1-200x237.png 200w, https:\/\/www.flowmeter-aic.com\/fr\/wp-content\/uploads\/2021\/10\/IMG_8135-AIC-700-400x473-1-254x300.png 254w, https:\/\/www.flowmeter-aic.com\/fr\/wp-content\/uploads\/2021\/10\/IMG_8135-AIC-700-400x473-1.png 400w\" sizes=\"(max-width: 270px) 100vw, 270px\" \/><\/p>\n<\/div><div class=\"fusion-button-wrapper fusion-aligncenter\"><a class=\"fusion-button button-flat button-small button-custom fusion-button-default button-1 fusion-button-default-span \" style=\"--button_accent_color:#ffffff;--button_accent_hover_color:#8bc34a;--button_border_hover_color:#8bc34a;--button_gradient_top_color:#8bc34a;--button_gradient_bottom_color:#8bc34a;--button_gradient_top_color_hover:#ffffff;--button_gradient_bottom_color_hover:#ffffff;\" target=\"_self\" href=\"https:\/\/www.flowmeter-aic.com\/fr\/debitmetre-aic-700-nemo\/\"><span class=\"fusion-button-text awb-button__text awb-button__text--default\">Plus d&#8217;infos<\/span><\/a><\/div><div class=\"fusion-sep-clear\"><\/div><div class=\"fusion-separator fusion-full-width-sep\" style=\"margin-left: auto;margin-right: auto;margin-top:5px;margin-bottom:5px;width:100%;\"><div class=\"fusion-separator-border sep-double\" style=\"--awb-height:20px;--awb-amount:20px;border-color:#e0dede;border-top-width:0px;border-bottom-width:0px;\"><\/div><\/div><div class=\"fusion-sep-clear\"><\/div><div class=\"fusion-clearfix\"><\/div><\/div><\/div><div class=\"fusion-layout-column fusion_builder_column_inner fusion-builder-nested-column-1 fusion_builder_column_inner_1_3 1_3 fusion-one-third fusion-column-last\" style=\"--awb-bg-color:#ffffff;--awb-bg-color-hover:#ffffff;--awb-bg-size:cover;width:33.333333333333%;width:calc(33.333333333333% - ( ( 4% ) * 0.33333333333333 ) );\"><div class=\"fusion-column-wrapper fusion-flex-column-wrapper-legacy\"><div class=\"fusion-sep-clear\"><\/div><div class=\"fusion-separator fusion-full-width-sep\" style=\"margin-left: auto;margin-right: auto;margin-top:5px;margin-bottom:5px;width:100%;\"><div class=\"fusion-separator-border sep-double\" style=\"--awb-height:20px;--awb-amount:20px;border-color:#e0dede;border-top-width:0px;border-bottom-width:0px;\"><\/div><\/div><div class=\"fusion-sep-clear\"><\/div><div class=\"fusion-text fusion-text-4\"><h3 style=\"text-align: center;\">Ordinateur de bord<br \/>AIC BC 3329<\/h3>\n<p style=\"text-align: center;\"><img decoding=\"async\" class=\"alignnone size-full wp-image-2959\" src=\"https:\/\/www.flowmeter-aic.com\/fr\/wp-content\/uploads\/2022\/04\/Ordinateur-de-bord-BC3329-Vue-de-face-nouveau-20220401.png\" alt=\"Ordinateur-de-bord-BC3329-Vue-de-face-nouveau\" width=\"270\" height=\"219\" srcset=\"https:\/\/www.flowmeter-aic.com\/fr\/wp-content\/uploads\/2022\/04\/Ordinateur-de-bord-BC3329-Vue-de-face-nouveau-20220401-200x162.png 200w, https:\/\/www.flowmeter-aic.com\/fr\/wp-content\/uploads\/2022\/04\/Ordinateur-de-bord-BC3329-Vue-de-face-nouveau-20220401.png 270w\" sizes=\"(max-width: 270px) 100vw, 270px\" \/><\/p>\n<\/div><div class=\"fusion-sep-clear\"><\/div><div class=\"fusion-separator fusion-full-width-sep\" style=\"margin-left: auto;margin-right: auto;margin-top:5px;margin-bottom:5px;width:100%;\"><div class=\"fusion-separator-border sep-double\" style=\"--awb-height:20px;--awb-amount:20px;border-color:#e0dede;border-top-width:0px;border-bottom-width:0px;\"><\/div><\/div><div class=\"fusion-sep-clear\"><\/div><div class=\"fusion-sep-clear\"><\/div><div class=\"fusion-separator fusion-full-width-sep\" style=\"margin-left: auto;margin-right: auto;margin-top:5px;margin-bottom:5px;width:100%;\"><div class=\"fusion-separator-border sep-double\" style=\"--awb-height:20px;--awb-amount:20px;border-color:#e0dede;border-top-width:0px;border-bottom-width:0px;\"><\/div><\/div><div class=\"fusion-sep-clear\"><\/div><div class=\"fusion-button-wrapper fusion-aligncenter\"><a class=\"fusion-button button-flat button-small button-custom fusion-button-default button-2 fusion-button-default-span \" style=\"--button_accent_color:#ffffff;--button_accent_hover_color:#8bc34a;--button_border_hover_color:#8bc34a;--button_gradient_top_color:#8bc34a;--button_gradient_bottom_color:#8bc34a;--button_gradient_top_color_hover:#ffffff;--button_gradient_bottom_color_hover:#ffffff;\" target=\"_self\" href=\"https:\/\/www.flowmeter-aic.com\/fr\/aic-bc-3329-ordinateur-de-bord\/\"><span class=\"fusion-button-text awb-button__text awb-button__text--default\">Plus d&#8217;infos<\/span><\/a><\/div><div class=\"fusion-sep-clear\"><\/div><div class=\"fusion-separator fusion-full-width-sep\" style=\"margin-left: auto;margin-right: auto;margin-top:5px;margin-bottom:5px;width:100%;\"><div class=\"fusion-separator-border sep-double\" style=\"--awb-height:20px;--awb-amount:20px;border-color:#e0dede;border-top-width:0px;border-bottom-width:0px;\"><\/div><\/div><div class=\"fusion-sep-clear\"><\/div><div class=\"fusion-clearfix\"><\/div><\/div><\/div><\/div><div class=\"fusion-sep-clear\"><\/div><div class=\"fusion-separator fusion-full-width-sep\" style=\"margin-left: auto;margin-right: auto;margin-top:5px;margin-bottom:5px;width:100%;\"><div class=\"fusion-separator-border sep-double\" style=\"--awb-height:20px;--awb-amount:20px;border-color:#e0dede;border-top-width:0px;border-bottom-width:0px;\"><\/div><\/div><div class=\"fusion-sep-clear\"><\/div><\/div><\/div><div class=\"fusion-clearfix\"><\/div><\/div><\/div><\/div><\/div>\n","protected":false},"excerpt":{"rendered":"","protected":false},"author":2,"featured_media":0,"parent":0,"menu_order":0,"comment_status":"closed","ping_status":"closed","template":"100-width.php","meta":{"footnotes":""},"class_list":["post-1704","page","type-page","status-publish","hentry"],"yoast_head":"<!-- This site is optimized with the Yoast SEO plugin v27.5 - https:\/\/yoast.com\/product\/yoast-seo-wordpress\/ -->\n<title>Optimisez la consommation de carburant de vos v\u00e9hicules utilitaires<\/title>\n<meta name=\"description\" content=\"Facile \u00e0 monter sur n&#039;importe quel utilitaire, sans \u00e9talonnage requis, votre consommation de carburant est mesur\u00e9e avec pr\u00e9cision et fiabilit\u00e9.\" \/>\n<meta name=\"robots\" content=\"index, follow, max-snippet:-1, max-image-preview:large, max-video-preview:-1\" \/>\n<link rel=\"canonical\" href=\"https:\/\/www.flowmeter-aic.com\/fr\/consommation-de-carburant-des-utilitaires-et-vehicules-commerciaux\/\" \/>\n<meta property=\"og:locale\" content=\"en_GB\" \/>\n<meta property=\"og:type\" content=\"article\" \/>\n<meta property=\"og:title\" content=\"Optimisez la consommation de carburant de vos v\u00e9hicules utilitaires\" \/>\n<meta property=\"og:description\" content=\"Facile \u00e0 monter sur n&#039;importe quel utilitaire, sans \u00e9talonnage requis, votre consommation de carburant est mesur\u00e9e avec pr\u00e9cision et fiabilit\u00e9.\" \/>\n<meta property=\"og:url\" content=\"https:\/\/www.flowmeter-aic.com\/fr\/consommation-de-carburant-des-utilitaires-et-vehicules-commerciaux\/\" \/>\n<meta property=\"og:site_name\" content=\"D\u00e9bitm\u00e8tres de consommation de carburant AIC\" \/>\n<meta property=\"article:modified_time\" content=\"2024-10-13T20:10:01+00:00\" \/>\n<meta property=\"og:image\" content=\"https:\/\/www.flowmeter-aic.com\/fr\/wp-content\/uploads\/2021\/10\/IMG_8135-AIC-700-400x473-1-254x300.png\" \/>\n<meta name=\"twitter:card\" content=\"summary_large_image\" \/>\n<script type=\"application\/ld+json\" class=\"yoast-schema-graph\">{\"@context\":\"https:\\\/\\\/schema.org\",\"@graph\":[{\"@type\":\"WebPage\",\"@id\":\"https:\\\/\\\/www.flowmeter-aic.com\\\/fr\\\/consommation-de-carburant-des-utilitaires-et-vehicules-commerciaux\\\/\",\"url\":\"https:\\\/\\\/www.flowmeter-aic.com\\\/fr\\\/consommation-de-carburant-des-utilitaires-et-vehicules-commerciaux\\\/\",\"name\":\"Optimisez la consommation de carburant de vos v\u00e9hicules utilitaires\",\"isPartOf\":{\"@id\":\"https:\\\/\\\/www.flowmeter-aic.com\\\/fr\\\/#website\"},\"primaryImageOfPage\":{\"@id\":\"https:\\\/\\\/www.flowmeter-aic.com\\\/fr\\\/consommation-de-carburant-des-utilitaires-et-vehicules-commerciaux\\\/#primaryimage\"},\"image\":{\"@id\":\"https:\\\/\\\/www.flowmeter-aic.com\\\/fr\\\/consommation-de-carburant-des-utilitaires-et-vehicules-commerciaux\\\/#primaryimage\"},\"thumbnailUrl\":\"https:\\\/\\\/www.flowmeter-aic.com\\\/fr\\\/wp-content\\\/uploads\\\/2021\\\/10\\\/IMG_8135-AIC-700-400x473-1-254x300.png\",\"datePublished\":\"2018-10-29T08:41:59+00:00\",\"dateModified\":\"2024-10-13T20:10:01+00:00\",\"description\":\"Facile \u00e0 monter sur n'importe quel utilitaire, sans \u00e9talonnage requis, votre consommation de carburant est mesur\u00e9e avec pr\u00e9cision et fiabilit\u00e9.\",\"breadcrumb\":{\"@id\":\"https:\\\/\\\/www.flowmeter-aic.com\\\/fr\\\/consommation-de-carburant-des-utilitaires-et-vehicules-commerciaux\\\/#breadcrumb\"},\"inLanguage\":\"en-GB\",\"potentialAction\":[{\"@type\":\"ReadAction\",\"target\":[\"https:\\\/\\\/www.flowmeter-aic.com\\\/fr\\\/consommation-de-carburant-des-utilitaires-et-vehicules-commerciaux\\\/\"]}]},{\"@type\":\"ImageObject\",\"inLanguage\":\"en-GB\",\"@id\":\"https:\\\/\\\/www.flowmeter-aic.com\\\/fr\\\/consommation-de-carburant-des-utilitaires-et-vehicules-commerciaux\\\/#primaryimage\",\"url\":\"https:\\\/\\\/www.flowmeter-aic.com\\\/fr\\\/wp-content\\\/uploads\\\/2021\\\/10\\\/IMG_8135-AIC-700-400x473-1.png\",\"contentUrl\":\"https:\\\/\\\/www.flowmeter-aic.com\\\/fr\\\/wp-content\\\/uploads\\\/2021\\\/10\\\/IMG_8135-AIC-700-400x473-1.png\",\"width\":400,\"height\":473,\"caption\":\"D\u00e9bitm\u00e8tre AIC 700 NEMO\"},{\"@type\":\"BreadcrumbList\",\"@id\":\"https:\\\/\\\/www.flowmeter-aic.com\\\/fr\\\/consommation-de-carburant-des-utilitaires-et-vehicules-commerciaux\\\/#breadcrumb\",\"itemListElement\":[{\"@type\":\"ListItem\",\"position\":1,\"name\":\"Accueil\",\"item\":\"https:\\\/\\\/www.flowmeter-aic.com\\\/fr\\\/\"},{\"@type\":\"ListItem\",\"position\":2,\"name\":\"Contr\u00f4le de consommation des v\u00e9hicules commerciaux et utilitaires\"}]},{\"@type\":\"WebSite\",\"@id\":\"https:\\\/\\\/www.flowmeter-aic.com\\\/fr\\\/#website\",\"url\":\"https:\\\/\\\/www.flowmeter-aic.com\\\/fr\\\/\",\"name\":\"AIC fuel flow meters : accurate and reliable\",\"description\":\"Des solutions pr\u00e9cises et fiables pour contr\u00f4ler votre consommation de carburant\",\"publisher\":{\"@id\":\"https:\\\/\\\/www.flowmeter-aic.com\\\/fr\\\/#organization\"},\"potentialAction\":[{\"@type\":\"SearchAction\",\"target\":{\"@type\":\"EntryPoint\",\"urlTemplate\":\"https:\\\/\\\/www.flowmeter-aic.com\\\/fr\\\/?s={search_term_string}\"},\"query-input\":{\"@type\":\"PropertyValueSpecification\",\"valueRequired\":true,\"valueName\":\"search_term_string\"}}],\"inLanguage\":\"en-GB\"},{\"@type\":\"Organization\",\"@id\":\"https:\\\/\\\/www.flowmeter-aic.com\\\/fr\\\/#organization\",\"name\":\"AIC Systems AG\",\"url\":\"https:\\\/\\\/www.flowmeter-aic.com\\\/fr\\\/\",\"logo\":{\"@type\":\"ImageObject\",\"inLanguage\":\"en-GB\",\"@id\":\"https:\\\/\\\/www.flowmeter-aic.com\\\/fr\\\/#\\\/schema\\\/logo\\\/image\\\/\",\"url\":\"https:\\\/\\\/www.flowmeter-aic.com\\\/fr\\\/wp-content\\\/uploads\\\/2018\\\/07\\\/aic_logo_web.png\",\"contentUrl\":\"https:\\\/\\\/www.flowmeter-aic.com\\\/fr\\\/wp-content\\\/uploads\\\/2018\\\/07\\\/aic_logo_web.png\",\"width\":200,\"height\":83,\"caption\":\"AIC Systems AG\"},\"image\":{\"@id\":\"https:\\\/\\\/www.flowmeter-aic.com\\\/fr\\\/#\\\/schema\\\/logo\\\/image\\\/\"},\"sameAs\":[\"https:\\\/\\\/www.linkedin.com\\\/company\\\/aic-systems-ag\\\/\"]}]}<\/script>\n<!-- \/ Yoast SEO plugin. -->","yoast_head_json":{"title":"Optimisez la consommation de carburant de vos v\u00e9hicules utilitaires","description":"Facile \u00e0 monter sur n'importe quel utilitaire, sans \u00e9talonnage requis, votre consommation de carburant est mesur\u00e9e avec pr\u00e9cision et fiabilit\u00e9.","robots":{"index":"index","follow":"follow","max-snippet":"max-snippet:-1","max-image-preview":"max-image-preview:large","max-video-preview":"max-video-preview:-1"},"canonical":"https:\/\/www.flowmeter-aic.com\/fr\/consommation-de-carburant-des-utilitaires-et-vehicules-commerciaux\/","og_locale":"en_GB","og_type":"article","og_title":"Optimisez la consommation de carburant de vos v\u00e9hicules utilitaires","og_description":"Facile \u00e0 monter sur n'importe quel utilitaire, sans \u00e9talonnage requis, votre consommation de carburant est mesur\u00e9e avec pr\u00e9cision et fiabilit\u00e9.","og_url":"https:\/\/www.flowmeter-aic.com\/fr\/consommation-de-carburant-des-utilitaires-et-vehicules-commerciaux\/","og_site_name":"D\u00e9bitm\u00e8tres de consommation de carburant AIC","article_modified_time":"2024-10-13T20:10:01+00:00","og_image":[{"url":"https:\/\/www.flowmeter-aic.com\/fr\/wp-content\/uploads\/2021\/10\/IMG_8135-AIC-700-400x473-1-254x300.png","type":"","width":"","height":""}],"twitter_card":"summary_large_image","schema":{"@context":"https:\/\/schema.org","@graph":[{"@type":"WebPage","@id":"https:\/\/www.flowmeter-aic.com\/fr\/consommation-de-carburant-des-utilitaires-et-vehicules-commerciaux\/","url":"https:\/\/www.flowmeter-aic.com\/fr\/consommation-de-carburant-des-utilitaires-et-vehicules-commerciaux\/","name":"Optimisez la consommation de carburant de vos v\u00e9hicules utilitaires","isPartOf":{"@id":"https:\/\/www.flowmeter-aic.com\/fr\/#website"},"primaryImageOfPage":{"@id":"https:\/\/www.flowmeter-aic.com\/fr\/consommation-de-carburant-des-utilitaires-et-vehicules-commerciaux\/#primaryimage"},"image":{"@id":"https:\/\/www.flowmeter-aic.com\/fr\/consommation-de-carburant-des-utilitaires-et-vehicules-commerciaux\/#primaryimage"},"thumbnailUrl":"https:\/\/www.flowmeter-aic.com\/fr\/wp-content\/uploads\/2021\/10\/IMG_8135-AIC-700-400x473-1-254x300.png","datePublished":"2018-10-29T08:41:59+00:00","dateModified":"2024-10-13T20:10:01+00:00","description":"Facile \u00e0 monter sur n'importe quel utilitaire, sans \u00e9talonnage requis, votre consommation de carburant est mesur\u00e9e avec pr\u00e9cision et fiabilit\u00e9.","breadcrumb":{"@id":"https:\/\/www.flowmeter-aic.com\/fr\/consommation-de-carburant-des-utilitaires-et-vehicules-commerciaux\/#breadcrumb"},"inLanguage":"en-GB","potentialAction":[{"@type":"ReadAction","target":["https:\/\/www.flowmeter-aic.com\/fr\/consommation-de-carburant-des-utilitaires-et-vehicules-commerciaux\/"]}]},{"@type":"ImageObject","inLanguage":"en-GB","@id":"https:\/\/www.flowmeter-aic.com\/fr\/consommation-de-carburant-des-utilitaires-et-vehicules-commerciaux\/#primaryimage","url":"https:\/\/www.flowmeter-aic.com\/fr\/wp-content\/uploads\/2021\/10\/IMG_8135-AIC-700-400x473-1.png","contentUrl":"https:\/\/www.flowmeter-aic.com\/fr\/wp-content\/uploads\/2021\/10\/IMG_8135-AIC-700-400x473-1.png","width":400,"height":473,"caption":"D\u00e9bitm\u00e8tre AIC 700 NEMO"},{"@type":"BreadcrumbList","@id":"https:\/\/www.flowmeter-aic.com\/fr\/consommation-de-carburant-des-utilitaires-et-vehicules-commerciaux\/#breadcrumb","itemListElement":[{"@type":"ListItem","position":1,"name":"Accueil","item":"https:\/\/www.flowmeter-aic.com\/fr\/"},{"@type":"ListItem","position":2,"name":"Contr\u00f4le de consommation des v\u00e9hicules commerciaux et utilitaires"}]},{"@type":"WebSite","@id":"https:\/\/www.flowmeter-aic.com\/fr\/#website","url":"https:\/\/www.flowmeter-aic.com\/fr\/","name":"AIC fuel flow meters : accurate and reliable","description":"Des solutions pr\u00e9cises et fiables pour contr\u00f4ler votre consommation de carburant","publisher":{"@id":"https:\/\/www.flowmeter-aic.com\/fr\/#organization"},"potentialAction":[{"@type":"SearchAction","target":{"@type":"EntryPoint","urlTemplate":"https:\/\/www.flowmeter-aic.com\/fr\/?s={search_term_string}"},"query-input":{"@type":"PropertyValueSpecification","valueRequired":true,"valueName":"search_term_string"}}],"inLanguage":"en-GB"},{"@type":"Organization","@id":"https:\/\/www.flowmeter-aic.com\/fr\/#organization","name":"AIC Systems AG","url":"https:\/\/www.flowmeter-aic.com\/fr\/","logo":{"@type":"ImageObject","inLanguage":"en-GB","@id":"https:\/\/www.flowmeter-aic.com\/fr\/#\/schema\/logo\/image\/","url":"https:\/\/www.flowmeter-aic.com\/fr\/wp-content\/uploads\/2018\/07\/aic_logo_web.png","contentUrl":"https:\/\/www.flowmeter-aic.com\/fr\/wp-content\/uploads\/2018\/07\/aic_logo_web.png","width":200,"height":83,"caption":"AIC Systems AG"},"image":{"@id":"https:\/\/www.flowmeter-aic.com\/fr\/#\/schema\/logo\/image\/"},"sameAs":["https:\/\/www.linkedin.com\/company\/aic-systems-ag\/"]}]}},"_links":{"self":[{"href":"https:\/\/www.flowmeter-aic.com\/fr\/wp-json\/wp\/v2\/pages\/1704","targetHints":{"allow":["GET"]}}],"collection":[{"href":"https:\/\/www.flowmeter-aic.com\/fr\/wp-json\/wp\/v2\/pages"}],"about":[{"href":"https:\/\/www.flowmeter-aic.com\/fr\/wp-json\/wp\/v2\/types\/page"}],"author":[{"embeddable":true,"href":"https:\/\/www.flowmeter-aic.com\/fr\/wp-json\/wp\/v2\/users\/2"}],"replies":[{"embeddable":true,"href":"https:\/\/www.flowmeter-aic.com\/fr\/wp-json\/wp\/v2\/comments?post=1704"}],"version-history":[{"count":18,"href":"https:\/\/www.flowmeter-aic.com\/fr\/wp-json\/wp\/v2\/pages\/1704\/revisions"}],"predecessor-version":[{"id":3058,"href":"https:\/\/www.flowmeter-aic.com\/fr\/wp-json\/wp\/v2\/pages\/1704\/revisions\/3058"}],"wp:attachment":[{"href":"https:\/\/www.flowmeter-aic.com\/fr\/wp-json\/wp\/v2\/media?parent=1704"}],"curies":[{"name":"wp","href":"https:\/\/api.w.org\/{rel}","templated":true}]}}