{"id":2284,"date":"2019-11-13T09:49:42","date_gmt":"2019-11-13T08:49:42","guid":{"rendered":"https:\/\/www.flowmeter-aic.com\/fr\/?page_id=2284"},"modified":"2023-06-25T11:33:45","modified_gmt":"2023-06-25T09:33:45","slug":"location-de-debitmetre-aic-rental","status":"publish","type":"page","link":"https:\/\/www.flowmeter-aic.com\/fr\/location-de-debitmetre-aic-rental\/","title":{"rendered":"Offre de location- AIC Rental"},"content":{"rendered":"<div class=\"fusion-fullwidth fullwidth-box fusion-builder-row-1 hundred-percent-fullwidth non-hundred-percent-height-scrolling fusion-equal-height-columns\" style=\"--awb-background-position:left top;--awb-border-radius-top-left:0px;--awb-border-radius-top-right:0px;--awb-border-radius-bottom-right:0px;--awb-border-radius-bottom-left:0px;--awb-padding-top:0px;--awb-padding-right:0px;--awb-padding-bottom:0px;--awb-padding-left:0px;--awb-margin-top:0px;--awb-margin-bottom:0px;--awb-background-color:#f5f5f5;--awb-border-sizes-top:0px;--awb-border-sizes-bottom:0px;--awb-flex-wrap:wrap;\" ><div class=\"fusion-builder-row fusion-row\"><div class=\"fusion-layout-column fusion_builder_column fusion-builder-column-0 fusion_builder_column_1_4 1_4 fusion-one-fourth fusion-column-first fusion-no-small-visibility\" style=\"--awb-padding-top:20px;--awb-padding-right:20px;--awb-padding-bottom:20px;--awb-padding-left:20px;--awb-bg-position:center center;--awb-bg-size:cover;\"><div class=\"fusion-column-wrapper fusion-column-has-shadow fusion-flex-column-wrapper-legacy\"><div class=\"fusion-image-element in-legacy-container\" style=\"--awb-caption-title-font-family:var(--h2_typography-font-family);--awb-caption-title-font-weight:var(--h2_typography-font-weight);--awb-caption-title-font-style:var(--h2_typography-font-style);--awb-caption-title-size:var(--h2_typography-font-size);--awb-caption-title-transform:var(--h2_typography-text-transform);--awb-caption-title-line-height:var(--h2_typography-line-height);--awb-caption-title-letter-spacing:var(--h2_typography-letter-spacing);\"><span class=\" fusion-imageframe imageframe-none imageframe-1 hover-type-none\"><img decoding=\"async\" width=\"400\" height=\"301\" alt=\"AIC Rental gives you the flexibility your job requires with the Swiss performance and productivity you do expect\" title=\"logo-AICrent-400&#215;301-web\" src=\"https:\/\/www.flowmeter-aic.com\/fr\/wp-content\/uploads\/2019\/11\/logo-AICrent-400x301-web.png\" class=\"img-responsive wp-image-2297\" srcset=\"https:\/\/www.flowmeter-aic.com\/fr\/wp-content\/uploads\/2019\/11\/logo-AICrent-400x301-web-200x151.png 200w, https:\/\/www.flowmeter-aic.com\/fr\/wp-content\/uploads\/2019\/11\/logo-AICrent-400x301-web.png 400w\" sizes=\"(max-width: 1025px) 100vw, 400px\" \/><\/span><\/div><div class=\"fusion-sep-clear\"><\/div><div class=\"fusion-separator fusion-full-width-sep\" style=\"margin-left: auto;margin-right: auto;margin-top:40px;margin-bottom:30px;width:100%;\"><div class=\"fusion-separator-border sep-double\" style=\"--awb-height:20px;--awb-amount:20px;border-color:#e0dede;border-top-width:0px;border-bottom-width:0px;\"><\/div><\/div><div class=\"fusion-sep-clear\"><\/div><div class=\"fusion-image-element in-legacy-container\" style=\"--awb-caption-title-font-family:var(--h2_typography-font-family);--awb-caption-title-font-weight:var(--h2_typography-font-weight);--awb-caption-title-font-style:var(--h2_typography-font-style);--awb-caption-title-size:var(--h2_typography-font-size);--awb-caption-title-transform:var(--h2_typography-text-transform);--awb-caption-title-line-height:var(--h2_typography-line-height);--awb-caption-title-letter-spacing:var(--h2_typography-letter-spacing);\"><span class=\" fusion-imageframe imageframe-none imageframe-2 hover-type-none\"><img decoding=\"async\" width=\"680\" height=\"1024\" alt=\"Excavator on worksite using AIC Rentals facilities\" title=\"excavator-on-worksite\" src=\"https:\/\/www.flowmeter-aic.com\/fr\/wp-content\/uploads\/2019\/11\/excavator-on-worksite-680x1024.jpg\" class=\"img-responsive wp-image-2291\" srcset=\"https:\/\/www.flowmeter-aic.com\/fr\/wp-content\/uploads\/2019\/11\/excavator-on-worksite-200x301.jpg 200w, https:\/\/www.flowmeter-aic.com\/fr\/wp-content\/uploads\/2019\/11\/excavator-on-worksite-400x602.jpg 400w, https:\/\/www.flowmeter-aic.com\/fr\/wp-content\/uploads\/2019\/11\/excavator-on-worksite-600x903.jpg 600w, https:\/\/www.flowmeter-aic.com\/fr\/wp-content\/uploads\/2019\/11\/excavator-on-worksite.jpg 797w\" sizes=\"(max-width: 1025px) 100vw, 680px\" \/><\/span><\/div><div class=\"fusion-clearfix\"><\/div><\/div><\/div><div class=\"fusion-layout-column fusion_builder_column fusion-builder-column-1 fusion_builder_column_3_4 3_4 fusion-three-fourth fusion-column-last\" style=\"--awb-padding-top:20px;--awb-padding-right:10%;--awb-padding-bottom:0px;--awb-padding-left:10%;--awb-bg-size:cover;\"><div class=\"fusion-column-wrapper fusion-flex-column-wrapper-legacy\"><div class=\"fusion-column-content-centered\"><div class=\"fusion-column-content\"><div class=\"fusion-sep-clear\"><\/div><div class=\"fusion-separator fusion-full-width-sep\" style=\"margin-left: auto;margin-right: auto;width:100%;\"><div class=\"fusion-separator-border sep-double\" style=\"--awb-height:20px;--awb-amount:20px;border-color:#e0dede;border-top-width:0px;border-bottom-width:0px;\"><\/div><\/div><div class=\"fusion-sep-clear\"><\/div><div class=\"fusion-text fusion-text-1\"><h1>Louez votre solution de mesure de consommation<\/h1>\n<\/div><div class=\"fusion-text fusion-text-2\"><p>Notre offre de location <em>AIC Rental<\/em> vous offre la flexibilit\u00e9 alli\u00e9e avec les performances et la productivit\u00e9 suisses que vous attendez. Sur simple appel, vous pouvez obtenir l&#8217;\u00e9quipement dont vous avez besoin. Peu importent le nombre et la dur\u00e9e.<br \/>\nEn travaillant ensemble, nous concevrons une solution qui vous aidera \u00e0 d\u00e9velopper votre entreprise tout en ma\u00eetrisant les risques et les co\u00fbts.<\/p>\n<h4>Les avantages de choisir le mat\u00e9riel <em>AIC Rental<\/em><\/h4>\n<p>Les \u00e9quipements de location <em>AIC Rental<\/em> sont con\u00e7us pour r\u00e9sister aux conditions extr\u00eames des chantiers et aux environnements de travail difficiles. Tout est test\u00e9 et entretenu pour r\u00e9pondre \u00e0 des normes de qualit\u00e9 tr\u00e8s strictes. Vous obtiendrez les derni\u00e8res technologies de productivit\u00e9 et de s\u00e9curit\u00e9 avec des options de surveillance des \u00e9quipements de pointe et des commandes automatis\u00e9es innovantes.<\/p>\n<h4>Quand AIC devient LA solution<\/h4>\n<p>Il y a des circonstances o\u00f9 une solution d&#8217;\u00e9quipement temporaire offre des avantages importants. Si vous avez un besoin temporaire d&#8217;un d\u00e9bitm\u00e8tre pour \u00e9valuer la consommation d&#8217;un moteur, les solutions d&#8217;<em>AIC Rental<\/em> constituent une opportunit\u00e9 \u00e9conomique de compl\u00e9ter votre \u00e9quipement. La location est \u00e9galement un excellent moyen de tester un mod\u00e8le que vous envisagez d&#8217;acheter ou de r\u00e9duire les d\u00e9penses tout en augmentant les capacit\u00e9s.<\/p>\n<p>Les autres avantages de la location comprennent:<\/p>\n<ul>\n<li>Contrats flexibles quotidiens, hebdomadaires, mensuels et \u00e0 plus long terme<\/li>\n<li>Capacit\u00e9 \u00e0 accepter des missions plus importantes et \u00e0 conserver votre tr\u00e9sorerie<\/li>\n<li>Votre \u00e9conomie est rationnelle pour un b\u00e9n\u00e9fice net plus \u00e9lev\u00e9<\/li>\n<\/ul>\n<p>De l&#8217;achat, \u00e0 la location, en passant par la location avec option d&#8217;achat (LOA), AIC vous offre une vari\u00e9t\u00e9 de produits et de services \u00e0 la carte.<\/p>\n<\/div><div class=\"fusion-text fusion-text-3\"><h4 class=\"fusion-responsive-typography-calculated\" data-fontsize=\"22\" data-lineheight=\"33px\">&gt; Contactez-nous pour d\u00e9couvrir tout ce que <em>AIC Rental<\/em> peut faire pour vous.<\/h4>\n<h4><\/h4>\n<\/div><\/div><\/div><div class=\"fusion-clearfix\"><\/div><\/div><\/div><\/div><\/div>\n","protected":false},"excerpt":{"rendered":"","protected":false},"author":2,"featured_media":0,"parent":0,"menu_order":0,"comment_status":"closed","ping_status":"closed","template":"100-width.php","meta":{"footnotes":""},"class_list":["post-2284","page","type-page","status-publish","hentry"],"yoast_head":"<!-- This site is optimized with the Yoast SEO plugin v27.5 - https:\/\/yoast.com\/product\/yoast-seo-wordpress\/ -->\n<title>AIC Rental - Louez nos d\u00e9bitm\u00e8tres pour un co\u00fbt ma\u00eetris\u00e9<\/title>\n<meta name=\"description\" content=\"Envie de tester nos solutions de consommation de carburant? AIC Rental est l\u00e0 pour vous! Obtenez le meilleur de nos produits sans engagement.\" \/>\n<meta name=\"robots\" content=\"index, follow, max-snippet:-1, max-image-preview:large, max-video-preview:-1\" \/>\n<link rel=\"canonical\" href=\"https:\/\/www.flowmeter-aic.com\/fr\/location-de-debitmetre-aic-rental\/\" \/>\n<meta property=\"og:locale\" content=\"en_GB\" \/>\n<meta property=\"og:type\" content=\"article\" \/>\n<meta property=\"og:title\" content=\"AIC Rental - Louez nos d\u00e9bitm\u00e8tres pour un co\u00fbt ma\u00eetris\u00e9\" \/>\n<meta property=\"og:description\" content=\"Envie de tester nos solutions de consommation de carburant? AIC Rental est l\u00e0 pour vous! Obtenez le meilleur de nos produits sans engagement.\" \/>\n<meta property=\"og:url\" content=\"https:\/\/www.flowmeter-aic.com\/fr\/location-de-debitmetre-aic-rental\/\" \/>\n<meta property=\"og:site_name\" content=\"D\u00e9bitm\u00e8tres de consommation de carburant AIC\" \/>\n<meta property=\"article:modified_time\" content=\"2023-06-25T09:33:45+00:00\" \/>\n<meta name=\"twitter:card\" content=\"summary_large_image\" \/>\n<script type=\"application\/ld+json\" class=\"yoast-schema-graph\">{\"@context\":\"https:\\\/\\\/schema.org\",\"@graph\":[{\"@type\":\"WebPage\",\"@id\":\"https:\\\/\\\/www.flowmeter-aic.com\\\/fr\\\/location-de-debitmetre-aic-rental\\\/\",\"url\":\"https:\\\/\\\/www.flowmeter-aic.com\\\/fr\\\/location-de-debitmetre-aic-rental\\\/\",\"name\":\"AIC Rental - Louez nos d\u00e9bitm\u00e8tres pour un co\u00fbt ma\u00eetris\u00e9\",\"isPartOf\":{\"@id\":\"https:\\\/\\\/www.flowmeter-aic.com\\\/fr\\\/#website\"},\"datePublished\":\"2019-11-13T08:49:42+00:00\",\"dateModified\":\"2023-06-25T09:33:45+00:00\",\"description\":\"Envie de tester nos solutions de consommation de carburant? AIC Rental est l\u00e0 pour vous! Obtenez le meilleur de nos produits sans engagement.\",\"breadcrumb\":{\"@id\":\"https:\\\/\\\/www.flowmeter-aic.com\\\/fr\\\/location-de-debitmetre-aic-rental\\\/#breadcrumb\"},\"inLanguage\":\"en-GB\",\"potentialAction\":[{\"@type\":\"ReadAction\",\"target\":[\"https:\\\/\\\/www.flowmeter-aic.com\\\/fr\\\/location-de-debitmetre-aic-rental\\\/\"]}]},{\"@type\":\"BreadcrumbList\",\"@id\":\"https:\\\/\\\/www.flowmeter-aic.com\\\/fr\\\/location-de-debitmetre-aic-rental\\\/#breadcrumb\",\"itemListElement\":[{\"@type\":\"ListItem\",\"position\":1,\"name\":\"Accueil\",\"item\":\"https:\\\/\\\/www.flowmeter-aic.com\\\/fr\\\/\"},{\"@type\":\"ListItem\",\"position\":2,\"name\":\"Offre de location- AIC Rental\"}]},{\"@type\":\"WebSite\",\"@id\":\"https:\\\/\\\/www.flowmeter-aic.com\\\/fr\\\/#website\",\"url\":\"https:\\\/\\\/www.flowmeter-aic.com\\\/fr\\\/\",\"name\":\"AIC fuel flow meters : accurate and reliable\",\"description\":\"Des solutions pr\u00e9cises et fiables pour contr\u00f4ler votre consommation de carburant\",\"publisher\":{\"@id\":\"https:\\\/\\\/www.flowmeter-aic.com\\\/fr\\\/#organization\"},\"potentialAction\":[{\"@type\":\"SearchAction\",\"target\":{\"@type\":\"EntryPoint\",\"urlTemplate\":\"https:\\\/\\\/www.flowmeter-aic.com\\\/fr\\\/?s={search_term_string}\"},\"query-input\":{\"@type\":\"PropertyValueSpecification\",\"valueRequired\":true,\"valueName\":\"search_term_string\"}}],\"inLanguage\":\"en-GB\"},{\"@type\":\"Organization\",\"@id\":\"https:\\\/\\\/www.flowmeter-aic.com\\\/fr\\\/#organization\",\"name\":\"AIC Systems AG\",\"url\":\"https:\\\/\\\/www.flowmeter-aic.com\\\/fr\\\/\",\"logo\":{\"@type\":\"ImageObject\",\"inLanguage\":\"en-GB\",\"@id\":\"https:\\\/\\\/www.flowmeter-aic.com\\\/fr\\\/#\\\/schema\\\/logo\\\/image\\\/\",\"url\":\"https:\\\/\\\/www.flowmeter-aic.com\\\/fr\\\/wp-content\\\/uploads\\\/2018\\\/07\\\/aic_logo_web.png\",\"contentUrl\":\"https:\\\/\\\/www.flowmeter-aic.com\\\/fr\\\/wp-content\\\/uploads\\\/2018\\\/07\\\/aic_logo_web.png\",\"width\":200,\"height\":83,\"caption\":\"AIC Systems AG\"},\"image\":{\"@id\":\"https:\\\/\\\/www.flowmeter-aic.com\\\/fr\\\/#\\\/schema\\\/logo\\\/image\\\/\"},\"sameAs\":[\"https:\\\/\\\/www.linkedin.com\\\/company\\\/aic-systems-ag\\\/\"]}]}<\/script>\n<!-- \/ Yoast SEO plugin. -->","yoast_head_json":{"title":"AIC Rental - Louez nos d\u00e9bitm\u00e8tres pour un co\u00fbt ma\u00eetris\u00e9","description":"Envie de tester nos solutions de consommation de carburant? AIC Rental est l\u00e0 pour vous! Obtenez le meilleur de nos produits sans engagement.","robots":{"index":"index","follow":"follow","max-snippet":"max-snippet:-1","max-image-preview":"max-image-preview:large","max-video-preview":"max-video-preview:-1"},"canonical":"https:\/\/www.flowmeter-aic.com\/fr\/location-de-debitmetre-aic-rental\/","og_locale":"en_GB","og_type":"article","og_title":"AIC Rental - Louez nos d\u00e9bitm\u00e8tres pour un co\u00fbt ma\u00eetris\u00e9","og_description":"Envie de tester nos solutions de consommation de carburant? AIC Rental est l\u00e0 pour vous! Obtenez le meilleur de nos produits sans engagement.","og_url":"https:\/\/www.flowmeter-aic.com\/fr\/location-de-debitmetre-aic-rental\/","og_site_name":"D\u00e9bitm\u00e8tres de consommation de carburant AIC","article_modified_time":"2023-06-25T09:33:45+00:00","twitter_card":"summary_large_image","schema":{"@context":"https:\/\/schema.org","@graph":[{"@type":"WebPage","@id":"https:\/\/www.flowmeter-aic.com\/fr\/location-de-debitmetre-aic-rental\/","url":"https:\/\/www.flowmeter-aic.com\/fr\/location-de-debitmetre-aic-rental\/","name":"AIC Rental - Louez nos d\u00e9bitm\u00e8tres pour un co\u00fbt ma\u00eetris\u00e9","isPartOf":{"@id":"https:\/\/www.flowmeter-aic.com\/fr\/#website"},"datePublished":"2019-11-13T08:49:42+00:00","dateModified":"2023-06-25T09:33:45+00:00","description":"Envie de tester nos solutions de consommation de carburant? AIC Rental est l\u00e0 pour vous! Obtenez le meilleur de nos produits sans engagement.","breadcrumb":{"@id":"https:\/\/www.flowmeter-aic.com\/fr\/location-de-debitmetre-aic-rental\/#breadcrumb"},"inLanguage":"en-GB","potentialAction":[{"@type":"ReadAction","target":["https:\/\/www.flowmeter-aic.com\/fr\/location-de-debitmetre-aic-rental\/"]}]},{"@type":"BreadcrumbList","@id":"https:\/\/www.flowmeter-aic.com\/fr\/location-de-debitmetre-aic-rental\/#breadcrumb","itemListElement":[{"@type":"ListItem","position":1,"name":"Accueil","item":"https:\/\/www.flowmeter-aic.com\/fr\/"},{"@type":"ListItem","position":2,"name":"Offre de location- AIC Rental"}]},{"@type":"WebSite","@id":"https:\/\/www.flowmeter-aic.com\/fr\/#website","url":"https:\/\/www.flowmeter-aic.com\/fr\/","name":"AIC fuel flow meters : accurate and reliable","description":"Des solutions pr\u00e9cises et fiables pour contr\u00f4ler votre consommation de carburant","publisher":{"@id":"https:\/\/www.flowmeter-aic.com\/fr\/#organization"},"potentialAction":[{"@type":"SearchAction","target":{"@type":"EntryPoint","urlTemplate":"https:\/\/www.flowmeter-aic.com\/fr\/?s={search_term_string}"},"query-input":{"@type":"PropertyValueSpecification","valueRequired":true,"valueName":"search_term_string"}}],"inLanguage":"en-GB"},{"@type":"Organization","@id":"https:\/\/www.flowmeter-aic.com\/fr\/#organization","name":"AIC Systems AG","url":"https:\/\/www.flowmeter-aic.com\/fr\/","logo":{"@type":"ImageObject","inLanguage":"en-GB","@id":"https:\/\/www.flowmeter-aic.com\/fr\/#\/schema\/logo\/image\/","url":"https:\/\/www.flowmeter-aic.com\/fr\/wp-content\/uploads\/2018\/07\/aic_logo_web.png","contentUrl":"https:\/\/www.flowmeter-aic.com\/fr\/wp-content\/uploads\/2018\/07\/aic_logo_web.png","width":200,"height":83,"caption":"AIC Systems AG"},"image":{"@id":"https:\/\/www.flowmeter-aic.com\/fr\/#\/schema\/logo\/image\/"},"sameAs":["https:\/\/www.linkedin.com\/company\/aic-systems-ag\/"]}]}},"_links":{"self":[{"href":"https:\/\/www.flowmeter-aic.com\/fr\/wp-json\/wp\/v2\/pages\/2284","targetHints":{"allow":["GET"]}}],"collection":[{"href":"https:\/\/www.flowmeter-aic.com\/fr\/wp-json\/wp\/v2\/pages"}],"about":[{"href":"https:\/\/www.flowmeter-aic.com\/fr\/wp-json\/wp\/v2\/types\/page"}],"author":[{"embeddable":true,"href":"https:\/\/www.flowmeter-aic.com\/fr\/wp-json\/wp\/v2\/users\/2"}],"replies":[{"embeddable":true,"href":"https:\/\/www.flowmeter-aic.com\/fr\/wp-json\/wp\/v2\/comments?post=2284"}],"version-history":[{"count":21,"href":"https:\/\/www.flowmeter-aic.com\/fr\/wp-json\/wp\/v2\/pages\/2284\/revisions"}],"predecessor-version":[{"id":2995,"href":"https:\/\/www.flowmeter-aic.com\/fr\/wp-json\/wp\/v2\/pages\/2284\/revisions\/2995"}],"wp:attachment":[{"href":"https:\/\/www.flowmeter-aic.com\/fr\/wp-json\/wp\/v2\/media?parent=2284"}],"curies":[{"name":"wp","href":"https:\/\/api.w.org\/{rel}","templated":true}]}}