{"id":2769,"date":"2021-10-08T03:24:41","date_gmt":"2021-10-08T01:24:41","guid":{"rendered":"https:\/\/www.flowmeter-aic.com\/fr\/?page_id=2769"},"modified":"2025-02-24T18:07:15","modified_gmt":"2025-02-24T17:07:15","slug":"debitmetre-aic-700-nemo","status":"publish","type":"page","link":"https:\/\/www.flowmeter-aic.com\/fr\/debitmetre-aic-700-nemo\/","title":{"rendered":"D\u00e9bitm\u00e8tre AIC 700 NEMO"},"content":{"rendered":"<div class=\"fusion-fullwidth fullwidth-box fusion-builder-row-1 nonhundred-percent-fullwidth non-hundred-percent-height-scrolling\" style=\"--awb-border-radius-top-left:0px;--awb-border-radius-top-right:0px;--awb-border-radius-bottom-right:0px;--awb-border-radius-bottom-left:0px;--awb-flex-wrap:wrap;\" ><div class=\"fusion-builder-row fusion-row\"><div class=\"fusion-layout-column fusion_builder_column fusion-builder-column-0 fusion_builder_column_1_4 1_4 fusion-one-fourth fusion-column-first\" style=\"--awb-bg-size:cover;width:25%;width:calc(25% - ( ( 4% + 4% ) * 0.25 ) );margin-right: 4%;\"><div class=\"fusion-column-wrapper fusion-flex-column-wrapper-legacy\"><div class=\"fusion-widget-area awb-widget-area-element fusion-widget-area-1 fusion-content-widget-area\" style=\"--awb-title-size:45px;--awb-title-color:#333c4e;--awb-padding:0px 0px 0px 0px;\"><style type=\"text\/css\" data-id=\"avada-vertical-menu-widget-2\">#avada-vertical-menu-widget-2 > ul.menu { margin-top: -8px; }<\/style><div id=\"avada-vertical-menu-widget-2\" class=\"widget avada_vertical_menu\"><style>#fusion-vertical-menu-widget-avada-vertical-menu-widget-2-nav ul.menu li a {font-size:16px;}<\/style><nav id=\"fusion-vertical-menu-widget-avada-vertical-menu-widget-2-nav\" class=\"fusion-vertical-menu-widget fusion-menu hover left no-border\" aria-label=\"Secondary Navigation: \"><ul id=\"menu-products-menu\" class=\"menu\"><li id=\"menu-item-2814\" class=\"menu-item menu-item-type-post_type menu-item-object-page menu-item-2814\"><a href=\"https:\/\/www.flowmeter-aic.com\/fr\/aic-300\/\"><span class=\"link-text\"> AIC 300<\/span><span class=\"arrow\"><\/span><\/a><\/li><li id=\"menu-item-2796\" class=\"menu-item menu-item-type-post_type menu-item-object-page menu-item-2796\"><a href=\"https:\/\/www.flowmeter-aic.com\/fr\/debitmetre-massique-aic-400-nemo\/\"><span class=\"link-text\"> AIC 400 NEMO<\/span><span class=\"arrow\"><\/span><\/a><\/li><li id=\"menu-item-2784\" class=\"menu-item menu-item-type-post_type menu-item-object-page menu-item-2784\"><a href=\"https:\/\/www.flowmeter-aic.com\/fr\/debitmetre-aic-700-nemo\/\"><span class=\"link-text\"> AIC 700 NEMO<\/span><span class=\"arrow\"><\/span><\/a><\/li><li id=\"menu-item-2485\" class=\"menu-item menu-item-type-post_type menu-item-object-page menu-item-2485\"><a href=\"https:\/\/www.flowmeter-aic.com\/fr\/aic-900-debitmetre-de-carburant\/\"><span class=\"link-text\"> AIC 900<\/span><span class=\"arrow\"><\/span><\/a><\/li><li id=\"menu-item-2018\" class=\"menu-item menu-item-type-post_type menu-item-object-page menu-item-2018\"><a href=\"https:\/\/www.flowmeter-aic.com\/fr\/debitmetre-de-carburant-aic-1200\/\"><span class=\"link-text\"> AIC 1200<\/span><span class=\"arrow\"><\/span><\/a><\/li><li id=\"menu-item-1323\" class=\"menu-item menu-item-type-post_type menu-item-object-page menu-item-1323\"><a href=\"https:\/\/www.flowmeter-aic.com\/fr\/aic-4000-nemo-debitmetres-de-carburant\/\"><span class=\"link-text\"> AIC 4000 NEMO<\/span><span class=\"arrow\"><\/span><\/a><\/li><li id=\"menu-item-2459\" class=\"menu-item menu-item-type-post_type menu-item-object-page menu-item-2459\"><a href=\"https:\/\/www.flowmeter-aic.com\/fr\/debitmetre-de-carburant-sur-les-bancs-dessai-aic-5000\/\"><span class=\"link-text\"> AIC 5000<\/span><span class=\"arrow\"><\/span><\/a><\/li><li id=\"menu-item-2457\" class=\"menu-item menu-item-type-post_type menu-item-object-page menu-item-2457\"><a href=\"https:\/\/www.flowmeter-aic.com\/fr\/aic-6000-uniflowmaster-debitmetre-carburant\/\"><span class=\"link-text\"> AIC 6000<\/span><span class=\"arrow\"><\/span><\/a><\/li><li id=\"menu-item-2466\" class=\"menu-item menu-item-type-post_type menu-item-object-page menu-item-2466\"><a href=\"https:\/\/www.flowmeter-aic.com\/fr\/debitmetre-avec-affichage-du-co2-en-temps-reel\/\"><span class=\"link-text\"> AIC 7000 NEMO<\/span><span class=\"arrow\"><\/span><\/a><\/li><li id=\"menu-item-2156\" class=\"menu-item menu-item-type-post_type menu-item-object-page menu-item-2156\"><a href=\"https:\/\/www.flowmeter-aic.com\/fr\/aic-bc-3329-ordinateur-de-bord\/\"><span class=\"link-text\"> AIC BC 3329<\/span><span class=\"arrow\"><\/span><\/a><\/li><li id=\"menu-item-2841\" class=\"menu-item menu-item-type-post_type menu-item-object-page menu-item-2841\"><a href=\"https:\/\/www.flowmeter-aic.com\/fr\/aic-rd-100\/\"><span class=\"link-text\"> AIC RD 100<\/span><span class=\"arrow\"><\/span><\/a><\/li><li id=\"menu-item-2855\" class=\"menu-item menu-item-type-post_type menu-item-object-page menu-item-2855\"><a href=\"https:\/\/www.flowmeter-aic.com\/fr\/aic-press-ride-application\/\"><span class=\"link-text\"> AIC Press Ride Application<\/span><span class=\"arrow\"><\/span><\/a><\/li><li id=\"menu-item-2827\" class=\"menu-item menu-item-type-post_type menu-item-object-page menu-item-2827\"><a href=\"https:\/\/www.flowmeter-aic.com\/fr\/set-aic-700-nemo\/\"><span class=\"link-text\"> Set AIC 700 NEMO<\/span><span class=\"arrow\"><\/span><\/a><\/li><\/ul><\/nav><\/div><div class=\"fusion-additional-widget-content\"><\/div><\/div><div class=\"fusion-clearfix\"><\/div><\/div><\/div><div class=\"fusion-layout-column fusion_builder_column fusion-builder-column-1 fusion_builder_column_1_2 1_2 fusion-one-half\" style=\"--awb-bg-size:cover;width:50%;width:calc(50% - ( ( 4% + 4% ) * 0.5 ) );margin-right: 4%;\"><div class=\"fusion-column-wrapper fusion-flex-column-wrapper-legacy\"><div class=\"fusion-text fusion-text-1\"><h2><span style=\"color: #004d83;\">D\u00e9bitm\u00e8tre AIC 700 NEMO<\/span><\/h2>\n<\/div><div class=\"fusion-text fusion-text-2\"><div class=\"fusion-text fusion-text-1\">\u00a0<\/div>\n<div class=\"fusion-text fusion-text-2\">\n<p>Affichez et enregistrez les donn\u00e9es de consommation de carburant instantan\u00e9es en termes de volume, masse et d&#8217;\u00e9missions de CO2 de la mani\u00e8re la plus simple et la plus pr\u00e9cise. Le nouveau compteur de consommation de carburant AIC 700 NEMO et <a href=\"https:\/\/www.flowmeter-aic.com\/fr\/aic-bc-3329-ordinateur-de-bord\/\">l&#8217;ordinateur de bord 3329 avec un grand \u00e9cran LCD<\/a> et une prise en main intuitive sont de bonnes raisons de choisir la solution tout-en-un AIC.<\/p>\n<p>Les avantages:<\/p>\n<ul class=\"arrow\">\n<li>Les donn\u00e9es CSV sont facilement r\u00e9cup\u00e9rables avec une cl\u00e9 USB format\u00e9e FAT 32<\/li>\n<li>Excellent rapport qualit\u00e9-prix<\/li>\n<li>Large gamme d&#8217;applications (essence, diesel, alcools et liquide de refroidissement) sans recalibrer l&#8217;ensemble du syst\u00e8me pour chaque liquide<\/li>\n<\/ul>\n<\/div>\n<div class=\"fusion-text fusion-text-3\">\n<h3 class=\"fusion-responsive-typography-calculated\" data-fontsize=\"22\" data-lineheight=\"31.9px\">Pr\u00e9cis &amp; robuste<\/h3>\n<\/div>\n<div class=\"fusion-text fusion-text-4\">\n<p>Afin de r\u00e9pondre aux exigences contemporaines, un instrument de mesure de haute qualit\u00e9 comprenant une syst\u00e8me d\u2019acquisition de donn\u00e9es fiable est n\u00e9cessaire pour r\u00e9pondre aux sp\u00e9ci cations de performance.<\/p>\n<p>L&#8217;AIC 700 NEMO a \u00e9t\u00e9 d\u00e9velopp\u00e9 pour offrir tous les avantages d&#8217;un appareil de mesure moderne tels qu&#8217;une grande pr\u00e9cision de mesure, une excellente reproductibilit\u00e9, une robustesse, une haute r\u00e9solution, etc.<\/p>\n<\/div>\n<div class=\"fusion-text fusion-text-5\">\n<h3 class=\"fusion-responsive-typography-calculated\" data-fontsize=\"22\" data-lineheight=\"31.9px\">Facile \u00e0 installer et pr\u00eat \u00e0 partir<\/h3>\n<\/div>\n<div class=\"fusion-text fusion-text-6\">\n<p>L&#8217;appareil de mesure AIC 700 avec son design compact est tr\u00e8s facile \u00e0 installer dans le compartiment moteur et la configuration de l&#8217;ordinateur de bord ne prend qu&#8217;une minute.<\/p>\n<p>L&#8217;AIC 700 NEMO est parfaitement adapt\u00e9 pour :<\/p>\n<ul class=\"arrow\">\n<li>Contr\u00f4le de la consommation de carburant des v\u00e9hicules<\/li>\n<li>Recherche et d\u00e9veloppement de turbomachines<\/li>\n<li>Petits et moyens moteurs diesel<\/li>\n<\/ul>\n<\/div>\n<div class=\"fusion-text fusion-text-7\">\n<h3 class=\"fusion-responsive-typography-calculated\" data-fontsize=\"22\" data-lineheight=\"31.9px\">Installation type<\/h3>\n<\/div>\n<p><span class=\" fusion-imageframe imageframe-none imageframe-1 hover-type-none\"><img decoding=\"async\" class=\"img-responsive wp-image-2655\" title=\"montage-AIC-700-BC-3329-3\" src=\"https:\/\/www.flowmeter-aic.com\/wp-content\/uploads\/2020\/10\/montage-AIC-700-BC-3329-3.png\" sizes=\"(max-width: 1025px) 100vw, 1200px\" srcset=\"https:\/\/www.flowmeter-aic.com\/wp-content\/uploads\/2020\/10\/montage-AIC-700-BC-3329-3-200x48.png 200w, https:\/\/www.flowmeter-aic.com\/wp-content\/uploads\/2020\/10\/montage-AIC-700-BC-3329-3-400x96.png 400w, https:\/\/www.flowmeter-aic.com\/wp-content\/uploads\/2020\/10\/montage-AIC-700-BC-3329-3-600x144.png 600w, https:\/\/www.flowmeter-aic.com\/wp-content\/uploads\/2020\/10\/montage-AIC-700-BC-3329-3-800x192.png 800w, https:\/\/www.flowmeter-aic.com\/wp-content\/uploads\/2020\/10\/montage-AIC-700-BC-3329-3-1200x289.png 1200w, https:\/\/www.flowmeter-aic.com\/wp-content\/uploads\/2020\/10\/montage-AIC-700-BC-3329-3.png 1239w\" alt=\"Typical installation with AIC 700 NEMO fuel consumption meter with M12 connector to the AIC BC 3329 board computer.\" width=\"1239\" height=\"298\" \/><\/span><\/p>\n<div class=\"fusion-text fusion-text-8\">\n<p>Turbine AIC 700 NEMO avec connecteur M12 \u00e0 <a href=\"https:\/\/www.flowmeter-aic.com\/fr\/aic-bc-3329-ordinateur-de-bord\/\"><strong>l&#8217;ordinateur de bord AIC BC 3329.<\/strong><\/a><\/p>\n<p>Les caract\u00e9ristiques de AIC 700 NEMO comprennent :<\/p>\n<ul class=\"arrow\">\n<li>Qmin 0,26 gal\/h _ 1 l\/h<\/li>\n<li>Qmax 22 Gal\/h _ 80 l\/h<\/li>\n<li>Pr\u00e9cision meilleure que +\/- 0,5 %<\/li>\n<li>R\u00e9p\u00e9tabilit\u00e9 meilleure que +\/- 0,2 %<\/li>\n<li>Pression nominale 360 psi _ 25 bar<\/li>\n<li>Raccordement hydraulique avec deux embouts de tuyau 1\/3 \u201d _ 8,5 mm<\/li>\n<\/ul>\n<\/div>\n<div class=\"fusion-text fusion-text-9\">\n<h3 class=\"\" data-fontsize=\"22\" data-lineheight=\"31.9px\">Demander un devis pour le capteur de d\u00e9bit de carburant AIC 700 NEMO<\/h3>\n<\/div>\n<div class=\"fusion-text fusion-text-10\">\n<p>Nous proposons une large gamme de d\u00e9bitm\u00e8tres volum\u00e9triques et d&#8217;autres instruments pour r\u00e9pondre aux<br \/>besoins de vos applications. Demandez un devis pour les d\u00e9bitm\u00e8tres qui r\u00e9pondent \u00e0 vos besoins ou contactez-nous pour en savoir plus sur nos solutions de contr\u00f4le des fluides.<\/p>\n<\/div>\n<\/div><div class=\"fusion-clearfix\"><\/div><\/div><\/div><div class=\"fusion-layout-column fusion_builder_column fusion-builder-column-2 fusion_builder_column_1_5 1_5 fusion-one-fifth fusion-column-last\" style=\"--awb-bg-size:cover;width:20%;width:calc(20% - ( ( 4% + 4% ) * 0.2 ) );\"><div class=\"fusion-column-wrapper fusion-flex-column-wrapper-legacy\"><div class=\"fusion-button-wrapper fusion-alignleft\"><a class=\"fusion-button button-3d button-small button-default fusion-button-default button-1 fusion-button-span-no \" style=\"--button_text_transform:none;\" target=\"_self\" title=\"download\" aria-label=\"download\" href=\"https:\/\/www.flowmeter-aic.com\/fr\/wp-content\/uploads\/2025\/02\/debitmetre-carburant-aic-700-flyer-produit.pdf\"><i class=\"fa-file-pdf fas awb-button__icon awb-button__icon--default button-icon-left\" aria-hidden=\"true\"><\/i><span class=\"fusion-button-text awb-button__text awb-button__text--default\">Informations techniques<\/span><\/a><\/div><div class=\"fusion-sep-clear\"><\/div><div class=\"fusion-separator fusion-full-width-sep\" style=\"margin-left: auto;margin-right: auto;margin-top:10px;margin-bottom:20px;width:100%;\"><div class=\"fusion-separator-border sep-double\" style=\"--awb-height:20px;--awb-amount:20px;border-color:#e0dede;border-top-width:0px;border-bottom-width:0px;\"><\/div><\/div><div class=\"fusion-sep-clear\"><\/div><div class=\"fusion-image-element fusion-image-align-center fusion-no-small-visibility in-legacy-container\" style=\"text-align:center;--awb-caption-title-font-family:var(--h2_typography-font-family);--awb-caption-title-font-weight:var(--h2_typography-font-weight);--awb-caption-title-font-style:var(--h2_typography-font-style);--awb-caption-title-size:var(--h2_typography-font-size);--awb-caption-title-transform:var(--h2_typography-text-transform);--awb-caption-title-line-height:var(--h2_typography-line-height);--awb-caption-title-letter-spacing:var(--h2_typography-letter-spacing);\"><div class=\"imageframe-align-center\"><span class=\" fusion-imageframe imageframe-none imageframe-1 hover-type-none\"><a class=\"fusion-no-lightbox\" href=\"https:\/\/www.flowmeter-aic.com\/fr\/wp-content\/uploads\/2025\/02\/debitmetre-carburant-aic-700-flyer-produit.pdf\" target=\"_self\"><img decoding=\"async\" width=\"400\" height=\"473\" alt=\"D\u00e9bitm\u00e8tre AIC 700 NEMO\" src=\"https:\/\/www.flowmeter-aic.com\/fr\/wp-content\/uploads\/2021\/10\/IMG_8135-AIC-700-400x473-1.png\" class=\"img-responsive wp-image-2773\" srcset=\"https:\/\/www.flowmeter-aic.com\/fr\/wp-content\/uploads\/2021\/10\/IMG_8135-AIC-700-400x473-1-200x237.png 200w, https:\/\/www.flowmeter-aic.com\/fr\/wp-content\/uploads\/2021\/10\/IMG_8135-AIC-700-400x473-1.png 400w\" sizes=\"(max-width: 1025px) 100vw, 400px\" \/><\/a><\/span><\/div><\/div><div class=\"fusion-image-element in-legacy-container\" style=\"--awb-caption-title-font-family:var(--h2_typography-font-family);--awb-caption-title-font-weight:var(--h2_typography-font-weight);--awb-caption-title-font-style:var(--h2_typography-font-style);--awb-caption-title-size:var(--h2_typography-font-size);--awb-caption-title-transform:var(--h2_typography-text-transform);--awb-caption-title-line-height:var(--h2_typography-line-height);--awb-caption-title-letter-spacing:var(--h2_typography-letter-spacing);\"><span class=\" fusion-imageframe imageframe-none imageframe-2 hover-type-none\"><a class=\"fusion-no-lightbox\" href=\"https:\/\/www.flowmeter-aic.com\/fr\/wp-content\/uploads\/2025\/02\/debitmetre-carburant-aic-700-flyer-produit.pdf\" target=\"_self\" aria-label=\"logo-NEMO-737&#215;323-1-400&#215;175\"><img decoding=\"async\" width=\"400\" height=\"175\" src=\"https:\/\/www.flowmeter-aic.com\/fr\/wp-content\/uploads\/2021\/10\/logo-NEMO-737x323-1-400x175-1.png\" alt class=\"img-responsive wp-image-2774\" srcset=\"https:\/\/www.flowmeter-aic.com\/fr\/wp-content\/uploads\/2021\/10\/logo-NEMO-737x323-1-400x175-1-200x88.png 200w, https:\/\/www.flowmeter-aic.com\/fr\/wp-content\/uploads\/2021\/10\/logo-NEMO-737x323-1-400x175-1.png 400w\" sizes=\"(max-width: 1025px) 100vw, 400px\" \/><\/a><\/span><\/div><div class=\"fusion-sep-clear\"><\/div><div class=\"fusion-separator fusion-full-width-sep\" style=\"margin-left: auto;margin-right: auto;margin-top:20px;margin-bottom:20px;width:100%;\"><div class=\"fusion-separator-border sep-double\" style=\"--awb-height:20px;--awb-amount:20px;border-color:#e0dede;border-top-width:0px;border-bottom-width:0px;\"><\/div><\/div><div class=\"fusion-sep-clear\"><\/div><div class=\"fusion-clearfix\"><\/div><\/div><\/div><\/div><\/div>\n","protected":false},"excerpt":{"rendered":"","protected":false},"author":2,"featured_media":0,"parent":0,"menu_order":0,"comment_status":"closed","ping_status":"closed","template":"","meta":{"footnotes":""},"class_list":["post-2769","page","type-page","status-publish","hentry"],"yoast_head":"<!-- This site is optimized with the Yoast SEO plugin v27.5 - https:\/\/yoast.com\/product\/yoast-seo-wordpress\/ -->\n<title>D\u00e9bitm\u00e8tre AIC 700 NEMO<\/title>\n<meta name=\"description\" content=\"Le nouveau compteur deconsommation de carburant AIC 700 NEMO et l&#039;ordinateur de bord 3329 avec un grand \u00e9cran LCD etune prise en main intuitive sont de bonnes raisons de choisir la solution tout-en-un AIC.\" \/>\n<meta name=\"robots\" content=\"index, follow, max-snippet:-1, max-image-preview:large, max-video-preview:-1\" \/>\n<link rel=\"canonical\" href=\"https:\/\/www.flowmeter-aic.com\/fr\/debitmetre-aic-700-nemo\/\" \/>\n<meta property=\"og:locale\" content=\"en_GB\" \/>\n<meta property=\"og:type\" content=\"article\" \/>\n<meta property=\"og:title\" content=\"D\u00e9bitm\u00e8tre AIC 700 NEMO\" \/>\n<meta property=\"og:description\" content=\"Le nouveau compteur deconsommation de carburant AIC 700 NEMO et l&#039;ordinateur de bord 3329 avec un grand \u00e9cran LCD etune prise en main intuitive sont de bonnes raisons de choisir la solution tout-en-un AIC.\" \/>\n<meta property=\"og:url\" content=\"https:\/\/www.flowmeter-aic.com\/fr\/debitmetre-aic-700-nemo\/\" \/>\n<meta property=\"og:site_name\" content=\"D\u00e9bitm\u00e8tres de consommation de carburant AIC\" \/>\n<meta property=\"article:modified_time\" content=\"2025-02-24T17:07:15+00:00\" \/>\n<meta name=\"twitter:card\" content=\"summary_large_image\" \/>\n<script type=\"application\/ld+json\" class=\"yoast-schema-graph\">{\"@context\":\"https:\\\/\\\/schema.org\",\"@graph\":[{\"@type\":\"WebPage\",\"@id\":\"https:\\\/\\\/www.flowmeter-aic.com\\\/fr\\\/debitmetre-aic-700-nemo\\\/\",\"url\":\"https:\\\/\\\/www.flowmeter-aic.com\\\/fr\\\/debitmetre-aic-700-nemo\\\/\",\"name\":\"D\u00e9bitm\u00e8tre AIC 700 NEMO\",\"isPartOf\":{\"@id\":\"https:\\\/\\\/www.flowmeter-aic.com\\\/fr\\\/#website\"},\"primaryImageOfPage\":{\"@id\":\"https:\\\/\\\/www.flowmeter-aic.com\\\/fr\\\/debitmetre-aic-700-nemo\\\/#primaryimage\"},\"image\":{\"@id\":\"https:\\\/\\\/www.flowmeter-aic.com\\\/fr\\\/debitmetre-aic-700-nemo\\\/#primaryimage\"},\"thumbnailUrl\":\"https:\\\/\\\/www.flowmeter-aic.com\\\/wp-content\\\/uploads\\\/2020\\\/10\\\/montage-AIC-700-BC-3329-3.png\",\"datePublished\":\"2021-10-08T01:24:41+00:00\",\"dateModified\":\"2025-02-24T17:07:15+00:00\",\"description\":\"Le nouveau compteur deconsommation de carburant AIC 700 NEMO et l'ordinateur de bord 3329 avec un grand \u00e9cran LCD etune prise en main intuitive sont de bonnes raisons de choisir la solution tout-en-un AIC.\",\"breadcrumb\":{\"@id\":\"https:\\\/\\\/www.flowmeter-aic.com\\\/fr\\\/debitmetre-aic-700-nemo\\\/#breadcrumb\"},\"inLanguage\":\"en-GB\",\"potentialAction\":[{\"@type\":\"ReadAction\",\"target\":[\"https:\\\/\\\/www.flowmeter-aic.com\\\/fr\\\/debitmetre-aic-700-nemo\\\/\"]}]},{\"@type\":\"ImageObject\",\"inLanguage\":\"en-GB\",\"@id\":\"https:\\\/\\\/www.flowmeter-aic.com\\\/fr\\\/debitmetre-aic-700-nemo\\\/#primaryimage\",\"url\":\"https:\\\/\\\/www.flowmeter-aic.com\\\/wp-content\\\/uploads\\\/2020\\\/10\\\/montage-AIC-700-BC-3329-3.png\",\"contentUrl\":\"https:\\\/\\\/www.flowmeter-aic.com\\\/wp-content\\\/uploads\\\/2020\\\/10\\\/montage-AIC-700-BC-3329-3.png\"},{\"@type\":\"BreadcrumbList\",\"@id\":\"https:\\\/\\\/www.flowmeter-aic.com\\\/fr\\\/debitmetre-aic-700-nemo\\\/#breadcrumb\",\"itemListElement\":[{\"@type\":\"ListItem\",\"position\":1,\"name\":\"Accueil\",\"item\":\"https:\\\/\\\/www.flowmeter-aic.com\\\/fr\\\/\"},{\"@type\":\"ListItem\",\"position\":2,\"name\":\"D\u00e9bitm\u00e8tre AIC 700 NEMO\"}]},{\"@type\":\"WebSite\",\"@id\":\"https:\\\/\\\/www.flowmeter-aic.com\\\/fr\\\/#website\",\"url\":\"https:\\\/\\\/www.flowmeter-aic.com\\\/fr\\\/\",\"name\":\"AIC fuel flow meters : accurate and reliable\",\"description\":\"Des solutions pr\u00e9cises et fiables pour contr\u00f4ler votre consommation de carburant\",\"publisher\":{\"@id\":\"https:\\\/\\\/www.flowmeter-aic.com\\\/fr\\\/#organization\"},\"potentialAction\":[{\"@type\":\"SearchAction\",\"target\":{\"@type\":\"EntryPoint\",\"urlTemplate\":\"https:\\\/\\\/www.flowmeter-aic.com\\\/fr\\\/?s={search_term_string}\"},\"query-input\":{\"@type\":\"PropertyValueSpecification\",\"valueRequired\":true,\"valueName\":\"search_term_string\"}}],\"inLanguage\":\"en-GB\"},{\"@type\":\"Organization\",\"@id\":\"https:\\\/\\\/www.flowmeter-aic.com\\\/fr\\\/#organization\",\"name\":\"AIC Systems AG\",\"url\":\"https:\\\/\\\/www.flowmeter-aic.com\\\/fr\\\/\",\"logo\":{\"@type\":\"ImageObject\",\"inLanguage\":\"en-GB\",\"@id\":\"https:\\\/\\\/www.flowmeter-aic.com\\\/fr\\\/#\\\/schema\\\/logo\\\/image\\\/\",\"url\":\"https:\\\/\\\/www.flowmeter-aic.com\\\/fr\\\/wp-content\\\/uploads\\\/2018\\\/07\\\/aic_logo_web.png\",\"contentUrl\":\"https:\\\/\\\/www.flowmeter-aic.com\\\/fr\\\/wp-content\\\/uploads\\\/2018\\\/07\\\/aic_logo_web.png\",\"width\":200,\"height\":83,\"caption\":\"AIC Systems AG\"},\"image\":{\"@id\":\"https:\\\/\\\/www.flowmeter-aic.com\\\/fr\\\/#\\\/schema\\\/logo\\\/image\\\/\"},\"sameAs\":[\"https:\\\/\\\/www.linkedin.com\\\/company\\\/aic-systems-ag\\\/\"]}]}<\/script>\n<!-- \/ Yoast SEO plugin. -->","yoast_head_json":{"title":"D\u00e9bitm\u00e8tre AIC 700 NEMO","description":"Le nouveau compteur deconsommation de carburant AIC 700 NEMO et l'ordinateur de bord 3329 avec un grand \u00e9cran LCD etune prise en main intuitive sont de bonnes raisons de choisir la solution tout-en-un AIC.","robots":{"index":"index","follow":"follow","max-snippet":"max-snippet:-1","max-image-preview":"max-image-preview:large","max-video-preview":"max-video-preview:-1"},"canonical":"https:\/\/www.flowmeter-aic.com\/fr\/debitmetre-aic-700-nemo\/","og_locale":"en_GB","og_type":"article","og_title":"D\u00e9bitm\u00e8tre AIC 700 NEMO","og_description":"Le nouveau compteur deconsommation de carburant AIC 700 NEMO et l'ordinateur de bord 3329 avec un grand \u00e9cran LCD etune prise en main intuitive sont de bonnes raisons de choisir la solution tout-en-un AIC.","og_url":"https:\/\/www.flowmeter-aic.com\/fr\/debitmetre-aic-700-nemo\/","og_site_name":"D\u00e9bitm\u00e8tres de consommation de carburant AIC","article_modified_time":"2025-02-24T17:07:15+00:00","twitter_card":"summary_large_image","schema":{"@context":"https:\/\/schema.org","@graph":[{"@type":"WebPage","@id":"https:\/\/www.flowmeter-aic.com\/fr\/debitmetre-aic-700-nemo\/","url":"https:\/\/www.flowmeter-aic.com\/fr\/debitmetre-aic-700-nemo\/","name":"D\u00e9bitm\u00e8tre AIC 700 NEMO","isPartOf":{"@id":"https:\/\/www.flowmeter-aic.com\/fr\/#website"},"primaryImageOfPage":{"@id":"https:\/\/www.flowmeter-aic.com\/fr\/debitmetre-aic-700-nemo\/#primaryimage"},"image":{"@id":"https:\/\/www.flowmeter-aic.com\/fr\/debitmetre-aic-700-nemo\/#primaryimage"},"thumbnailUrl":"https:\/\/www.flowmeter-aic.com\/wp-content\/uploads\/2020\/10\/montage-AIC-700-BC-3329-3.png","datePublished":"2021-10-08T01:24:41+00:00","dateModified":"2025-02-24T17:07:15+00:00","description":"Le nouveau compteur deconsommation de carburant AIC 700 NEMO et l'ordinateur de bord 3329 avec un grand \u00e9cran LCD etune prise en main intuitive sont de bonnes raisons de choisir la solution tout-en-un AIC.","breadcrumb":{"@id":"https:\/\/www.flowmeter-aic.com\/fr\/debitmetre-aic-700-nemo\/#breadcrumb"},"inLanguage":"en-GB","potentialAction":[{"@type":"ReadAction","target":["https:\/\/www.flowmeter-aic.com\/fr\/debitmetre-aic-700-nemo\/"]}]},{"@type":"ImageObject","inLanguage":"en-GB","@id":"https:\/\/www.flowmeter-aic.com\/fr\/debitmetre-aic-700-nemo\/#primaryimage","url":"https:\/\/www.flowmeter-aic.com\/wp-content\/uploads\/2020\/10\/montage-AIC-700-BC-3329-3.png","contentUrl":"https:\/\/www.flowmeter-aic.com\/wp-content\/uploads\/2020\/10\/montage-AIC-700-BC-3329-3.png"},{"@type":"BreadcrumbList","@id":"https:\/\/www.flowmeter-aic.com\/fr\/debitmetre-aic-700-nemo\/#breadcrumb","itemListElement":[{"@type":"ListItem","position":1,"name":"Accueil","item":"https:\/\/www.flowmeter-aic.com\/fr\/"},{"@type":"ListItem","position":2,"name":"D\u00e9bitm\u00e8tre AIC 700 NEMO"}]},{"@type":"WebSite","@id":"https:\/\/www.flowmeter-aic.com\/fr\/#website","url":"https:\/\/www.flowmeter-aic.com\/fr\/","name":"AIC fuel flow meters : accurate and reliable","description":"Des solutions pr\u00e9cises et fiables pour contr\u00f4ler votre consommation de carburant","publisher":{"@id":"https:\/\/www.flowmeter-aic.com\/fr\/#organization"},"potentialAction":[{"@type":"SearchAction","target":{"@type":"EntryPoint","urlTemplate":"https:\/\/www.flowmeter-aic.com\/fr\/?s={search_term_string}"},"query-input":{"@type":"PropertyValueSpecification","valueRequired":true,"valueName":"search_term_string"}}],"inLanguage":"en-GB"},{"@type":"Organization","@id":"https:\/\/www.flowmeter-aic.com\/fr\/#organization","name":"AIC Systems AG","url":"https:\/\/www.flowmeter-aic.com\/fr\/","logo":{"@type":"ImageObject","inLanguage":"en-GB","@id":"https:\/\/www.flowmeter-aic.com\/fr\/#\/schema\/logo\/image\/","url":"https:\/\/www.flowmeter-aic.com\/fr\/wp-content\/uploads\/2018\/07\/aic_logo_web.png","contentUrl":"https:\/\/www.flowmeter-aic.com\/fr\/wp-content\/uploads\/2018\/07\/aic_logo_web.png","width":200,"height":83,"caption":"AIC Systems AG"},"image":{"@id":"https:\/\/www.flowmeter-aic.com\/fr\/#\/schema\/logo\/image\/"},"sameAs":["https:\/\/www.linkedin.com\/company\/aic-systems-ag\/"]}]}},"_links":{"self":[{"href":"https:\/\/www.flowmeter-aic.com\/fr\/wp-json\/wp\/v2\/pages\/2769","targetHints":{"allow":["GET"]}}],"collection":[{"href":"https:\/\/www.flowmeter-aic.com\/fr\/wp-json\/wp\/v2\/pages"}],"about":[{"href":"https:\/\/www.flowmeter-aic.com\/fr\/wp-json\/wp\/v2\/types\/page"}],"author":[{"embeddable":true,"href":"https:\/\/www.flowmeter-aic.com\/fr\/wp-json\/wp\/v2\/users\/2"}],"replies":[{"embeddable":true,"href":"https:\/\/www.flowmeter-aic.com\/fr\/wp-json\/wp\/v2\/comments?post=2769"}],"version-history":[{"count":14,"href":"https:\/\/www.flowmeter-aic.com\/fr\/wp-json\/wp\/v2\/pages\/2769\/revisions"}],"predecessor-version":[{"id":3097,"href":"https:\/\/www.flowmeter-aic.com\/fr\/wp-json\/wp\/v2\/pages\/2769\/revisions\/3097"}],"wp:attachment":[{"href":"https:\/\/www.flowmeter-aic.com\/fr\/wp-json\/wp\/v2\/media?parent=2769"}],"curies":[{"name":"wp","href":"https:\/\/api.w.org\/{rel}","templated":true}]}}