{"id":2786,"date":"2021-10-08T04:21:07","date_gmt":"2021-10-08T02:21:07","guid":{"rendered":"https:\/\/www.flowmeter-aic.com\/fr\/?page_id=2786"},"modified":"2025-02-24T18:06:44","modified_gmt":"2025-02-24T17:06:44","slug":"debitmetre-massique-aic-400-nemo","status":"publish","type":"page","link":"https:\/\/www.flowmeter-aic.com\/fr\/debitmetre-massique-aic-400-nemo\/","title":{"rendered":"D\u00e9bitm\u00e8tre massique AIC 400 NEMO"},"content":{"rendered":"<div class=\"fusion-fullwidth fullwidth-box fusion-builder-row-1 nonhundred-percent-fullwidth non-hundred-percent-height-scrolling\" style=\"--awb-border-radius-top-left:0px;--awb-border-radius-top-right:0px;--awb-border-radius-bottom-right:0px;--awb-border-radius-bottom-left:0px;--awb-flex-wrap:wrap;\" ><div class=\"fusion-builder-row fusion-row\"><div class=\"fusion-layout-column fusion_builder_column fusion-builder-column-0 fusion_builder_column_1_4 1_4 fusion-one-fourth fusion-column-first\" style=\"--awb-bg-size:cover;width:25%;width:calc(25% - ( ( 4% + 4% ) * 0.25 ) );margin-right: 4%;\"><div class=\"fusion-column-wrapper fusion-flex-column-wrapper-legacy\"><div class=\"fusion-widget-area awb-widget-area-element fusion-widget-area-1 fusion-content-widget-area\" style=\"--awb-title-size:45px;--awb-title-color:#333c4e;--awb-padding:0px 0px 0px 0px;\"><style type=\"text\/css\" data-id=\"avada-vertical-menu-widget-2\">#avada-vertical-menu-widget-2 > ul.menu { margin-top: -8px; }<\/style><div id=\"avada-vertical-menu-widget-2\" class=\"widget avada_vertical_menu\"><style>#fusion-vertical-menu-widget-avada-vertical-menu-widget-2-nav ul.menu li a {font-size:16px;}<\/style><nav id=\"fusion-vertical-menu-widget-avada-vertical-menu-widget-2-nav\" class=\"fusion-vertical-menu-widget fusion-menu hover left no-border\" aria-label=\"Secondary Navigation: \"><ul id=\"menu-products-menu\" class=\"menu\"><li id=\"menu-item-2814\" class=\"menu-item menu-item-type-post_type menu-item-object-page menu-item-2814\"><a href=\"https:\/\/www.flowmeter-aic.com\/fr\/aic-300\/\"><span class=\"link-text\"> AIC 300<\/span><span class=\"arrow\"><\/span><\/a><\/li><li id=\"menu-item-2796\" class=\"menu-item menu-item-type-post_type menu-item-object-page menu-item-2796\"><a href=\"https:\/\/www.flowmeter-aic.com\/fr\/debitmetre-massique-aic-400-nemo\/\"><span class=\"link-text\"> AIC 400 NEMO<\/span><span class=\"arrow\"><\/span><\/a><\/li><li id=\"menu-item-2784\" class=\"menu-item menu-item-type-post_type menu-item-object-page menu-item-2784\"><a href=\"https:\/\/www.flowmeter-aic.com\/fr\/debitmetre-aic-700-nemo\/\"><span class=\"link-text\"> AIC 700 NEMO<\/span><span class=\"arrow\"><\/span><\/a><\/li><li id=\"menu-item-2485\" class=\"menu-item menu-item-type-post_type menu-item-object-page menu-item-2485\"><a href=\"https:\/\/www.flowmeter-aic.com\/fr\/aic-900-debitmetre-de-carburant\/\"><span class=\"link-text\"> AIC 900<\/span><span class=\"arrow\"><\/span><\/a><\/li><li id=\"menu-item-2018\" class=\"menu-item menu-item-type-post_type menu-item-object-page menu-item-2018\"><a href=\"https:\/\/www.flowmeter-aic.com\/fr\/debitmetre-de-carburant-aic-1200\/\"><span class=\"link-text\"> AIC 1200<\/span><span class=\"arrow\"><\/span><\/a><\/li><li id=\"menu-item-1323\" class=\"menu-item menu-item-type-post_type menu-item-object-page menu-item-1323\"><a href=\"https:\/\/www.flowmeter-aic.com\/fr\/aic-4000-nemo-debitmetres-de-carburant\/\"><span class=\"link-text\"> AIC 4000 NEMO<\/span><span class=\"arrow\"><\/span><\/a><\/li><li id=\"menu-item-2459\" class=\"menu-item menu-item-type-post_type menu-item-object-page menu-item-2459\"><a href=\"https:\/\/www.flowmeter-aic.com\/fr\/debitmetre-de-carburant-sur-les-bancs-dessai-aic-5000\/\"><span class=\"link-text\"> AIC 5000<\/span><span class=\"arrow\"><\/span><\/a><\/li><li id=\"menu-item-2457\" class=\"menu-item menu-item-type-post_type menu-item-object-page menu-item-2457\"><a href=\"https:\/\/www.flowmeter-aic.com\/fr\/aic-6000-uniflowmaster-debitmetre-carburant\/\"><span class=\"link-text\"> AIC 6000<\/span><span class=\"arrow\"><\/span><\/a><\/li><li id=\"menu-item-2466\" class=\"menu-item menu-item-type-post_type menu-item-object-page menu-item-2466\"><a href=\"https:\/\/www.flowmeter-aic.com\/fr\/debitmetre-avec-affichage-du-co2-en-temps-reel\/\"><span class=\"link-text\"> AIC 7000 NEMO<\/span><span class=\"arrow\"><\/span><\/a><\/li><li id=\"menu-item-2156\" class=\"menu-item menu-item-type-post_type menu-item-object-page menu-item-2156\"><a href=\"https:\/\/www.flowmeter-aic.com\/fr\/aic-bc-3329-ordinateur-de-bord\/\"><span class=\"link-text\"> AIC BC 3329<\/span><span class=\"arrow\"><\/span><\/a><\/li><li id=\"menu-item-2841\" class=\"menu-item menu-item-type-post_type menu-item-object-page menu-item-2841\"><a href=\"https:\/\/www.flowmeter-aic.com\/fr\/aic-rd-100\/\"><span class=\"link-text\"> AIC RD 100<\/span><span class=\"arrow\"><\/span><\/a><\/li><li id=\"menu-item-2855\" class=\"menu-item menu-item-type-post_type menu-item-object-page menu-item-2855\"><a href=\"https:\/\/www.flowmeter-aic.com\/fr\/aic-press-ride-application\/\"><span class=\"link-text\"> AIC Press Ride Application<\/span><span class=\"arrow\"><\/span><\/a><\/li><li id=\"menu-item-2827\" class=\"menu-item menu-item-type-post_type menu-item-object-page menu-item-2827\"><a href=\"https:\/\/www.flowmeter-aic.com\/fr\/set-aic-700-nemo\/\"><span class=\"link-text\"> Set AIC 700 NEMO<\/span><span class=\"arrow\"><\/span><\/a><\/li><\/ul><\/nav><\/div><div class=\"fusion-additional-widget-content\"><\/div><\/div><div class=\"fusion-clearfix\"><\/div><\/div><\/div><div class=\"fusion-layout-column fusion_builder_column fusion-builder-column-1 fusion_builder_column_1_2 1_2 fusion-one-half\" style=\"--awb-bg-size:cover;width:50%;width:calc(50% - ( ( 4% + 4% ) * 0.5 ) );margin-right: 4%;\"><div class=\"fusion-column-wrapper fusion-flex-column-wrapper-legacy\"><div class=\"fusion-text fusion-text-1\"><h2>D\u00e9bitm\u00e8tre massique AIC 400 NEMO<\/h2>\n<\/div><div class=\"fusion-text fusion-text-2\"><div class=\"fusion-text fusion-text-1\">\n<div class=\"fusion-text fusion-text-1\">\n<p data-fontsize=\"32\" data-lineheight=\"49.92px\">Faites confiance au d\u00e9bitm\u00e8tre massique AIC 400 NEMO pour booster votre gestion de flux et vos processus industriels auxiliaires. Que ce soit pour le train, le bateau, les skids ou les groupes \u00e9lectrog\u00e8nes, nous apportons des solutions d&#8217;applications et l&#8217;expertise de conseil pour am\u00e9liorer la s\u00e9curit\u00e9, l&#8217;efficacit\u00e9 et la conformit\u00e9 des installations.<\/p>\n<\/div>\n<div class=\"fusion-text fusion-text-2\">\n<div class=\"fusion-text\">\n<p>Le d\u00e9bitm\u00e8tre massique de mesure de la consommation de carburant AIC 400 NEMO est une solution \u00abtout-en-un\u00bb con\u00e7ue pour un montage permanent avec le d\u00e9bit allant jusqu&#8217;\u00e0 3000 l\/h ou 793 gph. Gr\u00e2ce au composant \u00e9lectronique de fr\u00e9quence \u00e9lev\u00e9e, les donn\u00e9es de consommation de carburant peuvent \u00eatre transmises par c\u00e2ble \u00e0 l\u2019afficheur pour fournir un rapport de consommation de carburant instantan\u00e9 pr\u00e9cis tel que L\/100 km ou MPG.<\/p>\n<p>R\u00e9duisez votre facture de carburant et d&#8217;entretien en surveillant et en optimisant les techniques de conduite d\u2019un v\u00e9hicule avec un compteur volum\u00e9trique \u00e9prouv\u00e9 int\u00e9grant un capteur de temp\u00e9rature PT 1000 pour le calcul de masse.<\/p>\n<p>La r\u00e9duction de la consommation de carburant et des \u00e9missions de CO2 fournissent les informations en temps r\u00e9el sur la fa\u00e7on dont vous utilisez le carburant, permettent d\u2019identifier les anomalies en mati\u00e8re d&#8217;efficacit\u00e9 \u00e9nerg\u00e9tique et de prendre des mesures pour r\u00e9duire votre consommation de carburant. D\u00e9bitm\u00e8tre massique et volum\u00e9trique compact avec un co\u00fbt de possession optimal pour les applications de base avec capteur PT 1000 int\u00e9gr\u00e9.<\/p>\n<p>Bo\u00eetier en acier au carbone avec extr\u00e9mit\u00e9s let\u00e9es ISO 228-1 pouvant fonctionner jusqu&#8217;\u00e0 16 bar \/ 232 psi et 100\u00b0C\/ 212\u00b0F. Sp\u00e9cialement con\u00e7u pour les gros moteurs. Convient pour une vaste gamme de carburants, par ex. diesel, biodiesel, MDO, huiles et la plupart des liquides lubri ants non agressifs.<\/p>\n<p>Les industries qui utilisent les d\u00e9bitm\u00e8tres massiques AIC 400 NEMO comprennent :<\/p>\n<ul class=\"arrow\">\n<li>Traitement chimique industriel<\/li>\n<li>Transformation des aliments et des boissons<\/li>\n<li>Traitement du p\u00e9trole et du gaz<\/li>\n<li>Rail et marine<\/li>\n<li>G\u00e9n\u00e9rateurs<\/li>\n<li>Skids, comme des stations de pompage<\/li>\n<li>Gros engins de construction et de d\u00e9molition<\/li>\n<\/ul>\n<p>Les turbines sont \u00e9talonn\u00e9es en usine et pr\u00eates \u00e0 \u00eatre utilis\u00e9es imm\u00e9diatement apr\u00e8s l&#8217;installation. Aucune recalibration ou r\u00e9ajustement n\u00e9cessaire apr\u00e8s installation.<\/p>\n<\/div>\n<\/div>\n<div class=\"fusion-text fusion-text-3\">\n<h3 class=\"fusion-responsive-typography-calculated\" data-fontsize=\"22\" data-lineheight=\"31.9px\">Pr\u00e9cis et facile \u00e0 installer et \u00e0 entretenir<\/h3>\n<\/div>\n<div class=\"fusion-text fusion-text-4\">\n<p>Les options incluent des mod\u00e8les resistant \u00e0 la haute pression et aux produits chimiques avec un afficheur num\u00e9rique multi-ports programmable. Si vous avez besoin d&#8217;un mod\u00e8le sp\u00e9cifique ou avez des exigences particuli\u00e8res, nous vous aiderons \u00e0 trouver le d\u00e9bitm\u00e8tre adapt\u00e9 \u00e0 votre application.<\/p>\n<p>Les caract\u00e9ristiques techniques de AIC 400 incluent :<\/p>\n<ul class=\"arrow\">\n<li>Pr\u00e9cision meilleure que +\/- 0,5 % sur toute la plage de mesure<\/li>\n<li>Signal : collecteur ouvert NPN<\/li>\n<li>Alimentation : jusqu&#8217;\u00e0 10 mA \/ 28 VDC<\/li>\n<\/ul>\n<\/div>\n<div class=\"fusion-text fusion-text-5\">\n<h3 class=\"\" data-fontsize=\"22\" data-lineheight=\"31.9px\">Demander un devis pour le d\u00e9bitm\u00e8tre massique AIC 400 NEMO<\/h3>\n<\/div>\n<div class=\"fusion-text fusion-text-6\">\n<p>Nous proposons une large gamme de d\u00e9bitm\u00e8tres volum\u00e9triques et d&#8217;autres instruments pour r\u00e9pondre aux besoins de vos applications. Demandez un devis pour les d\u00e9bitm\u00e8tres qui r\u00e9pondent \u00e0 vos besoins ou contactez-nous pour en savoir plus sur nos solutions de contr\u00f4le des fluides.<\/p>\n<\/div>\n<\/div>\n<\/div><div class=\"fusion-clearfix\"><\/div><\/div><\/div><div class=\"fusion-layout-column fusion_builder_column fusion-builder-column-2 fusion_builder_column_1_4 1_4 fusion-one-fourth fusion-column-last\" style=\"--awb-bg-size:cover;width:25%;width:calc(25% - ( ( 4% + 4% ) * 0.25 ) );\"><div class=\"fusion-column-wrapper fusion-flex-column-wrapper-legacy\"><div class=\"fusion-sep-clear\"><\/div><div class=\"fusion-separator fusion-full-width-sep\" style=\"margin-left: auto;margin-right: auto;margin-top:10px;margin-bottom:20px;width:100%;\"><div class=\"fusion-separator-border sep-double\" style=\"--awb-height:20px;--awb-amount:20px;border-color:#e0dede;border-top-width:0px;border-bottom-width:0px;\"><\/div><\/div><div class=\"fusion-sep-clear\"><\/div><div class=\"fusion-image-element fusion-image-align-center fusion-no-small-visibility in-legacy-container\" style=\"text-align:center;--awb-caption-title-font-family:var(--h2_typography-font-family);--awb-caption-title-font-weight:var(--h2_typography-font-weight);--awb-caption-title-font-style:var(--h2_typography-font-style);--awb-caption-title-size:var(--h2_typography-font-size);--awb-caption-title-transform:var(--h2_typography-text-transform);--awb-caption-title-line-height:var(--h2_typography-line-height);--awb-caption-title-letter-spacing:var(--h2_typography-letter-spacing);\"><div class=\"imageframe-align-center\"><span class=\" fusion-imageframe imageframe-none imageframe-1 hover-type-none\"><a class=\"fusion-no-lightbox\" href=\"https:\/\/www.flowmeter-aic.com\/fr\/wp-content\/uploads\/2025\/02\/debitmetre-carburant-aic-400-flyer-produit.pdf\" target=\"_self\" aria-label=\"logo-NEMO-737&#215;323-1-400&#215;175\"><img decoding=\"async\" width=\"400\" height=\"175\" alt=\"D\u00e9bitm\u00e8tre AIC 700 NEMO\" src=\"https:\/\/www.flowmeter-aic.com\/fr\/wp-content\/uploads\/2021\/10\/logo-NEMO-737x323-1-400x175-2.png\" class=\"img-responsive wp-image-2791\" srcset=\"https:\/\/www.flowmeter-aic.com\/fr\/wp-content\/uploads\/2021\/10\/logo-NEMO-737x323-1-400x175-2-200x88.png 200w, https:\/\/www.flowmeter-aic.com\/fr\/wp-content\/uploads\/2021\/10\/logo-NEMO-737x323-1-400x175-2.png 400w\" sizes=\"(max-width: 1025px) 100vw, 400px\" \/><\/a><\/span><\/div><\/div><div class=\"fusion-image-element in-legacy-container\" style=\"--awb-caption-title-font-family:var(--h2_typography-font-family);--awb-caption-title-font-weight:var(--h2_typography-font-weight);--awb-caption-title-font-style:var(--h2_typography-font-style);--awb-caption-title-size:var(--h2_typography-font-size);--awb-caption-title-transform:var(--h2_typography-text-transform);--awb-caption-title-line-height:var(--h2_typography-line-height);--awb-caption-title-letter-spacing:var(--h2_typography-letter-spacing);\"><span class=\" fusion-imageframe imageframe-none imageframe-2 hover-type-none\"><a class=\"fusion-no-lightbox\" href=\"https:\/\/www.flowmeter-aic.com\/fr\/wp-content\/uploads\/2025\/02\/debitmetre-carburant-aic-400-flyer-produit.pdf\" target=\"_self\" aria-label=\"AIC_300_flowmeter-versatile\"><img decoding=\"async\" width=\"587\" height=\"425\" alt=\"D\u00e9bitm\u00e8tre massique AIC 400 NEMO\" src=\"https:\/\/www.flowmeter-aic.com\/fr\/wp-content\/uploads\/2021\/10\/AIC_300_flowmeter-versatile.png\" class=\"img-responsive wp-image-2790\" srcset=\"https:\/\/www.flowmeter-aic.com\/fr\/wp-content\/uploads\/2021\/10\/AIC_300_flowmeter-versatile-200x145.png 200w, https:\/\/www.flowmeter-aic.com\/fr\/wp-content\/uploads\/2021\/10\/AIC_300_flowmeter-versatile-400x290.png 400w, https:\/\/www.flowmeter-aic.com\/fr\/wp-content\/uploads\/2021\/10\/AIC_300_flowmeter-versatile.png 587w\" sizes=\"(max-width: 1025px) 100vw, 587px\" \/><\/a><\/span><\/div><div class=\"fusion-sep-clear\"><\/div><div class=\"fusion-separator fusion-full-width-sep\" style=\"margin-left: auto;margin-right: auto;margin-top:20px;margin-bottom:20px;width:100%;\"><div class=\"fusion-separator-border sep-double\" style=\"--awb-height:20px;--awb-amount:20px;border-color:#e0dede;border-top-width:0px;border-bottom-width:0px;\"><\/div><\/div><div class=\"fusion-sep-clear\"><\/div><div class=\"fusion-button-wrapper fusion-aligncenter\"><a class=\"fusion-button button-3d button-small button-default fusion-button-default button-1 fusion-button-span-no \" style=\"--button_text_transform:none;\" target=\"_self\" title=\"download\" aria-label=\"download\" href=\"https:\/\/www.flowmeter-aic.com\/fr\/wp-content\/uploads\/2025\/02\/debitmetre-carburant-aic-400-flyer-produit.pdf\"><i class=\"fa-file-pdf fas awb-button__icon awb-button__icon--default button-icon-left\" aria-hidden=\"true\"><\/i><span class=\"fusion-button-text awb-button__text awb-button__text--default\">Informations techniques<\/span><\/a><\/div><div class=\"fusion-clearfix\"><\/div><\/div><\/div><\/div><\/div>\n","protected":false},"excerpt":{"rendered":"","protected":false},"author":2,"featured_media":0,"parent":0,"menu_order":0,"comment_status":"closed","ping_status":"closed","template":"","meta":{"footnotes":""},"class_list":["post-2786","page","type-page","status-publish","hentry"],"yoast_head":"<!-- This site is optimized with the Yoast SEO plugin v27.5 - https:\/\/yoast.com\/product\/yoast-seo-wordpress\/ -->\n<title>D\u00e9bitm\u00e8tre massique AIC 400 NEMO<\/title>\n<meta name=\"description\" content=\"Faites con ance au d\u00e9bitm\u00e8tre massique AIC 400 NEMO pour booster votre gestion de ux et vosprocessus industriels auxiliaires.\" \/>\n<meta name=\"robots\" content=\"index, follow, max-snippet:-1, max-image-preview:large, max-video-preview:-1\" \/>\n<link rel=\"canonical\" href=\"https:\/\/www.flowmeter-aic.com\/fr\/debitmetre-massique-aic-400-nemo\/\" \/>\n<meta property=\"og:locale\" content=\"en_GB\" \/>\n<meta property=\"og:type\" content=\"article\" \/>\n<meta property=\"og:title\" content=\"D\u00e9bitm\u00e8tre massique AIC 400 NEMO\" \/>\n<meta property=\"og:description\" content=\"Faites con ance au d\u00e9bitm\u00e8tre massique AIC 400 NEMO pour booster votre gestion de ux et vosprocessus industriels auxiliaires.\" \/>\n<meta property=\"og:url\" content=\"https:\/\/www.flowmeter-aic.com\/fr\/debitmetre-massique-aic-400-nemo\/\" \/>\n<meta property=\"og:site_name\" content=\"D\u00e9bitm\u00e8tres de consommation de carburant AIC\" \/>\n<meta property=\"article:modified_time\" content=\"2025-02-24T17:06:44+00:00\" \/>\n<meta name=\"twitter:card\" content=\"summary_large_image\" \/>\n<script type=\"application\/ld+json\" class=\"yoast-schema-graph\">{\"@context\":\"https:\\\/\\\/schema.org\",\"@graph\":[{\"@type\":\"WebPage\",\"@id\":\"https:\\\/\\\/www.flowmeter-aic.com\\\/fr\\\/debitmetre-massique-aic-400-nemo\\\/\",\"url\":\"https:\\\/\\\/www.flowmeter-aic.com\\\/fr\\\/debitmetre-massique-aic-400-nemo\\\/\",\"name\":\"D\u00e9bitm\u00e8tre massique AIC 400 NEMO\",\"isPartOf\":{\"@id\":\"https:\\\/\\\/www.flowmeter-aic.com\\\/fr\\\/#website\"},\"datePublished\":\"2021-10-08T02:21:07+00:00\",\"dateModified\":\"2025-02-24T17:06:44+00:00\",\"description\":\"Faites con ance au d\u00e9bitm\u00e8tre massique AIC 400 NEMO pour booster votre gestion de ux et vosprocessus industriels auxiliaires.\",\"breadcrumb\":{\"@id\":\"https:\\\/\\\/www.flowmeter-aic.com\\\/fr\\\/debitmetre-massique-aic-400-nemo\\\/#breadcrumb\"},\"inLanguage\":\"en-GB\",\"potentialAction\":[{\"@type\":\"ReadAction\",\"target\":[\"https:\\\/\\\/www.flowmeter-aic.com\\\/fr\\\/debitmetre-massique-aic-400-nemo\\\/\"]}]},{\"@type\":\"BreadcrumbList\",\"@id\":\"https:\\\/\\\/www.flowmeter-aic.com\\\/fr\\\/debitmetre-massique-aic-400-nemo\\\/#breadcrumb\",\"itemListElement\":[{\"@type\":\"ListItem\",\"position\":1,\"name\":\"Accueil\",\"item\":\"https:\\\/\\\/www.flowmeter-aic.com\\\/fr\\\/\"},{\"@type\":\"ListItem\",\"position\":2,\"name\":\"D\u00e9bitm\u00e8tre massique AIC 400 NEMO\"}]},{\"@type\":\"WebSite\",\"@id\":\"https:\\\/\\\/www.flowmeter-aic.com\\\/fr\\\/#website\",\"url\":\"https:\\\/\\\/www.flowmeter-aic.com\\\/fr\\\/\",\"name\":\"AIC fuel flow meters : accurate and reliable\",\"description\":\"Des solutions pr\u00e9cises et fiables pour contr\u00f4ler votre consommation de carburant\",\"publisher\":{\"@id\":\"https:\\\/\\\/www.flowmeter-aic.com\\\/fr\\\/#organization\"},\"potentialAction\":[{\"@type\":\"SearchAction\",\"target\":{\"@type\":\"EntryPoint\",\"urlTemplate\":\"https:\\\/\\\/www.flowmeter-aic.com\\\/fr\\\/?s={search_term_string}\"},\"query-input\":{\"@type\":\"PropertyValueSpecification\",\"valueRequired\":true,\"valueName\":\"search_term_string\"}}],\"inLanguage\":\"en-GB\"},{\"@type\":\"Organization\",\"@id\":\"https:\\\/\\\/www.flowmeter-aic.com\\\/fr\\\/#organization\",\"name\":\"AIC Systems AG\",\"url\":\"https:\\\/\\\/www.flowmeter-aic.com\\\/fr\\\/\",\"logo\":{\"@type\":\"ImageObject\",\"inLanguage\":\"en-GB\",\"@id\":\"https:\\\/\\\/www.flowmeter-aic.com\\\/fr\\\/#\\\/schema\\\/logo\\\/image\\\/\",\"url\":\"https:\\\/\\\/www.flowmeter-aic.com\\\/fr\\\/wp-content\\\/uploads\\\/2018\\\/07\\\/aic_logo_web.png\",\"contentUrl\":\"https:\\\/\\\/www.flowmeter-aic.com\\\/fr\\\/wp-content\\\/uploads\\\/2018\\\/07\\\/aic_logo_web.png\",\"width\":200,\"height\":83,\"caption\":\"AIC Systems AG\"},\"image\":{\"@id\":\"https:\\\/\\\/www.flowmeter-aic.com\\\/fr\\\/#\\\/schema\\\/logo\\\/image\\\/\"},\"sameAs\":[\"https:\\\/\\\/www.linkedin.com\\\/company\\\/aic-systems-ag\\\/\"]}]}<\/script>\n<!-- \/ Yoast SEO plugin. -->","yoast_head_json":{"title":"D\u00e9bitm\u00e8tre massique AIC 400 NEMO","description":"Faites con ance au d\u00e9bitm\u00e8tre massique AIC 400 NEMO pour booster votre gestion de ux et vosprocessus industriels auxiliaires.","robots":{"index":"index","follow":"follow","max-snippet":"max-snippet:-1","max-image-preview":"max-image-preview:large","max-video-preview":"max-video-preview:-1"},"canonical":"https:\/\/www.flowmeter-aic.com\/fr\/debitmetre-massique-aic-400-nemo\/","og_locale":"en_GB","og_type":"article","og_title":"D\u00e9bitm\u00e8tre massique AIC 400 NEMO","og_description":"Faites con ance au d\u00e9bitm\u00e8tre massique AIC 400 NEMO pour booster votre gestion de ux et vosprocessus industriels auxiliaires.","og_url":"https:\/\/www.flowmeter-aic.com\/fr\/debitmetre-massique-aic-400-nemo\/","og_site_name":"D\u00e9bitm\u00e8tres de consommation de carburant AIC","article_modified_time":"2025-02-24T17:06:44+00:00","twitter_card":"summary_large_image","schema":{"@context":"https:\/\/schema.org","@graph":[{"@type":"WebPage","@id":"https:\/\/www.flowmeter-aic.com\/fr\/debitmetre-massique-aic-400-nemo\/","url":"https:\/\/www.flowmeter-aic.com\/fr\/debitmetre-massique-aic-400-nemo\/","name":"D\u00e9bitm\u00e8tre massique AIC 400 NEMO","isPartOf":{"@id":"https:\/\/www.flowmeter-aic.com\/fr\/#website"},"datePublished":"2021-10-08T02:21:07+00:00","dateModified":"2025-02-24T17:06:44+00:00","description":"Faites con ance au d\u00e9bitm\u00e8tre massique AIC 400 NEMO pour booster votre gestion de ux et vosprocessus industriels auxiliaires.","breadcrumb":{"@id":"https:\/\/www.flowmeter-aic.com\/fr\/debitmetre-massique-aic-400-nemo\/#breadcrumb"},"inLanguage":"en-GB","potentialAction":[{"@type":"ReadAction","target":["https:\/\/www.flowmeter-aic.com\/fr\/debitmetre-massique-aic-400-nemo\/"]}]},{"@type":"BreadcrumbList","@id":"https:\/\/www.flowmeter-aic.com\/fr\/debitmetre-massique-aic-400-nemo\/#breadcrumb","itemListElement":[{"@type":"ListItem","position":1,"name":"Accueil","item":"https:\/\/www.flowmeter-aic.com\/fr\/"},{"@type":"ListItem","position":2,"name":"D\u00e9bitm\u00e8tre massique AIC 400 NEMO"}]},{"@type":"WebSite","@id":"https:\/\/www.flowmeter-aic.com\/fr\/#website","url":"https:\/\/www.flowmeter-aic.com\/fr\/","name":"AIC fuel flow meters : accurate and reliable","description":"Des solutions pr\u00e9cises et fiables pour contr\u00f4ler votre consommation de carburant","publisher":{"@id":"https:\/\/www.flowmeter-aic.com\/fr\/#organization"},"potentialAction":[{"@type":"SearchAction","target":{"@type":"EntryPoint","urlTemplate":"https:\/\/www.flowmeter-aic.com\/fr\/?s={search_term_string}"},"query-input":{"@type":"PropertyValueSpecification","valueRequired":true,"valueName":"search_term_string"}}],"inLanguage":"en-GB"},{"@type":"Organization","@id":"https:\/\/www.flowmeter-aic.com\/fr\/#organization","name":"AIC Systems AG","url":"https:\/\/www.flowmeter-aic.com\/fr\/","logo":{"@type":"ImageObject","inLanguage":"en-GB","@id":"https:\/\/www.flowmeter-aic.com\/fr\/#\/schema\/logo\/image\/","url":"https:\/\/www.flowmeter-aic.com\/fr\/wp-content\/uploads\/2018\/07\/aic_logo_web.png","contentUrl":"https:\/\/www.flowmeter-aic.com\/fr\/wp-content\/uploads\/2018\/07\/aic_logo_web.png","width":200,"height":83,"caption":"AIC Systems AG"},"image":{"@id":"https:\/\/www.flowmeter-aic.com\/fr\/#\/schema\/logo\/image\/"},"sameAs":["https:\/\/www.linkedin.com\/company\/aic-systems-ag\/"]}]}},"_links":{"self":[{"href":"https:\/\/www.flowmeter-aic.com\/fr\/wp-json\/wp\/v2\/pages\/2786","targetHints":{"allow":["GET"]}}],"collection":[{"href":"https:\/\/www.flowmeter-aic.com\/fr\/wp-json\/wp\/v2\/pages"}],"about":[{"href":"https:\/\/www.flowmeter-aic.com\/fr\/wp-json\/wp\/v2\/types\/page"}],"author":[{"embeddable":true,"href":"https:\/\/www.flowmeter-aic.com\/fr\/wp-json\/wp\/v2\/users\/2"}],"replies":[{"embeddable":true,"href":"https:\/\/www.flowmeter-aic.com\/fr\/wp-json\/wp\/v2\/comments?post=2786"}],"version-history":[{"count":13,"href":"https:\/\/www.flowmeter-aic.com\/fr\/wp-json\/wp\/v2\/pages\/2786\/revisions"}],"predecessor-version":[{"id":3096,"href":"https:\/\/www.flowmeter-aic.com\/fr\/wp-json\/wp\/v2\/pages\/2786\/revisions\/3096"}],"wp:attachment":[{"href":"https:\/\/www.flowmeter-aic.com\/fr\/wp-json\/wp\/v2\/media?parent=2786"}],"curies":[{"name":"wp","href":"https:\/\/api.w.org\/{rel}","templated":true}]}}