{"id":2806,"date":"2021-10-10T13:42:02","date_gmt":"2021-10-10T11:42:02","guid":{"rendered":"https:\/\/www.flowmeter-aic.com\/fr\/?page_id=2806"},"modified":"2025-02-24T18:05:52","modified_gmt":"2025-02-24T17:05:52","slug":"aic-300","status":"publish","type":"page","link":"https:\/\/www.flowmeter-aic.com\/fr\/aic-300\/","title":{"rendered":"AIC 300"},"content":{"rendered":"<div class=\"fusion-fullwidth fullwidth-box fusion-builder-row-1 nonhundred-percent-fullwidth non-hundred-percent-height-scrolling\" style=\"--awb-border-radius-top-left:0px;--awb-border-radius-top-right:0px;--awb-border-radius-bottom-right:0px;--awb-border-radius-bottom-left:0px;--awb-flex-wrap:wrap;\" ><div class=\"fusion-builder-row fusion-row\"><div class=\"fusion-layout-column fusion_builder_column fusion-builder-column-0 fusion_builder_column_1_4 1_4 fusion-one-fourth fusion-column-first\" style=\"--awb-bg-size:cover;width:25%;width:calc(25% - ( ( 4% + 4% ) * 0.25 ) );margin-right: 4%;\"><div class=\"fusion-column-wrapper fusion-flex-column-wrapper-legacy\"><div class=\"fusion-widget-area awb-widget-area-element fusion-widget-area-1 fusion-content-widget-area\" style=\"--awb-title-size:45px;--awb-title-color:#333c4e;--awb-padding:0px 0px 0px 0px;\"><style type=\"text\/css\" data-id=\"avada-vertical-menu-widget-2\">#avada-vertical-menu-widget-2 > ul.menu { margin-top: -8px; }<\/style><div id=\"avada-vertical-menu-widget-2\" class=\"widget avada_vertical_menu\"><style>#fusion-vertical-menu-widget-avada-vertical-menu-widget-2-nav ul.menu li a {font-size:16px;}<\/style><nav id=\"fusion-vertical-menu-widget-avada-vertical-menu-widget-2-nav\" class=\"fusion-vertical-menu-widget fusion-menu hover left no-border\" aria-label=\"Secondary Navigation: \"><ul id=\"menu-products-menu\" class=\"menu\"><li id=\"menu-item-2814\" class=\"menu-item menu-item-type-post_type menu-item-object-page menu-item-2814\"><a href=\"https:\/\/www.flowmeter-aic.com\/fr\/aic-300\/\"><span class=\"link-text\"> AIC 300<\/span><span class=\"arrow\"><\/span><\/a><\/li><li id=\"menu-item-2796\" class=\"menu-item menu-item-type-post_type menu-item-object-page menu-item-2796\"><a href=\"https:\/\/www.flowmeter-aic.com\/fr\/debitmetre-massique-aic-400-nemo\/\"><span class=\"link-text\"> AIC 400 NEMO<\/span><span class=\"arrow\"><\/span><\/a><\/li><li id=\"menu-item-2784\" class=\"menu-item menu-item-type-post_type menu-item-object-page menu-item-2784\"><a href=\"https:\/\/www.flowmeter-aic.com\/fr\/debitmetre-aic-700-nemo\/\"><span class=\"link-text\"> AIC 700 NEMO<\/span><span class=\"arrow\"><\/span><\/a><\/li><li id=\"menu-item-2485\" class=\"menu-item menu-item-type-post_type menu-item-object-page menu-item-2485\"><a href=\"https:\/\/www.flowmeter-aic.com\/fr\/aic-900-debitmetre-de-carburant\/\"><span class=\"link-text\"> AIC 900<\/span><span class=\"arrow\"><\/span><\/a><\/li><li id=\"menu-item-2018\" class=\"menu-item menu-item-type-post_type menu-item-object-page menu-item-2018\"><a href=\"https:\/\/www.flowmeter-aic.com\/fr\/debitmetre-de-carburant-aic-1200\/\"><span class=\"link-text\"> AIC 1200<\/span><span class=\"arrow\"><\/span><\/a><\/li><li id=\"menu-item-1323\" class=\"menu-item menu-item-type-post_type menu-item-object-page menu-item-1323\"><a href=\"https:\/\/www.flowmeter-aic.com\/fr\/aic-4000-nemo-debitmetres-de-carburant\/\"><span class=\"link-text\"> AIC 4000 NEMO<\/span><span class=\"arrow\"><\/span><\/a><\/li><li id=\"menu-item-2459\" class=\"menu-item menu-item-type-post_type menu-item-object-page menu-item-2459\"><a href=\"https:\/\/www.flowmeter-aic.com\/fr\/debitmetre-de-carburant-sur-les-bancs-dessai-aic-5000\/\"><span class=\"link-text\"> AIC 5000<\/span><span class=\"arrow\"><\/span><\/a><\/li><li id=\"menu-item-2457\" class=\"menu-item menu-item-type-post_type menu-item-object-page menu-item-2457\"><a href=\"https:\/\/www.flowmeter-aic.com\/fr\/aic-6000-uniflowmaster-debitmetre-carburant\/\"><span class=\"link-text\"> AIC 6000<\/span><span class=\"arrow\"><\/span><\/a><\/li><li id=\"menu-item-2466\" class=\"menu-item menu-item-type-post_type menu-item-object-page menu-item-2466\"><a href=\"https:\/\/www.flowmeter-aic.com\/fr\/debitmetre-avec-affichage-du-co2-en-temps-reel\/\"><span class=\"link-text\"> AIC 7000 NEMO<\/span><span class=\"arrow\"><\/span><\/a><\/li><li id=\"menu-item-2156\" class=\"menu-item menu-item-type-post_type menu-item-object-page menu-item-2156\"><a href=\"https:\/\/www.flowmeter-aic.com\/fr\/aic-bc-3329-ordinateur-de-bord\/\"><span class=\"link-text\"> AIC BC 3329<\/span><span class=\"arrow\"><\/span><\/a><\/li><li id=\"menu-item-2841\" class=\"menu-item menu-item-type-post_type menu-item-object-page menu-item-2841\"><a href=\"https:\/\/www.flowmeter-aic.com\/fr\/aic-rd-100\/\"><span class=\"link-text\"> AIC RD 100<\/span><span class=\"arrow\"><\/span><\/a><\/li><li id=\"menu-item-2855\" class=\"menu-item menu-item-type-post_type menu-item-object-page menu-item-2855\"><a href=\"https:\/\/www.flowmeter-aic.com\/fr\/aic-press-ride-application\/\"><span class=\"link-text\"> AIC Press Ride Application<\/span><span class=\"arrow\"><\/span><\/a><\/li><li id=\"menu-item-2827\" class=\"menu-item menu-item-type-post_type menu-item-object-page menu-item-2827\"><a href=\"https:\/\/www.flowmeter-aic.com\/fr\/set-aic-700-nemo\/\"><span class=\"link-text\"> Set AIC 700 NEMO<\/span><span class=\"arrow\"><\/span><\/a><\/li><\/ul><\/nav><\/div><div class=\"fusion-additional-widget-content\"><\/div><\/div><div class=\"fusion-clearfix\"><\/div><\/div><\/div><div class=\"fusion-layout-column fusion_builder_column fusion-builder-column-1 fusion_builder_column_1_2 1_2 fusion-one-half\" style=\"--awb-bg-size:cover;width:50%;width:calc(50% - ( ( 4% + 4% ) * 0.5 ) );margin-right: 4%;\"><div class=\"fusion-column-wrapper fusion-flex-column-wrapper-legacy\"><div class=\"fusion-text fusion-text-1\"><h2>AIC 300<\/h2>\n<\/div><div class=\"fusion-text fusion-text-2\"><div class=\"fusion-text fusion-text-1\">\n<div class=\"fusion-text fusion-text-1\">\n<p>Le d\u00e9bitm\u00e8tre AIC 300 est un model compact de d\u00e9bitm\u00e8tre volum\u00e9trique \u00e0 un co\u00fbt de possession r\u00e9duit. Ce mod\u00e8le de d\u00e9bitm\u00e8tre volum\u00e9trique mesure le volume r\u00e9el de liquide lorsqu&#8217;il traverse le d\u00e9bitm\u00e8tre. Le signal de consommation est transmis et affich\u00e9 sur le display d\u2019affichage \u00e0 distance RD 100.<\/p>\n<p>Bien que adapt\u00e9s aux usages vari\u00e9s, ces d\u00e9bitm\u00e8tres conviennent le mieux aux applications qui n&#8217;impliquent pas de fluides contenant de grosses particules ou des poches d&#8217;air, car cela peut affecter la fonctionnalit\u00e9 du d\u00e9bitm\u00e8tre et la fiabilit\u00e9 des mesures jusqu&#8217;\u00e0 3000 l\/h ou 793 gph.<\/p>\n<p>Les avantages des d\u00e9bitm\u00e8tres volum\u00e9triques comprennent :<\/p>\n<ul class=\"arrow\">\n<li>Haute pr\u00e9cision<\/li>\n<li>Conviennent aux fluides corrosifs et aux applications sanitaires<\/li>\n<li>Adapt\u00e9s \u00e0 une large gamme de viscosit\u00e9s de fluides<\/li>\n<li>Frottement r\u00e9duit<\/li>\n<li>Compatibilit\u00e9 avec les applications haute pression<\/li>\n<li>Faible co\u00fbt d\u2019entretien<\/li>\n<\/ul>\n<p>Vous recherchez une solution d&#8217;automatisation agile et \u00e9volutive qui assure la p\u00e9rennit\u00e9 de votre entreprise ?<\/p>\n<h3 class=\"fusion-responsive-typography-calculated\" style=\"--fontsize: 22; line-height: 1.45; --minfontsize: 22;\" data-fontsize=\"22\" data-lineheight=\"31.9px\">D\u00e9bitm\u00e8tre \u00e0 d\u00e9placement positif polyvalent et fiable<\/h3>\n<p>Les options incluent des mod\u00e8les resistant \u00e0 la haute pression et aux produits chimiques avec un afficheur num\u00e9rique multi-ports programmable. Si vous avez besoin d&#8217;un mod\u00e8le sp\u00e9cifique ou avez des exigences particuli\u00e8res, nous vous aiderons \u00e0 trouver le d\u00e9bitm\u00e8tre adapt\u00e9 \u00e0 votre application.<\/p>\n<p>Les industries qui utilisent des d\u00e9bitm\u00e8tres \u00e0 d\u00e9placement positif comprennent :<\/p>\n<ul class=\"arrow\">\n<li>Traitement des eaux municipales<\/li>\n<li>Traitement chimique industriel<\/li>\n<li>Transformation des aliments et des boissons<\/li>\n<li>Essais et fabrication pharmaceutiques<\/li>\n<li>Traitement du p\u00e9trole et du gaz<\/li>\n<\/ul>\n<div class=\"fusion-text fusion-text-5\">\n<h3 class=\"\" data-fontsize=\"22\" data-lineheight=\"31.9px\">Demander un devis pour l&#8217;AIC 300<\/h3>\n<\/div>\n<div class=\"fusion-text fusion-text-6\">\n<p>Nous proposons une large gamme de d\u00e9bitm\u00e8tres volum\u00e9triques et d&#8217;autres instruments pour r\u00e9pondre aux besoins de vos applications. Demandez un devis pour les d\u00e9bitm\u00e8tres qui r\u00e9pondent \u00e0 vos besoins ou contactez-nous pour en savoir plus sur nos solutions de contr\u00f4le des fluides.<\/p>\n<\/div>\n<\/div>\n<\/div>\n<\/div><div class=\"fusion-clearfix\"><\/div><\/div><\/div><div class=\"fusion-layout-column fusion_builder_column fusion-builder-column-2 fusion_builder_column_1_4 1_4 fusion-one-fourth fusion-column-last\" style=\"--awb-bg-size:cover;width:25%;width:calc(25% - ( ( 4% + 4% ) * 0.25 ) );\"><div class=\"fusion-column-wrapper fusion-flex-column-wrapper-legacy\"><div class=\"fusion-sep-clear\"><\/div><div class=\"fusion-separator fusion-full-width-sep\" style=\"margin-left: auto;margin-right: auto;margin-top:10px;margin-bottom:20px;width:100%;\"><div class=\"fusion-separator-border sep-double\" style=\"--awb-height:20px;--awb-amount:20px;border-color:#e0dede;border-top-width:0px;border-bottom-width:0px;\"><\/div><\/div><div class=\"fusion-sep-clear\"><\/div><div class=\"fusion-button-wrapper fusion-aligncenter\"><a class=\"fusion-button button-3d button-small button-default fusion-button-default button-1 fusion-button-span-no \" style=\"--button_text_transform:none;\" target=\"_self\" title=\"download\" aria-label=\"download\" href=\"https:\/\/www.flowmeter-aic.com\/fr\/wp-content\/uploads\/2025\/02\/debitmetre-carburant-aic-300-flyer-produit.pdf\"><i class=\"fa-file-pdf fas awb-button__icon awb-button__icon--default button-icon-left\" aria-hidden=\"true\"><\/i><span class=\"fusion-button-text awb-button__text awb-button__text--default\">Informations techniques<\/span><\/a><\/div><div class=\"fusion-image-element in-legacy-container\" style=\"--awb-caption-title-font-family:var(--h2_typography-font-family);--awb-caption-title-font-weight:var(--h2_typography-font-weight);--awb-caption-title-font-style:var(--h2_typography-font-style);--awb-caption-title-size:var(--h2_typography-font-size);--awb-caption-title-transform:var(--h2_typography-text-transform);--awb-caption-title-line-height:var(--h2_typography-line-height);--awb-caption-title-letter-spacing:var(--h2_typography-letter-spacing);\"><span class=\" fusion-imageframe imageframe-none imageframe-1 hover-type-none\"><a class=\"fusion-no-lightbox\" href=\"https:\/\/www.flowmeter-aic.com\/fr\/wp-content\/uploads\/2025\/02\/debitmetre-carburant-aic-300-flyer-produit.pdf\" target=\"_self\" aria-label=\"AIC_300_flowmeter-versatile\"><img decoding=\"async\" width=\"587\" height=\"425\" alt=\"Le d\u00e9bitm\u00e8tre AIC 300\" src=\"https:\/\/www.flowmeter-aic.com\/fr\/wp-content\/uploads\/2021\/10\/AIC_300_flowmeter-versatile.png\" class=\"img-responsive wp-image-2790\" srcset=\"https:\/\/www.flowmeter-aic.com\/fr\/wp-content\/uploads\/2021\/10\/AIC_300_flowmeter-versatile-200x145.png 200w, https:\/\/www.flowmeter-aic.com\/fr\/wp-content\/uploads\/2021\/10\/AIC_300_flowmeter-versatile-400x290.png 400w, https:\/\/www.flowmeter-aic.com\/fr\/wp-content\/uploads\/2021\/10\/AIC_300_flowmeter-versatile.png 587w\" sizes=\"(max-width: 1025px) 100vw, 587px\" \/><\/a><\/span><\/div><div class=\"fusion-sep-clear\"><\/div><div class=\"fusion-separator fusion-full-width-sep\" style=\"margin-left: auto;margin-right: auto;margin-top:20px;margin-bottom:20px;width:100%;\"><div class=\"fusion-separator-border sep-double\" style=\"--awb-height:20px;--awb-amount:20px;border-color:#e0dede;border-top-width:0px;border-bottom-width:0px;\"><\/div><\/div><div class=\"fusion-sep-clear\"><\/div><div class=\"fusion-clearfix\"><\/div><\/div><\/div><\/div><\/div>\n","protected":false},"excerpt":{"rendered":"","protected":false},"author":2,"featured_media":0,"parent":0,"menu_order":0,"comment_status":"closed","ping_status":"closed","template":"","meta":{"footnotes":""},"class_list":["post-2806","page","type-page","status-publish","hentry"],"yoast_head":"<!-- This site is optimized with the Yoast SEO plugin v27.5 - https:\/\/yoast.com\/product\/yoast-seo-wordpress\/ -->\n<title>D\u00e9bitm\u00e8tre AIC 300<\/title>\n<meta name=\"description\" content=\"Le d\u00e9bitm\u00e8tre AIC 300 est un model compact de d\u00e9bitm\u00e8tre volum\u00e9trique \u00e0 un co\u00fbt depossession r\u00e9duit.\" \/>\n<meta name=\"robots\" content=\"index, follow, max-snippet:-1, max-image-preview:large, max-video-preview:-1\" \/>\n<link rel=\"canonical\" href=\"https:\/\/www.flowmeter-aic.com\/fr\/aic-300\/\" \/>\n<meta property=\"og:locale\" content=\"en_GB\" \/>\n<meta property=\"og:type\" content=\"article\" \/>\n<meta property=\"og:title\" content=\"D\u00e9bitm\u00e8tre AIC 300\" \/>\n<meta property=\"og:description\" content=\"Le d\u00e9bitm\u00e8tre AIC 300 est un model compact de d\u00e9bitm\u00e8tre volum\u00e9trique \u00e0 un co\u00fbt depossession r\u00e9duit.\" \/>\n<meta property=\"og:url\" content=\"https:\/\/www.flowmeter-aic.com\/fr\/aic-300\/\" \/>\n<meta property=\"og:site_name\" content=\"D\u00e9bitm\u00e8tres de consommation de carburant AIC\" \/>\n<meta property=\"article:modified_time\" content=\"2025-02-24T17:05:52+00:00\" \/>\n<meta name=\"twitter:card\" content=\"summary_large_image\" \/>\n<script type=\"application\/ld+json\" class=\"yoast-schema-graph\">{\"@context\":\"https:\\\/\\\/schema.org\",\"@graph\":[{\"@type\":\"WebPage\",\"@id\":\"https:\\\/\\\/www.flowmeter-aic.com\\\/fr\\\/aic-300\\\/\",\"url\":\"https:\\\/\\\/www.flowmeter-aic.com\\\/fr\\\/aic-300\\\/\",\"name\":\"D\u00e9bitm\u00e8tre AIC 300\",\"isPartOf\":{\"@id\":\"https:\\\/\\\/www.flowmeter-aic.com\\\/fr\\\/#website\"},\"datePublished\":\"2021-10-10T11:42:02+00:00\",\"dateModified\":\"2025-02-24T17:05:52+00:00\",\"description\":\"Le d\u00e9bitm\u00e8tre AIC 300 est un model compact de d\u00e9bitm\u00e8tre volum\u00e9trique \u00e0 un co\u00fbt depossession r\u00e9duit.\",\"breadcrumb\":{\"@id\":\"https:\\\/\\\/www.flowmeter-aic.com\\\/fr\\\/aic-300\\\/#breadcrumb\"},\"inLanguage\":\"en-GB\",\"potentialAction\":[{\"@type\":\"ReadAction\",\"target\":[\"https:\\\/\\\/www.flowmeter-aic.com\\\/fr\\\/aic-300\\\/\"]}]},{\"@type\":\"BreadcrumbList\",\"@id\":\"https:\\\/\\\/www.flowmeter-aic.com\\\/fr\\\/aic-300\\\/#breadcrumb\",\"itemListElement\":[{\"@type\":\"ListItem\",\"position\":1,\"name\":\"Accueil\",\"item\":\"https:\\\/\\\/www.flowmeter-aic.com\\\/fr\\\/\"},{\"@type\":\"ListItem\",\"position\":2,\"name\":\"AIC 300\"}]},{\"@type\":\"WebSite\",\"@id\":\"https:\\\/\\\/www.flowmeter-aic.com\\\/fr\\\/#website\",\"url\":\"https:\\\/\\\/www.flowmeter-aic.com\\\/fr\\\/\",\"name\":\"AIC fuel flow meters : accurate and reliable\",\"description\":\"Des solutions pr\u00e9cises et fiables pour contr\u00f4ler votre consommation de carburant\",\"publisher\":{\"@id\":\"https:\\\/\\\/www.flowmeter-aic.com\\\/fr\\\/#organization\"},\"potentialAction\":[{\"@type\":\"SearchAction\",\"target\":{\"@type\":\"EntryPoint\",\"urlTemplate\":\"https:\\\/\\\/www.flowmeter-aic.com\\\/fr\\\/?s={search_term_string}\"},\"query-input\":{\"@type\":\"PropertyValueSpecification\",\"valueRequired\":true,\"valueName\":\"search_term_string\"}}],\"inLanguage\":\"en-GB\"},{\"@type\":\"Organization\",\"@id\":\"https:\\\/\\\/www.flowmeter-aic.com\\\/fr\\\/#organization\",\"name\":\"AIC Systems AG\",\"url\":\"https:\\\/\\\/www.flowmeter-aic.com\\\/fr\\\/\",\"logo\":{\"@type\":\"ImageObject\",\"inLanguage\":\"en-GB\",\"@id\":\"https:\\\/\\\/www.flowmeter-aic.com\\\/fr\\\/#\\\/schema\\\/logo\\\/image\\\/\",\"url\":\"https:\\\/\\\/www.flowmeter-aic.com\\\/fr\\\/wp-content\\\/uploads\\\/2018\\\/07\\\/aic_logo_web.png\",\"contentUrl\":\"https:\\\/\\\/www.flowmeter-aic.com\\\/fr\\\/wp-content\\\/uploads\\\/2018\\\/07\\\/aic_logo_web.png\",\"width\":200,\"height\":83,\"caption\":\"AIC Systems AG\"},\"image\":{\"@id\":\"https:\\\/\\\/www.flowmeter-aic.com\\\/fr\\\/#\\\/schema\\\/logo\\\/image\\\/\"},\"sameAs\":[\"https:\\\/\\\/www.linkedin.com\\\/company\\\/aic-systems-ag\\\/\"]}]}<\/script>\n<!-- \/ Yoast SEO plugin. -->","yoast_head_json":{"title":"D\u00e9bitm\u00e8tre AIC 300","description":"Le d\u00e9bitm\u00e8tre AIC 300 est un model compact de d\u00e9bitm\u00e8tre volum\u00e9trique \u00e0 un co\u00fbt depossession r\u00e9duit.","robots":{"index":"index","follow":"follow","max-snippet":"max-snippet:-1","max-image-preview":"max-image-preview:large","max-video-preview":"max-video-preview:-1"},"canonical":"https:\/\/www.flowmeter-aic.com\/fr\/aic-300\/","og_locale":"en_GB","og_type":"article","og_title":"D\u00e9bitm\u00e8tre AIC 300","og_description":"Le d\u00e9bitm\u00e8tre AIC 300 est un model compact de d\u00e9bitm\u00e8tre volum\u00e9trique \u00e0 un co\u00fbt depossession r\u00e9duit.","og_url":"https:\/\/www.flowmeter-aic.com\/fr\/aic-300\/","og_site_name":"D\u00e9bitm\u00e8tres de consommation de carburant AIC","article_modified_time":"2025-02-24T17:05:52+00:00","twitter_card":"summary_large_image","schema":{"@context":"https:\/\/schema.org","@graph":[{"@type":"WebPage","@id":"https:\/\/www.flowmeter-aic.com\/fr\/aic-300\/","url":"https:\/\/www.flowmeter-aic.com\/fr\/aic-300\/","name":"D\u00e9bitm\u00e8tre AIC 300","isPartOf":{"@id":"https:\/\/www.flowmeter-aic.com\/fr\/#website"},"datePublished":"2021-10-10T11:42:02+00:00","dateModified":"2025-02-24T17:05:52+00:00","description":"Le d\u00e9bitm\u00e8tre AIC 300 est un model compact de d\u00e9bitm\u00e8tre volum\u00e9trique \u00e0 un co\u00fbt depossession r\u00e9duit.","breadcrumb":{"@id":"https:\/\/www.flowmeter-aic.com\/fr\/aic-300\/#breadcrumb"},"inLanguage":"en-GB","potentialAction":[{"@type":"ReadAction","target":["https:\/\/www.flowmeter-aic.com\/fr\/aic-300\/"]}]},{"@type":"BreadcrumbList","@id":"https:\/\/www.flowmeter-aic.com\/fr\/aic-300\/#breadcrumb","itemListElement":[{"@type":"ListItem","position":1,"name":"Accueil","item":"https:\/\/www.flowmeter-aic.com\/fr\/"},{"@type":"ListItem","position":2,"name":"AIC 300"}]},{"@type":"WebSite","@id":"https:\/\/www.flowmeter-aic.com\/fr\/#website","url":"https:\/\/www.flowmeter-aic.com\/fr\/","name":"AIC fuel flow meters : accurate and reliable","description":"Des solutions pr\u00e9cises et fiables pour contr\u00f4ler votre consommation de carburant","publisher":{"@id":"https:\/\/www.flowmeter-aic.com\/fr\/#organization"},"potentialAction":[{"@type":"SearchAction","target":{"@type":"EntryPoint","urlTemplate":"https:\/\/www.flowmeter-aic.com\/fr\/?s={search_term_string}"},"query-input":{"@type":"PropertyValueSpecification","valueRequired":true,"valueName":"search_term_string"}}],"inLanguage":"en-GB"},{"@type":"Organization","@id":"https:\/\/www.flowmeter-aic.com\/fr\/#organization","name":"AIC Systems AG","url":"https:\/\/www.flowmeter-aic.com\/fr\/","logo":{"@type":"ImageObject","inLanguage":"en-GB","@id":"https:\/\/www.flowmeter-aic.com\/fr\/#\/schema\/logo\/image\/","url":"https:\/\/www.flowmeter-aic.com\/fr\/wp-content\/uploads\/2018\/07\/aic_logo_web.png","contentUrl":"https:\/\/www.flowmeter-aic.com\/fr\/wp-content\/uploads\/2018\/07\/aic_logo_web.png","width":200,"height":83,"caption":"AIC Systems AG"},"image":{"@id":"https:\/\/www.flowmeter-aic.com\/fr\/#\/schema\/logo\/image\/"},"sameAs":["https:\/\/www.linkedin.com\/company\/aic-systems-ag\/"]}]}},"_links":{"self":[{"href":"https:\/\/www.flowmeter-aic.com\/fr\/wp-json\/wp\/v2\/pages\/2806","targetHints":{"allow":["GET"]}}],"collection":[{"href":"https:\/\/www.flowmeter-aic.com\/fr\/wp-json\/wp\/v2\/pages"}],"about":[{"href":"https:\/\/www.flowmeter-aic.com\/fr\/wp-json\/wp\/v2\/types\/page"}],"author":[{"embeddable":true,"href":"https:\/\/www.flowmeter-aic.com\/fr\/wp-json\/wp\/v2\/users\/2"}],"replies":[{"embeddable":true,"href":"https:\/\/www.flowmeter-aic.com\/fr\/wp-json\/wp\/v2\/comments?post=2806"}],"version-history":[{"count":13,"href":"https:\/\/www.flowmeter-aic.com\/fr\/wp-json\/wp\/v2\/pages\/2806\/revisions"}],"predecessor-version":[{"id":3095,"href":"https:\/\/www.flowmeter-aic.com\/fr\/wp-json\/wp\/v2\/pages\/2806\/revisions\/3095"}],"wp:attachment":[{"href":"https:\/\/www.flowmeter-aic.com\/fr\/wp-json\/wp\/v2\/media?parent=2806"}],"curies":[{"name":"wp","href":"https:\/\/api.w.org\/{rel}","templated":true}]}}