{"id":2831,"date":"2021-10-11T17:35:32","date_gmt":"2021-10-11T15:35:32","guid":{"rendered":"https:\/\/www.flowmeter-aic.com\/fr\/?page_id=2831"},"modified":"2025-02-24T18:12:18","modified_gmt":"2025-02-24T17:12:18","slug":"aic-rd-100","status":"publish","type":"page","link":"https:\/\/www.flowmeter-aic.com\/fr\/aic-rd-100\/","title":{"rendered":"AIC RD 100"},"content":{"rendered":"<div class=\"fusion-fullwidth fullwidth-box fusion-builder-row-1 nonhundred-percent-fullwidth non-hundred-percent-height-scrolling\" style=\"--awb-border-radius-top-left:0px;--awb-border-radius-top-right:0px;--awb-border-radius-bottom-right:0px;--awb-border-radius-bottom-left:0px;--awb-flex-wrap:wrap;\" ><div class=\"fusion-builder-row fusion-row\"><div class=\"fusion-layout-column fusion_builder_column fusion-builder-column-0 fusion_builder_column_1_4 1_4 fusion-one-fourth fusion-column-first\" style=\"--awb-bg-size:cover;width:25%;width:calc(25% - ( ( 4% + 4% ) * 0.25 ) );margin-right: 4%;\"><div class=\"fusion-column-wrapper fusion-flex-column-wrapper-legacy\"><div class=\"fusion-widget-area awb-widget-area-element fusion-widget-area-1 fusion-content-widget-area\" style=\"--awb-title-size:45px;--awb-title-color:#333c4e;--awb-padding:0px 0px 0px 0px;\"><style type=\"text\/css\" data-id=\"avada-vertical-menu-widget-2\">#avada-vertical-menu-widget-2 > ul.menu { margin-top: -8px; }<\/style><div id=\"avada-vertical-menu-widget-2\" class=\"widget avada_vertical_menu\"><style>#fusion-vertical-menu-widget-avada-vertical-menu-widget-2-nav ul.menu li a {font-size:16px;}<\/style><nav id=\"fusion-vertical-menu-widget-avada-vertical-menu-widget-2-nav\" class=\"fusion-vertical-menu-widget fusion-menu hover left no-border\" aria-label=\"Secondary Navigation: \"><ul id=\"menu-products-menu\" class=\"menu\"><li id=\"menu-item-2814\" class=\"menu-item menu-item-type-post_type menu-item-object-page menu-item-2814\"><a href=\"https:\/\/www.flowmeter-aic.com\/fr\/aic-300\/\"><span class=\"link-text\"> AIC 300<\/span><span class=\"arrow\"><\/span><\/a><\/li><li id=\"menu-item-2796\" class=\"menu-item menu-item-type-post_type menu-item-object-page menu-item-2796\"><a href=\"https:\/\/www.flowmeter-aic.com\/fr\/debitmetre-massique-aic-400-nemo\/\"><span class=\"link-text\"> AIC 400 NEMO<\/span><span class=\"arrow\"><\/span><\/a><\/li><li id=\"menu-item-2784\" class=\"menu-item menu-item-type-post_type menu-item-object-page menu-item-2784\"><a href=\"https:\/\/www.flowmeter-aic.com\/fr\/debitmetre-aic-700-nemo\/\"><span class=\"link-text\"> AIC 700 NEMO<\/span><span class=\"arrow\"><\/span><\/a><\/li><li id=\"menu-item-2485\" class=\"menu-item menu-item-type-post_type menu-item-object-page menu-item-2485\"><a href=\"https:\/\/www.flowmeter-aic.com\/fr\/aic-900-debitmetre-de-carburant\/\"><span class=\"link-text\"> AIC 900<\/span><span class=\"arrow\"><\/span><\/a><\/li><li id=\"menu-item-2018\" class=\"menu-item menu-item-type-post_type menu-item-object-page menu-item-2018\"><a href=\"https:\/\/www.flowmeter-aic.com\/fr\/debitmetre-de-carburant-aic-1200\/\"><span class=\"link-text\"> AIC 1200<\/span><span class=\"arrow\"><\/span><\/a><\/li><li id=\"menu-item-1323\" class=\"menu-item menu-item-type-post_type menu-item-object-page menu-item-1323\"><a href=\"https:\/\/www.flowmeter-aic.com\/fr\/aic-4000-nemo-debitmetres-de-carburant\/\"><span class=\"link-text\"> AIC 4000 NEMO<\/span><span class=\"arrow\"><\/span><\/a><\/li><li id=\"menu-item-2459\" class=\"menu-item menu-item-type-post_type menu-item-object-page menu-item-2459\"><a href=\"https:\/\/www.flowmeter-aic.com\/fr\/debitmetre-de-carburant-sur-les-bancs-dessai-aic-5000\/\"><span class=\"link-text\"> AIC 5000<\/span><span class=\"arrow\"><\/span><\/a><\/li><li id=\"menu-item-2457\" class=\"menu-item menu-item-type-post_type menu-item-object-page menu-item-2457\"><a href=\"https:\/\/www.flowmeter-aic.com\/fr\/aic-6000-uniflowmaster-debitmetre-carburant\/\"><span class=\"link-text\"> AIC 6000<\/span><span class=\"arrow\"><\/span><\/a><\/li><li id=\"menu-item-2466\" class=\"menu-item menu-item-type-post_type menu-item-object-page menu-item-2466\"><a href=\"https:\/\/www.flowmeter-aic.com\/fr\/debitmetre-avec-affichage-du-co2-en-temps-reel\/\"><span class=\"link-text\"> AIC 7000 NEMO<\/span><span class=\"arrow\"><\/span><\/a><\/li><li id=\"menu-item-2156\" class=\"menu-item menu-item-type-post_type menu-item-object-page menu-item-2156\"><a href=\"https:\/\/www.flowmeter-aic.com\/fr\/aic-bc-3329-ordinateur-de-bord\/\"><span class=\"link-text\"> AIC BC 3329<\/span><span class=\"arrow\"><\/span><\/a><\/li><li id=\"menu-item-2841\" class=\"menu-item menu-item-type-post_type menu-item-object-page menu-item-2841\"><a href=\"https:\/\/www.flowmeter-aic.com\/fr\/aic-rd-100\/\"><span class=\"link-text\"> AIC RD 100<\/span><span class=\"arrow\"><\/span><\/a><\/li><li id=\"menu-item-2855\" class=\"menu-item menu-item-type-post_type menu-item-object-page menu-item-2855\"><a href=\"https:\/\/www.flowmeter-aic.com\/fr\/aic-press-ride-application\/\"><span class=\"link-text\"> AIC Press Ride Application<\/span><span class=\"arrow\"><\/span><\/a><\/li><li id=\"menu-item-2827\" class=\"menu-item menu-item-type-post_type menu-item-object-page menu-item-2827\"><a href=\"https:\/\/www.flowmeter-aic.com\/fr\/set-aic-700-nemo\/\"><span class=\"link-text\"> Set AIC 700 NEMO<\/span><span class=\"arrow\"><\/span><\/a><\/li><\/ul><\/nav><\/div><div class=\"fusion-additional-widget-content\"><\/div><\/div><div class=\"fusion-clearfix\"><\/div><\/div><\/div><div class=\"fusion-layout-column fusion_builder_column fusion-builder-column-1 fusion_builder_column_1_2 1_2 fusion-one-half\" style=\"--awb-bg-size:cover;width:50%;width:calc(50% - ( ( 4% + 4% ) * 0.5 ) );margin-right: 4%;\"><div class=\"fusion-column-wrapper fusion-flex-column-wrapper-legacy\"><div class=\"fusion-text fusion-text-1\"><h2 class=\"fusion-responsive-typography-calculated\" data-fontsize=\"32\" data-lineheight=\"49.9167px\">AIC RD 100<\/h2>\n<\/div><div class=\"fusion-text fusion-text-2\"><p>L&#8217;afficheur AIC RD 100 est parfaitement adapt\u00e9 aux d\u00e9bitm\u00e8tres <a href=\"https:\/\/www.flowmeter-aic.com\/fr\/aic-300\/\"><strong>AIC 300<\/strong><\/a> et <a href=\"https:\/\/www.flowmeter-aic.com\/fr\/debitmetre-massique-aic-400-nemo\/\"><strong>AIC 400 NEMO<\/strong><\/a> pour booster votre gestion de d\u00e9bit et vos processus industriels auxiliaires. Encastr\u00e9 dans l\u2019unit\u00e9 de commande, le RD 100 affichera et enregistrera les valeurs sur une cl\u00e9 USB de la mani\u00e8re la plus simple.<\/p>\n<p>Dans la recherche d&#8217;opportunit\u00e9s d&#8217;optimisation, le RD 100 am\u00e9liorera la disponibilit\u00e9, la s\u00e9curit\u00e9, l&#8217;efficacit\u00e9 et la conformit\u00e9 des installations.<\/p>\n<p>En combinaison avec le d\u00e9bitm\u00e8tre massique <strong><a href=\"https:\/\/www.flowmeter-aic.com\/fr\/debitmetre-massique-aic-400-nemo\/\">AIC 400 NEMO<\/a><\/strong>, vous pouvez enregistrer la consommation de carburant ainsi que les \u00e9missions de CO2. Cette solution \u00abtout-en-un\u00bb \u00e9tant con\u00e7ue pour un montage permanent.<\/p>\n<h3 class=\"fusion-responsive-typography-calculated\" style=\"--fontsize: 22; line-height: 1.45; --minfontsize: 22;\" data-fontsize=\"22\" data-lineheight=\"31.9px\">Configuration typique du syst\u00e8me<\/h3>\n<h3 data-fontsize=\"22\" data-lineheight=\"31.9px\"><img decoding=\"async\" class=\"alignnone size-full wp-image-3432\" src=\"https:\/\/www.flowmeter-aic.com\/wp-content\/uploads\/2021\/04\/Remote-Display-RD-100-2.jpg\" alt=\"aic rd 100 remote display\" width=\"1024\" height=\"576\" \/><\/h3>\n<h3 class=\"fusion-responsive-typography-calculated\" style=\"--fontsize: 22; line-height: 1.45; --minfontsize: 22;\" data-fontsize=\"22\" data-lineheight=\"31.9px\">Caract\u00e9ristiques et avantages<\/h3>\n<ul class=\"arrow\">\n<li>Haute pr\u00e9cision<\/li>\n<li>Visualisez la consommation de carburant et les \u00e9missions de CO2 instantan\u00e9es<\/li>\n<li>Enregistrez les valeurs sur USB<br \/>Compatibilit\u00e9 avec AIC 300 et AIC 400<\/li>\n<li>Aucun entretien sp\u00e9cifique n\u2019est n\u00e9cessaire<\/li>\n<\/ul>\n<h3>Demander un devis pour AIC RD 100<\/h3>\n<div class=\"fusion-text fusion-text-10\">\n<p>Nous proposons une large gamme de d\u00e9bitm\u00e8tres volum\u00e9triques et d&#8217;autres instruments pour r\u00e9pondre aux besoins de vos applications. Demandez un devis pour les d\u00e9bitm\u00e8tres qui r\u00e9pondent \u00e0 vos besoins ou contactez-nous pour en savoir plus sur nos solutions de contr\u00f4le des fluides.<\/p>\n<\/div>\n<\/div><div class=\"fusion-text fusion-text-3\"><\/div><div class=\"fusion-clearfix\"><\/div><\/div><\/div><div class=\"fusion-layout-column fusion_builder_column fusion-builder-column-2 fusion_builder_column_1_5 1_5 fusion-one-fifth fusion-column-last\" style=\"--awb-bg-size:cover;width:20%;width:calc(20% - ( ( 4% + 4% ) * 0.2 ) );\"><div class=\"fusion-column-wrapper fusion-flex-column-wrapper-legacy\"><div class=\"fusion-button-wrapper fusion-aligncenter\"><a class=\"fusion-button button-3d button-small button-default fusion-button-default button-1 fusion-button-span-no \" style=\"--button_text_transform:none;\" target=\"_self\" title=\"download\" aria-label=\"download\" href=\"https:\/\/www.flowmeter-aic.com\/fr\/wp-content\/uploads\/2025\/02\/affichage-distant-rd-100-flyer-produit.pdf\"><i class=\"fa-file-pdf fas awb-button__icon awb-button__icon--default button-icon-left\" aria-hidden=\"true\"><\/i><span class=\"fusion-button-text awb-button__text awb-button__text--default\">Informations techniques<\/span><\/a><\/div><div class=\"fusion-sep-clear\"><\/div><div class=\"fusion-separator fusion-full-width-sep\" style=\"margin-left: auto;margin-right: auto;margin-top:30px;margin-bottom:20px;width:100%;\"><div class=\"fusion-separator-border sep-double\" style=\"--awb-height:20px;--awb-amount:20px;border-color:#e0dede;border-top-width:0px;border-bottom-width:0px;\"><\/div><\/div><div class=\"fusion-sep-clear\"><\/div><div class=\"fusion-image-element fusion-image-align-center fusion-no-small-visibility in-legacy-container\" style=\"text-align:center;--awb-caption-title-font-family:var(--h2_typography-font-family);--awb-caption-title-font-weight:var(--h2_typography-font-weight);--awb-caption-title-font-style:var(--h2_typography-font-style);--awb-caption-title-size:var(--h2_typography-font-size);--awb-caption-title-transform:var(--h2_typography-text-transform);--awb-caption-title-line-height:var(--h2_typography-line-height);--awb-caption-title-letter-spacing:var(--h2_typography-letter-spacing);\"><div class=\"imageframe-align-center\"><span class=\" fusion-imageframe imageframe-none imageframe-1 hover-type-none\"><a class=\"fusion-no-lightbox\" href=\"https:\/\/www.flowmeter-aic.com\/fr\/wp-content\/uploads\/2025\/02\/affichage-distant-rd-100-flyer-produit.pdf\" target=\"_self\" aria-label=\"AIC-BC-3329-display fuer RD100\"><img decoding=\"async\" width=\"270\" height=\"360\" alt=\"L&#039;afficheur AIC RD 100\" src=\"https:\/\/www.flowmeter-aic.com\/fr\/wp-content\/uploads\/2021\/10\/AIC-BC-3329-display-fuer-RD100.jpg\" class=\"img-responsive wp-image-2833\" srcset=\"https:\/\/www.flowmeter-aic.com\/fr\/wp-content\/uploads\/2021\/10\/AIC-BC-3329-display-fuer-RD100-200x267.jpg 200w, https:\/\/www.flowmeter-aic.com\/fr\/wp-content\/uploads\/2021\/10\/AIC-BC-3329-display-fuer-RD100.jpg 270w\" sizes=\"(max-width: 1025px) 100vw, 270px\" \/><\/a><\/span><\/div><\/div><div class=\"fusion-sep-clear\"><\/div><div class=\"fusion-separator fusion-full-width-sep\" style=\"margin-left: auto;margin-right: auto;margin-top:20px;margin-bottom:20px;width:100%;\"><div class=\"fusion-separator-border sep-double\" style=\"--awb-height:20px;--awb-amount:20px;border-color:#e0dede;border-top-width:0px;border-bottom-width:0px;\"><\/div><\/div><div class=\"fusion-sep-clear\"><\/div><div class=\"fusion-clearfix\"><\/div><\/div><\/div><\/div><\/div>\n","protected":false},"excerpt":{"rendered":"","protected":false},"author":2,"featured_media":0,"parent":0,"menu_order":0,"comment_status":"closed","ping_status":"closed","template":"","meta":{"footnotes":""},"class_list":["post-2831","page","type-page","status-publish","hentry"],"yoast_head":"<!-- This site is optimized with the Yoast SEO plugin v27.5 - https:\/\/yoast.com\/product\/yoast-seo-wordpress\/ -->\n<title>L&#039;afficheur AIC RD 100<\/title>\n<meta name=\"description\" content=\"L&#039;afficheur AIC RD 100 est parfaitement adapt\u00e9 aux d\u00e9bitm\u00e8tres AIC 300 et AIC 400 NEMO pourbooster votre gestion de d\u00e9bit et vos processus industriels auxiliaires.\" \/>\n<meta name=\"robots\" content=\"index, follow, max-snippet:-1, max-image-preview:large, max-video-preview:-1\" \/>\n<link rel=\"canonical\" href=\"https:\/\/www.flowmeter-aic.com\/fr\/aic-rd-100\/\" \/>\n<meta property=\"og:locale\" content=\"en_GB\" \/>\n<meta property=\"og:type\" content=\"article\" \/>\n<meta property=\"og:title\" content=\"L&#039;afficheur AIC RD 100\" \/>\n<meta property=\"og:description\" content=\"L&#039;afficheur AIC RD 100 est parfaitement adapt\u00e9 aux d\u00e9bitm\u00e8tres AIC 300 et AIC 400 NEMO pourbooster votre gestion de d\u00e9bit et vos processus industriels auxiliaires.\" \/>\n<meta property=\"og:url\" content=\"https:\/\/www.flowmeter-aic.com\/fr\/aic-rd-100\/\" \/>\n<meta property=\"og:site_name\" content=\"D\u00e9bitm\u00e8tres de consommation de carburant AIC\" \/>\n<meta property=\"article:modified_time\" content=\"2025-02-24T17:12:18+00:00\" \/>\n<meta name=\"twitter:card\" content=\"summary_large_image\" \/>\n<script type=\"application\/ld+json\" class=\"yoast-schema-graph\">{\"@context\":\"https:\\\/\\\/schema.org\",\"@graph\":[{\"@type\":\"WebPage\",\"@id\":\"https:\\\/\\\/www.flowmeter-aic.com\\\/fr\\\/aic-rd-100\\\/\",\"url\":\"https:\\\/\\\/www.flowmeter-aic.com\\\/fr\\\/aic-rd-100\\\/\",\"name\":\"L'afficheur AIC RD 100\",\"isPartOf\":{\"@id\":\"https:\\\/\\\/www.flowmeter-aic.com\\\/fr\\\/#website\"},\"primaryImageOfPage\":{\"@id\":\"https:\\\/\\\/www.flowmeter-aic.com\\\/fr\\\/aic-rd-100\\\/#primaryimage\"},\"image\":{\"@id\":\"https:\\\/\\\/www.flowmeter-aic.com\\\/fr\\\/aic-rd-100\\\/#primaryimage\"},\"thumbnailUrl\":\"https:\\\/\\\/www.flowmeter-aic.com\\\/wp-content\\\/uploads\\\/2021\\\/04\\\/Remote-Display-RD-100-2.jpg\",\"datePublished\":\"2021-10-11T15:35:32+00:00\",\"dateModified\":\"2025-02-24T17:12:18+00:00\",\"description\":\"L'afficheur AIC RD 100 est parfaitement adapt\u00e9 aux d\u00e9bitm\u00e8tres AIC 300 et AIC 400 NEMO pourbooster votre gestion de d\u00e9bit et vos processus industriels auxiliaires.\",\"breadcrumb\":{\"@id\":\"https:\\\/\\\/www.flowmeter-aic.com\\\/fr\\\/aic-rd-100\\\/#breadcrumb\"},\"inLanguage\":\"en-GB\",\"potentialAction\":[{\"@type\":\"ReadAction\",\"target\":[\"https:\\\/\\\/www.flowmeter-aic.com\\\/fr\\\/aic-rd-100\\\/\"]}]},{\"@type\":\"ImageObject\",\"inLanguage\":\"en-GB\",\"@id\":\"https:\\\/\\\/www.flowmeter-aic.com\\\/fr\\\/aic-rd-100\\\/#primaryimage\",\"url\":\"https:\\\/\\\/www.flowmeter-aic.com\\\/wp-content\\\/uploads\\\/2021\\\/04\\\/Remote-Display-RD-100-2.jpg\",\"contentUrl\":\"https:\\\/\\\/www.flowmeter-aic.com\\\/wp-content\\\/uploads\\\/2021\\\/04\\\/Remote-Display-RD-100-2.jpg\"},{\"@type\":\"BreadcrumbList\",\"@id\":\"https:\\\/\\\/www.flowmeter-aic.com\\\/fr\\\/aic-rd-100\\\/#breadcrumb\",\"itemListElement\":[{\"@type\":\"ListItem\",\"position\":1,\"name\":\"Accueil\",\"item\":\"https:\\\/\\\/www.flowmeter-aic.com\\\/fr\\\/\"},{\"@type\":\"ListItem\",\"position\":2,\"name\":\"AIC RD 100\"}]},{\"@type\":\"WebSite\",\"@id\":\"https:\\\/\\\/www.flowmeter-aic.com\\\/fr\\\/#website\",\"url\":\"https:\\\/\\\/www.flowmeter-aic.com\\\/fr\\\/\",\"name\":\"AIC fuel flow meters : accurate and reliable\",\"description\":\"Des solutions pr\u00e9cises et fiables pour contr\u00f4ler votre consommation de carburant\",\"publisher\":{\"@id\":\"https:\\\/\\\/www.flowmeter-aic.com\\\/fr\\\/#organization\"},\"potentialAction\":[{\"@type\":\"SearchAction\",\"target\":{\"@type\":\"EntryPoint\",\"urlTemplate\":\"https:\\\/\\\/www.flowmeter-aic.com\\\/fr\\\/?s={search_term_string}\"},\"query-input\":{\"@type\":\"PropertyValueSpecification\",\"valueRequired\":true,\"valueName\":\"search_term_string\"}}],\"inLanguage\":\"en-GB\"},{\"@type\":\"Organization\",\"@id\":\"https:\\\/\\\/www.flowmeter-aic.com\\\/fr\\\/#organization\",\"name\":\"AIC Systems AG\",\"url\":\"https:\\\/\\\/www.flowmeter-aic.com\\\/fr\\\/\",\"logo\":{\"@type\":\"ImageObject\",\"inLanguage\":\"en-GB\",\"@id\":\"https:\\\/\\\/www.flowmeter-aic.com\\\/fr\\\/#\\\/schema\\\/logo\\\/image\\\/\",\"url\":\"https:\\\/\\\/www.flowmeter-aic.com\\\/fr\\\/wp-content\\\/uploads\\\/2018\\\/07\\\/aic_logo_web.png\",\"contentUrl\":\"https:\\\/\\\/www.flowmeter-aic.com\\\/fr\\\/wp-content\\\/uploads\\\/2018\\\/07\\\/aic_logo_web.png\",\"width\":200,\"height\":83,\"caption\":\"AIC Systems AG\"},\"image\":{\"@id\":\"https:\\\/\\\/www.flowmeter-aic.com\\\/fr\\\/#\\\/schema\\\/logo\\\/image\\\/\"},\"sameAs\":[\"https:\\\/\\\/www.linkedin.com\\\/company\\\/aic-systems-ag\\\/\"]}]}<\/script>\n<!-- \/ Yoast SEO plugin. -->","yoast_head_json":{"title":"L'afficheur AIC RD 100","description":"L'afficheur AIC RD 100 est parfaitement adapt\u00e9 aux d\u00e9bitm\u00e8tres AIC 300 et AIC 400 NEMO pourbooster votre gestion de d\u00e9bit et vos processus industriels auxiliaires.","robots":{"index":"index","follow":"follow","max-snippet":"max-snippet:-1","max-image-preview":"max-image-preview:large","max-video-preview":"max-video-preview:-1"},"canonical":"https:\/\/www.flowmeter-aic.com\/fr\/aic-rd-100\/","og_locale":"en_GB","og_type":"article","og_title":"L'afficheur AIC RD 100","og_description":"L'afficheur AIC RD 100 est parfaitement adapt\u00e9 aux d\u00e9bitm\u00e8tres AIC 300 et AIC 400 NEMO pourbooster votre gestion de d\u00e9bit et vos processus industriels auxiliaires.","og_url":"https:\/\/www.flowmeter-aic.com\/fr\/aic-rd-100\/","og_site_name":"D\u00e9bitm\u00e8tres de consommation de carburant AIC","article_modified_time":"2025-02-24T17:12:18+00:00","twitter_card":"summary_large_image","schema":{"@context":"https:\/\/schema.org","@graph":[{"@type":"WebPage","@id":"https:\/\/www.flowmeter-aic.com\/fr\/aic-rd-100\/","url":"https:\/\/www.flowmeter-aic.com\/fr\/aic-rd-100\/","name":"L'afficheur AIC RD 100","isPartOf":{"@id":"https:\/\/www.flowmeter-aic.com\/fr\/#website"},"primaryImageOfPage":{"@id":"https:\/\/www.flowmeter-aic.com\/fr\/aic-rd-100\/#primaryimage"},"image":{"@id":"https:\/\/www.flowmeter-aic.com\/fr\/aic-rd-100\/#primaryimage"},"thumbnailUrl":"https:\/\/www.flowmeter-aic.com\/wp-content\/uploads\/2021\/04\/Remote-Display-RD-100-2.jpg","datePublished":"2021-10-11T15:35:32+00:00","dateModified":"2025-02-24T17:12:18+00:00","description":"L'afficheur AIC RD 100 est parfaitement adapt\u00e9 aux d\u00e9bitm\u00e8tres AIC 300 et AIC 400 NEMO pourbooster votre gestion de d\u00e9bit et vos processus industriels auxiliaires.","breadcrumb":{"@id":"https:\/\/www.flowmeter-aic.com\/fr\/aic-rd-100\/#breadcrumb"},"inLanguage":"en-GB","potentialAction":[{"@type":"ReadAction","target":["https:\/\/www.flowmeter-aic.com\/fr\/aic-rd-100\/"]}]},{"@type":"ImageObject","inLanguage":"en-GB","@id":"https:\/\/www.flowmeter-aic.com\/fr\/aic-rd-100\/#primaryimage","url":"https:\/\/www.flowmeter-aic.com\/wp-content\/uploads\/2021\/04\/Remote-Display-RD-100-2.jpg","contentUrl":"https:\/\/www.flowmeter-aic.com\/wp-content\/uploads\/2021\/04\/Remote-Display-RD-100-2.jpg"},{"@type":"BreadcrumbList","@id":"https:\/\/www.flowmeter-aic.com\/fr\/aic-rd-100\/#breadcrumb","itemListElement":[{"@type":"ListItem","position":1,"name":"Accueil","item":"https:\/\/www.flowmeter-aic.com\/fr\/"},{"@type":"ListItem","position":2,"name":"AIC RD 100"}]},{"@type":"WebSite","@id":"https:\/\/www.flowmeter-aic.com\/fr\/#website","url":"https:\/\/www.flowmeter-aic.com\/fr\/","name":"AIC fuel flow meters : accurate and reliable","description":"Des solutions pr\u00e9cises et fiables pour contr\u00f4ler votre consommation de carburant","publisher":{"@id":"https:\/\/www.flowmeter-aic.com\/fr\/#organization"},"potentialAction":[{"@type":"SearchAction","target":{"@type":"EntryPoint","urlTemplate":"https:\/\/www.flowmeter-aic.com\/fr\/?s={search_term_string}"},"query-input":{"@type":"PropertyValueSpecification","valueRequired":true,"valueName":"search_term_string"}}],"inLanguage":"en-GB"},{"@type":"Organization","@id":"https:\/\/www.flowmeter-aic.com\/fr\/#organization","name":"AIC Systems AG","url":"https:\/\/www.flowmeter-aic.com\/fr\/","logo":{"@type":"ImageObject","inLanguage":"en-GB","@id":"https:\/\/www.flowmeter-aic.com\/fr\/#\/schema\/logo\/image\/","url":"https:\/\/www.flowmeter-aic.com\/fr\/wp-content\/uploads\/2018\/07\/aic_logo_web.png","contentUrl":"https:\/\/www.flowmeter-aic.com\/fr\/wp-content\/uploads\/2018\/07\/aic_logo_web.png","width":200,"height":83,"caption":"AIC Systems AG"},"image":{"@id":"https:\/\/www.flowmeter-aic.com\/fr\/#\/schema\/logo\/image\/"},"sameAs":["https:\/\/www.linkedin.com\/company\/aic-systems-ag\/"]}]}},"_links":{"self":[{"href":"https:\/\/www.flowmeter-aic.com\/fr\/wp-json\/wp\/v2\/pages\/2831","targetHints":{"allow":["GET"]}}],"collection":[{"href":"https:\/\/www.flowmeter-aic.com\/fr\/wp-json\/wp\/v2\/pages"}],"about":[{"href":"https:\/\/www.flowmeter-aic.com\/fr\/wp-json\/wp\/v2\/types\/page"}],"author":[{"embeddable":true,"href":"https:\/\/www.flowmeter-aic.com\/fr\/wp-json\/wp\/v2\/users\/2"}],"replies":[{"embeddable":true,"href":"https:\/\/www.flowmeter-aic.com\/fr\/wp-json\/wp\/v2\/comments?post=2831"}],"version-history":[{"count":12,"href":"https:\/\/www.flowmeter-aic.com\/fr\/wp-json\/wp\/v2\/pages\/2831\/revisions"}],"predecessor-version":[{"id":3104,"href":"https:\/\/www.flowmeter-aic.com\/fr\/wp-json\/wp\/v2\/pages\/2831\/revisions\/3104"}],"wp:attachment":[{"href":"https:\/\/www.flowmeter-aic.com\/fr\/wp-json\/wp\/v2\/media?parent=2831"}],"curies":[{"name":"wp","href":"https:\/\/api.w.org\/{rel}","templated":true}]}}