{"id":2842,"date":"2021-10-11T18:55:22","date_gmt":"2021-10-11T16:55:22","guid":{"rendered":"https:\/\/www.flowmeter-aic.com\/fr\/?page_id=2842"},"modified":"2023-06-25T11:33:43","modified_gmt":"2023-06-25T09:33:43","slug":"aic-press-ride-application","status":"publish","type":"page","link":"https:\/\/www.flowmeter-aic.com\/fr\/aic-press-ride-application\/","title":{"rendered":"AIC Press Ride Application"},"content":{"rendered":"<div class=\"fusion-fullwidth fullwidth-box fusion-builder-row-1 nonhundred-percent-fullwidth non-hundred-percent-height-scrolling\" style=\"--awb-border-radius-top-left:0px;--awb-border-radius-top-right:0px;--awb-border-radius-bottom-right:0px;--awb-border-radius-bottom-left:0px;--awb-flex-wrap:wrap;\" ><div class=\"fusion-builder-row fusion-row\"><div class=\"fusion-layout-column fusion_builder_column fusion-builder-column-0 fusion_builder_column_1_4 1_4 fusion-one-fourth fusion-column-first\" style=\"--awb-bg-size:cover;width:25%;width:calc(25% - ( ( 4% + 4% ) * 0.25 ) );margin-right: 4%;\"><div class=\"fusion-column-wrapper fusion-flex-column-wrapper-legacy\"><div class=\"fusion-widget-area awb-widget-area-element fusion-widget-area-1 fusion-content-widget-area\" style=\"--awb-title-size:45px;--awb-title-color:#333c4e;--awb-padding:0px 0px 0px 0px;\"><style type=\"text\/css\" data-id=\"avada-vertical-menu-widget-2\">#avada-vertical-menu-widget-2 > ul.menu { margin-top: -8px; }<\/style><div id=\"avada-vertical-menu-widget-2\" class=\"widget avada_vertical_menu\"><style>#fusion-vertical-menu-widget-avada-vertical-menu-widget-2-nav ul.menu li a {font-size:16px;}<\/style><nav id=\"fusion-vertical-menu-widget-avada-vertical-menu-widget-2-nav\" class=\"fusion-vertical-menu-widget fusion-menu hover left no-border\" aria-label=\"Secondary Navigation: \"><ul id=\"menu-products-menu\" class=\"menu\"><li id=\"menu-item-2814\" class=\"menu-item menu-item-type-post_type menu-item-object-page menu-item-2814\"><a href=\"https:\/\/www.flowmeter-aic.com\/fr\/aic-300\/\"><span class=\"link-text\"> AIC 300<\/span><span class=\"arrow\"><\/span><\/a><\/li><li id=\"menu-item-2796\" class=\"menu-item menu-item-type-post_type menu-item-object-page menu-item-2796\"><a href=\"https:\/\/www.flowmeter-aic.com\/fr\/debitmetre-massique-aic-400-nemo\/\"><span class=\"link-text\"> AIC 400 NEMO<\/span><span class=\"arrow\"><\/span><\/a><\/li><li id=\"menu-item-2784\" class=\"menu-item menu-item-type-post_type menu-item-object-page menu-item-2784\"><a href=\"https:\/\/www.flowmeter-aic.com\/fr\/debitmetre-aic-700-nemo\/\"><span class=\"link-text\"> AIC 700 NEMO<\/span><span class=\"arrow\"><\/span><\/a><\/li><li id=\"menu-item-2485\" class=\"menu-item menu-item-type-post_type menu-item-object-page menu-item-2485\"><a href=\"https:\/\/www.flowmeter-aic.com\/fr\/aic-900-debitmetre-de-carburant\/\"><span class=\"link-text\"> AIC 900<\/span><span class=\"arrow\"><\/span><\/a><\/li><li id=\"menu-item-2018\" class=\"menu-item menu-item-type-post_type menu-item-object-page menu-item-2018\"><a href=\"https:\/\/www.flowmeter-aic.com\/fr\/debitmetre-de-carburant-aic-1200\/\"><span class=\"link-text\"> AIC 1200<\/span><span class=\"arrow\"><\/span><\/a><\/li><li id=\"menu-item-1323\" class=\"menu-item menu-item-type-post_type menu-item-object-page menu-item-1323\"><a href=\"https:\/\/www.flowmeter-aic.com\/fr\/aic-4000-nemo-debitmetres-de-carburant\/\"><span class=\"link-text\"> AIC 4000 NEMO<\/span><span class=\"arrow\"><\/span><\/a><\/li><li id=\"menu-item-2459\" class=\"menu-item menu-item-type-post_type menu-item-object-page menu-item-2459\"><a href=\"https:\/\/www.flowmeter-aic.com\/fr\/debitmetre-de-carburant-sur-les-bancs-dessai-aic-5000\/\"><span class=\"link-text\"> AIC 5000<\/span><span class=\"arrow\"><\/span><\/a><\/li><li id=\"menu-item-2457\" class=\"menu-item menu-item-type-post_type menu-item-object-page menu-item-2457\"><a href=\"https:\/\/www.flowmeter-aic.com\/fr\/aic-6000-uniflowmaster-debitmetre-carburant\/\"><span class=\"link-text\"> AIC 6000<\/span><span class=\"arrow\"><\/span><\/a><\/li><li id=\"menu-item-2466\" class=\"menu-item menu-item-type-post_type menu-item-object-page menu-item-2466\"><a href=\"https:\/\/www.flowmeter-aic.com\/fr\/debitmetre-avec-affichage-du-co2-en-temps-reel\/\"><span class=\"link-text\"> AIC 7000 NEMO<\/span><span class=\"arrow\"><\/span><\/a><\/li><li id=\"menu-item-2156\" class=\"menu-item menu-item-type-post_type menu-item-object-page menu-item-2156\"><a href=\"https:\/\/www.flowmeter-aic.com\/fr\/aic-bc-3329-ordinateur-de-bord\/\"><span class=\"link-text\"> AIC BC 3329<\/span><span class=\"arrow\"><\/span><\/a><\/li><li id=\"menu-item-2841\" class=\"menu-item menu-item-type-post_type menu-item-object-page menu-item-2841\"><a href=\"https:\/\/www.flowmeter-aic.com\/fr\/aic-rd-100\/\"><span class=\"link-text\"> AIC RD 100<\/span><span class=\"arrow\"><\/span><\/a><\/li><li id=\"menu-item-2855\" class=\"menu-item menu-item-type-post_type menu-item-object-page menu-item-2855\"><a href=\"https:\/\/www.flowmeter-aic.com\/fr\/aic-press-ride-application\/\"><span class=\"link-text\"> AIC Press Ride Application<\/span><span class=\"arrow\"><\/span><\/a><\/li><li id=\"menu-item-2827\" class=\"menu-item menu-item-type-post_type menu-item-object-page menu-item-2827\"><a href=\"https:\/\/www.flowmeter-aic.com\/fr\/set-aic-700-nemo\/\"><span class=\"link-text\"> Set AIC 700 NEMO<\/span><span class=\"arrow\"><\/span><\/a><\/li><\/ul><\/nav><\/div><div class=\"fusion-additional-widget-content\"><\/div><\/div><div class=\"fusion-clearfix\"><\/div><\/div><\/div><div class=\"fusion-layout-column fusion_builder_column fusion-builder-column-1 fusion_builder_column_1_2 1_2 fusion-one-half\" style=\"--awb-bg-size:cover;width:50%;width:calc(50% - ( ( 4% + 4% ) * 0.5 ) );margin-right: 4%;\"><div class=\"fusion-column-wrapper fusion-flex-column-wrapper-legacy\"><div class=\"fusion-text fusion-text-1\"><h2 class=\"fusion-responsive-typography-calculated\" data-fontsize=\"32\" data-lineheight=\"49.9167px\">AIC Press Ride Application<\/h2>\n<\/div><div class=\"fusion-sep-clear\"><\/div><div class=\"fusion-separator fusion-full-width-sep\" style=\"margin-left: auto;margin-right: auto;margin-top:5px;margin-bottom:5px;width:100%;\"><div class=\"fusion-separator-border sep-double\" style=\"--awb-height:20px;--awb-amount:20px;border-color:#e0dede;border-top-width:0px;border-bottom-width:0px;\"><\/div><\/div><div class=\"fusion-sep-clear\"><\/div><div class=\"fusion-text fusion-text-2\"><div class=\"fusion-text\">\n<div class=\"fusion-text\">\n<div class=\"fusion-text\">Optimisez votre proc\u00e9dure de test de presse et enregistrez automatiquement les donn\u00e9es de consommation de carburant en termes de volume, masse et \u00e9missions de CO2 de la mani\u00e8re la plus simple et la plus pr\u00e9cise.<\/div>\n<div class=\"fusion-text\"><strong>La nouvelle application AIC Press Ride<\/strong> avec une prise en main intuitive et une excellente reproductibilit\u00e9 sont de bonnes raisons de choisir la solution tout-en-un AIC.<\/div>\n<\/div>\n<div class=\"fusion-text\">\n<h4 class=\"fusion-responsive-typography-calculated\" data-fontsize=\"22\" data-lineheight=\"33px\">Plus de chronom\u00e8tre ni de papier dans la cabine<\/h4>\n<\/div>\n<div class=\"fusion-text\">\n<p><img decoding=\"async\" class=\"aligncenter\" src=\"https:\/\/www.flowmeter-aic.com\/wp-content\/uploads\/2020\/10\/montage-no-note-no-stopwatch-400x200.png\" alt=\"With AIC Press Ride, no need for a notepad or a stopwatch : Press Ride does the job with efficiency and accuracy.\" \/><\/p>\n<p>Avec AIC Press Ride, plus besoin de bloc-notes ou de chronom\u00e8tre : Press Ride fait le travail avec efficacit\u00e9 et pr\u00e9cision. Gr\u00e2ce \u00e0 son design compact, l&#8217;application AIC Press Ride est tr\u00e8s facile \u00e0 utiliser dans chaque cabine et la con guration du syst\u00e8me ne prend que quelques minutes. Une seule main suffit pour conduire avec succ\u00e8s votre test.<br \/>Pour d\u00e9marrer la s\u00e9quence, appuyez tout simplement une fois sur le bouton et pour chaque suivant point de mesure (MP) sur votre parcours. Pour arr\u00eater l&#8217;enregistrement, il suffit d&#8217;appuyer deux fois sur le bouton. Les phases 1, 2 et 3 sont enregistr\u00e9es et en arr\u00eatant l\u2019enregistrement, vous pouvez r\u00e9cup\u00e9rer les donn\u00e9es des trois phases pour une analyse plus approfondie.<\/p>\n<\/div>\n<div class=\"fusion-text\">\n<h3>Pourquoi choisir AIC ?<\/h3>\n<p>AIC est au service de l&#8217;industrie depuis plus de 40 ans avec des instruments de mesure de d\u00e9bit de carburant de pointe et pr\u00e9cis et des solutions int\u00e9gr\u00e9es d&#8217;analyse des donn\u00e9es de consommation de carburant.<br \/>Avec la derni\u00e8re <strong>technologie NEMO<\/strong> qui permet \u00e9galement les mesures de <strong>masse<\/strong> et d\u2019<strong>\u00e9missions CO2<\/strong>, augmentant l&#8217;efficacit\u00e9 de vos besoins en <strong>Big Data<\/strong>. Choisissez la meilleure solution pour votre entreprise parmi la large gamme AIC.<\/p>\n<h3>Caract\u00e9ristiques<\/h3>\n<ul class=\"arrow\">\n<li>Avec le capteur de mesure de carburant, vous atteignez la plus haute pr\u00e9cision pour le monitoring de votre \u00e9quipement<\/li>\n<li>Une seule personne suffit pour r\u00e9aliser le test<\/li>\n<li>RSI en moins de deux semaines<\/li>\n<\/ul>\n<div class=\"fusion-text fusion-text-5\">\n<h3 class=\"\" data-fontsize=\"22\" data-lineheight=\"31.9px\">Demander un devis pour l&#8217;application AIC Press Ride<\/h3>\n<\/div>\n<div class=\"fusion-text fusion-text-6\">\n<p>Nous proposons une large gamme de d\u00e9bitm\u00e8tres volum\u00e9triques et d&#8217;autres instruments pour r\u00e9pondre aux besoins de vos applications. Demandez un devis pour les d\u00e9bitm\u00e8tres qui r\u00e9pondent \u00e0 vos besoins ou contactez-nous pour en savoir plus sur nos solutions de contr\u00f4le des fluides.<\/p>\n<\/div>\n<p class=\"fusion-responsive-typography-calculated\" data-fontsize=\"22\" data-lineheight=\"31.9px\">\u00a0<\/p>\n<\/div>\n<\/div>\n<\/div><div class=\"fusion-clearfix\"><\/div><\/div><\/div><div class=\"fusion-layout-column fusion_builder_column fusion-builder-column-2 fusion_builder_column_1_5 1_5 fusion-one-fifth fusion-column-last\" style=\"--awb-bg-size:cover;width:20%;width:calc(20% - ( ( 4% + 4% ) * 0.2 ) );\"><div class=\"fusion-column-wrapper fusion-flex-column-wrapper-legacy\"><div class=\"fusion-button-wrapper fusion-aligncenter\"><a class=\"fusion-button button-3d button-small button-default fusion-button-default button-1 fusion-button-span-no \" style=\"--button-border-radius-top-left:0;--button-border-radius-top-right:0;--button-border-radius-bottom-right:0;--button-border-radius-bottom-left:0;--button_text_transform:none;\" target=\"_self\" title=\"download\" aria-label=\"download\" href=\"https:\/\/www.flowmeter-aic.com\/fr\/wp-content\/uploads\/2021\/10\/AIC-Press-Ride_MI-2010-AIC-Press-Ride_MI-2010.pdf\"><i class=\"fa-file-pdf fas awb-button__icon awb-button__icon--default button-icon-left\" aria-hidden=\"true\"><\/i><span class=\"fusion-button-text awb-button__text awb-button__text--default\">Informations techniques<\/span><\/a><\/div><div class=\"fusion-sep-clear\"><\/div><div class=\"fusion-separator fusion-full-width-sep\" style=\"margin-left: auto;margin-right: auto;margin-top:30px;margin-bottom:20px;width:100%;\"><div class=\"fusion-separator-border sep-double\" style=\"--awb-height:20px;--awb-amount:20px;border-color:#e0dede;border-top-width:0px;border-bottom-width:0px;\"><\/div><\/div><div class=\"fusion-sep-clear\"><\/div><div class=\"fusion-image-element fusion-image-align-center fusion-no-small-visibility in-legacy-container\" style=\"text-align:center;--awb-caption-title-font-family:var(--h2_typography-font-family);--awb-caption-title-font-weight:var(--h2_typography-font-weight);--awb-caption-title-font-style:var(--h2_typography-font-style);--awb-caption-title-size:var(--h2_typography-font-size);--awb-caption-title-transform:var(--h2_typography-text-transform);--awb-caption-title-line-height:var(--h2_typography-line-height);--awb-caption-title-letter-spacing:var(--h2_typography-letter-spacing);\"><div class=\"imageframe-align-center\"><span class=\" fusion-imageframe imageframe-none imageframe-1 hover-type-none\"><img decoding=\"async\" width=\"400\" height=\"394\" title=\"IMG_8146-press-ride-buzzer-400&#215;394\" src=\"https:\/\/www.flowmeter-aic.com\/fr\/wp-content\/uploads\/2021\/10\/IMG_8146-press-ride-buzzer-400x394-1.png\" alt class=\"img-responsive wp-image-2846\" srcset=\"https:\/\/www.flowmeter-aic.com\/fr\/wp-content\/uploads\/2021\/10\/IMG_8146-press-ride-buzzer-400x394-1-200x197.png 200w, https:\/\/www.flowmeter-aic.com\/fr\/wp-content\/uploads\/2021\/10\/IMG_8146-press-ride-buzzer-400x394-1.png 400w\" sizes=\"(max-width: 1025px) 100vw, 400px\" \/><\/span><\/div><\/div><div class=\"fusion-image-element fusion-image-align-center in-legacy-container\" style=\"text-align:center;--awb-caption-title-font-family:var(--h2_typography-font-family);--awb-caption-title-font-weight:var(--h2_typography-font-weight);--awb-caption-title-font-style:var(--h2_typography-font-style);--awb-caption-title-size:var(--h2_typography-font-size);--awb-caption-title-transform:var(--h2_typography-text-transform);--awb-caption-title-line-height:var(--h2_typography-line-height);--awb-caption-title-letter-spacing:var(--h2_typography-letter-spacing);\"><div class=\"imageframe-align-center\"><span class=\" fusion-imageframe imageframe-none imageframe-2 hover-type-none\"><img decoding=\"async\" width=\"500\" height=\"341\" title=\"AIC-BC-3329-NEMO-measuring-CO2-emissions\" src=\"https:\/\/www.flowmeter-aic.com\/fr\/wp-content\/uploads\/2021\/10\/AIC-BC-3329-NEMO-measuring-CO2-emissions.png\" alt class=\"img-responsive wp-image-2847\" srcset=\"https:\/\/www.flowmeter-aic.com\/fr\/wp-content\/uploads\/2021\/10\/AIC-BC-3329-NEMO-measuring-CO2-emissions-200x136.png 200w, https:\/\/www.flowmeter-aic.com\/fr\/wp-content\/uploads\/2021\/10\/AIC-BC-3329-NEMO-measuring-CO2-emissions-400x273.png 400w, https:\/\/www.flowmeter-aic.com\/fr\/wp-content\/uploads\/2021\/10\/AIC-BC-3329-NEMO-measuring-CO2-emissions.png 500w\" sizes=\"(max-width: 1025px) 100vw, 400px\" \/><\/span><\/div><\/div><div class=\"fusion-sep-clear\"><\/div><div class=\"fusion-separator fusion-full-width-sep\" style=\"margin-left: auto;margin-right: auto;margin-top:20px;margin-bottom:20px;width:100%;\"><div class=\"fusion-separator-border sep-double\" style=\"--awb-height:20px;--awb-amount:20px;border-color:#e0dede;border-top-width:0px;border-bottom-width:0px;\"><\/div><\/div><div class=\"fusion-sep-clear\"><\/div><div class=\"fusion-clearfix\"><\/div><\/div><\/div><\/div><\/div>\n","protected":false},"excerpt":{"rendered":"","protected":false},"author":2,"featured_media":0,"parent":0,"menu_order":0,"comment_status":"closed","ping_status":"closed","template":"","meta":{"footnotes":""},"class_list":["post-2842","page","type-page","status-publish","hentry"],"yoast_head":"<!-- This site is optimized with the Yoast SEO plugin v27.5 - https:\/\/yoast.com\/product\/yoast-seo-wordpress\/ -->\n<title>AIC Press Ride Application<\/title>\n<meta name=\"description\" content=\"La nouvelle application AIC Press Ride avec une prise en mainintuitive et une excellente reproductibilit\u00e9 sont de bonnes raisons de choisir la solution tout-en-unAIC.\" \/>\n<meta name=\"robots\" content=\"index, follow, max-snippet:-1, max-image-preview:large, max-video-preview:-1\" \/>\n<link rel=\"canonical\" href=\"https:\/\/www.flowmeter-aic.com\/fr\/aic-press-ride-application\/\" \/>\n<meta property=\"og:locale\" content=\"en_GB\" \/>\n<meta property=\"og:type\" content=\"article\" \/>\n<meta property=\"og:title\" content=\"AIC Press Ride Application\" \/>\n<meta property=\"og:description\" content=\"La nouvelle application AIC Press Ride avec une prise en mainintuitive et une excellente reproductibilit\u00e9 sont de bonnes raisons de choisir la solution tout-en-unAIC.\" \/>\n<meta property=\"og:url\" content=\"https:\/\/www.flowmeter-aic.com\/fr\/aic-press-ride-application\/\" \/>\n<meta property=\"og:site_name\" content=\"D\u00e9bitm\u00e8tres de consommation de carburant AIC\" \/>\n<meta property=\"article:modified_time\" content=\"2023-06-25T09:33:43+00:00\" \/>\n<meta property=\"og:image\" content=\"https:\/\/www.flowmeter-aic.com\/wp-content\/uploads\/2020\/10\/montage-no-note-no-stopwatch-400x200.png\" \/>\n<meta name=\"twitter:card\" content=\"summary_large_image\" \/>\n<script type=\"application\/ld+json\" class=\"yoast-schema-graph\">{\"@context\":\"https:\\\/\\\/schema.org\",\"@graph\":[{\"@type\":\"WebPage\",\"@id\":\"https:\\\/\\\/www.flowmeter-aic.com\\\/fr\\\/aic-press-ride-application\\\/\",\"url\":\"https:\\\/\\\/www.flowmeter-aic.com\\\/fr\\\/aic-press-ride-application\\\/\",\"name\":\"AIC Press Ride Application\",\"isPartOf\":{\"@id\":\"https:\\\/\\\/www.flowmeter-aic.com\\\/fr\\\/#website\"},\"primaryImageOfPage\":{\"@id\":\"https:\\\/\\\/www.flowmeter-aic.com\\\/fr\\\/aic-press-ride-application\\\/#primaryimage\"},\"image\":{\"@id\":\"https:\\\/\\\/www.flowmeter-aic.com\\\/fr\\\/aic-press-ride-application\\\/#primaryimage\"},\"thumbnailUrl\":\"https:\\\/\\\/www.flowmeter-aic.com\\\/wp-content\\\/uploads\\\/2020\\\/10\\\/montage-no-note-no-stopwatch-400x200.png\",\"datePublished\":\"2021-10-11T16:55:22+00:00\",\"dateModified\":\"2023-06-25T09:33:43+00:00\",\"description\":\"La nouvelle application AIC Press Ride avec une prise en mainintuitive et une excellente reproductibilit\u00e9 sont de bonnes raisons de choisir la solution tout-en-unAIC.\",\"breadcrumb\":{\"@id\":\"https:\\\/\\\/www.flowmeter-aic.com\\\/fr\\\/aic-press-ride-application\\\/#breadcrumb\"},\"inLanguage\":\"en-GB\",\"potentialAction\":[{\"@type\":\"ReadAction\",\"target\":[\"https:\\\/\\\/www.flowmeter-aic.com\\\/fr\\\/aic-press-ride-application\\\/\"]}]},{\"@type\":\"ImageObject\",\"inLanguage\":\"en-GB\",\"@id\":\"https:\\\/\\\/www.flowmeter-aic.com\\\/fr\\\/aic-press-ride-application\\\/#primaryimage\",\"url\":\"https:\\\/\\\/www.flowmeter-aic.com\\\/wp-content\\\/uploads\\\/2020\\\/10\\\/montage-no-note-no-stopwatch-400x200.png\",\"contentUrl\":\"https:\\\/\\\/www.flowmeter-aic.com\\\/wp-content\\\/uploads\\\/2020\\\/10\\\/montage-no-note-no-stopwatch-400x200.png\"},{\"@type\":\"BreadcrumbList\",\"@id\":\"https:\\\/\\\/www.flowmeter-aic.com\\\/fr\\\/aic-press-ride-application\\\/#breadcrumb\",\"itemListElement\":[{\"@type\":\"ListItem\",\"position\":1,\"name\":\"Accueil\",\"item\":\"https:\\\/\\\/www.flowmeter-aic.com\\\/fr\\\/\"},{\"@type\":\"ListItem\",\"position\":2,\"name\":\"AIC Press Ride Application\"}]},{\"@type\":\"WebSite\",\"@id\":\"https:\\\/\\\/www.flowmeter-aic.com\\\/fr\\\/#website\",\"url\":\"https:\\\/\\\/www.flowmeter-aic.com\\\/fr\\\/\",\"name\":\"AIC fuel flow meters : accurate and reliable\",\"description\":\"Des solutions pr\u00e9cises et fiables pour contr\u00f4ler votre consommation de carburant\",\"publisher\":{\"@id\":\"https:\\\/\\\/www.flowmeter-aic.com\\\/fr\\\/#organization\"},\"potentialAction\":[{\"@type\":\"SearchAction\",\"target\":{\"@type\":\"EntryPoint\",\"urlTemplate\":\"https:\\\/\\\/www.flowmeter-aic.com\\\/fr\\\/?s={search_term_string}\"},\"query-input\":{\"@type\":\"PropertyValueSpecification\",\"valueRequired\":true,\"valueName\":\"search_term_string\"}}],\"inLanguage\":\"en-GB\"},{\"@type\":\"Organization\",\"@id\":\"https:\\\/\\\/www.flowmeter-aic.com\\\/fr\\\/#organization\",\"name\":\"AIC Systems AG\",\"url\":\"https:\\\/\\\/www.flowmeter-aic.com\\\/fr\\\/\",\"logo\":{\"@type\":\"ImageObject\",\"inLanguage\":\"en-GB\",\"@id\":\"https:\\\/\\\/www.flowmeter-aic.com\\\/fr\\\/#\\\/schema\\\/logo\\\/image\\\/\",\"url\":\"https:\\\/\\\/www.flowmeter-aic.com\\\/fr\\\/wp-content\\\/uploads\\\/2018\\\/07\\\/aic_logo_web.png\",\"contentUrl\":\"https:\\\/\\\/www.flowmeter-aic.com\\\/fr\\\/wp-content\\\/uploads\\\/2018\\\/07\\\/aic_logo_web.png\",\"width\":200,\"height\":83,\"caption\":\"AIC Systems AG\"},\"image\":{\"@id\":\"https:\\\/\\\/www.flowmeter-aic.com\\\/fr\\\/#\\\/schema\\\/logo\\\/image\\\/\"},\"sameAs\":[\"https:\\\/\\\/www.linkedin.com\\\/company\\\/aic-systems-ag\\\/\"]}]}<\/script>\n<!-- \/ Yoast SEO plugin. -->","yoast_head_json":{"title":"AIC Press Ride Application","description":"La nouvelle application AIC Press Ride avec une prise en mainintuitive et une excellente reproductibilit\u00e9 sont de bonnes raisons de choisir la solution tout-en-unAIC.","robots":{"index":"index","follow":"follow","max-snippet":"max-snippet:-1","max-image-preview":"max-image-preview:large","max-video-preview":"max-video-preview:-1"},"canonical":"https:\/\/www.flowmeter-aic.com\/fr\/aic-press-ride-application\/","og_locale":"en_GB","og_type":"article","og_title":"AIC Press Ride Application","og_description":"La nouvelle application AIC Press Ride avec une prise en mainintuitive et une excellente reproductibilit\u00e9 sont de bonnes raisons de choisir la solution tout-en-unAIC.","og_url":"https:\/\/www.flowmeter-aic.com\/fr\/aic-press-ride-application\/","og_site_name":"D\u00e9bitm\u00e8tres de consommation de carburant AIC","article_modified_time":"2023-06-25T09:33:43+00:00","og_image":[{"url":"https:\/\/www.flowmeter-aic.com\/wp-content\/uploads\/2020\/10\/montage-no-note-no-stopwatch-400x200.png","type":"","width":"","height":""}],"twitter_card":"summary_large_image","schema":{"@context":"https:\/\/schema.org","@graph":[{"@type":"WebPage","@id":"https:\/\/www.flowmeter-aic.com\/fr\/aic-press-ride-application\/","url":"https:\/\/www.flowmeter-aic.com\/fr\/aic-press-ride-application\/","name":"AIC Press Ride Application","isPartOf":{"@id":"https:\/\/www.flowmeter-aic.com\/fr\/#website"},"primaryImageOfPage":{"@id":"https:\/\/www.flowmeter-aic.com\/fr\/aic-press-ride-application\/#primaryimage"},"image":{"@id":"https:\/\/www.flowmeter-aic.com\/fr\/aic-press-ride-application\/#primaryimage"},"thumbnailUrl":"https:\/\/www.flowmeter-aic.com\/wp-content\/uploads\/2020\/10\/montage-no-note-no-stopwatch-400x200.png","datePublished":"2021-10-11T16:55:22+00:00","dateModified":"2023-06-25T09:33:43+00:00","description":"La nouvelle application AIC Press Ride avec une prise en mainintuitive et une excellente reproductibilit\u00e9 sont de bonnes raisons de choisir la solution tout-en-unAIC.","breadcrumb":{"@id":"https:\/\/www.flowmeter-aic.com\/fr\/aic-press-ride-application\/#breadcrumb"},"inLanguage":"en-GB","potentialAction":[{"@type":"ReadAction","target":["https:\/\/www.flowmeter-aic.com\/fr\/aic-press-ride-application\/"]}]},{"@type":"ImageObject","inLanguage":"en-GB","@id":"https:\/\/www.flowmeter-aic.com\/fr\/aic-press-ride-application\/#primaryimage","url":"https:\/\/www.flowmeter-aic.com\/wp-content\/uploads\/2020\/10\/montage-no-note-no-stopwatch-400x200.png","contentUrl":"https:\/\/www.flowmeter-aic.com\/wp-content\/uploads\/2020\/10\/montage-no-note-no-stopwatch-400x200.png"},{"@type":"BreadcrumbList","@id":"https:\/\/www.flowmeter-aic.com\/fr\/aic-press-ride-application\/#breadcrumb","itemListElement":[{"@type":"ListItem","position":1,"name":"Accueil","item":"https:\/\/www.flowmeter-aic.com\/fr\/"},{"@type":"ListItem","position":2,"name":"AIC Press Ride Application"}]},{"@type":"WebSite","@id":"https:\/\/www.flowmeter-aic.com\/fr\/#website","url":"https:\/\/www.flowmeter-aic.com\/fr\/","name":"AIC fuel flow meters : accurate and reliable","description":"Des solutions pr\u00e9cises et fiables pour contr\u00f4ler votre consommation de carburant","publisher":{"@id":"https:\/\/www.flowmeter-aic.com\/fr\/#organization"},"potentialAction":[{"@type":"SearchAction","target":{"@type":"EntryPoint","urlTemplate":"https:\/\/www.flowmeter-aic.com\/fr\/?s={search_term_string}"},"query-input":{"@type":"PropertyValueSpecification","valueRequired":true,"valueName":"search_term_string"}}],"inLanguage":"en-GB"},{"@type":"Organization","@id":"https:\/\/www.flowmeter-aic.com\/fr\/#organization","name":"AIC Systems AG","url":"https:\/\/www.flowmeter-aic.com\/fr\/","logo":{"@type":"ImageObject","inLanguage":"en-GB","@id":"https:\/\/www.flowmeter-aic.com\/fr\/#\/schema\/logo\/image\/","url":"https:\/\/www.flowmeter-aic.com\/fr\/wp-content\/uploads\/2018\/07\/aic_logo_web.png","contentUrl":"https:\/\/www.flowmeter-aic.com\/fr\/wp-content\/uploads\/2018\/07\/aic_logo_web.png","width":200,"height":83,"caption":"AIC Systems AG"},"image":{"@id":"https:\/\/www.flowmeter-aic.com\/fr\/#\/schema\/logo\/image\/"},"sameAs":["https:\/\/www.linkedin.com\/company\/aic-systems-ag\/"]}]}},"_links":{"self":[{"href":"https:\/\/www.flowmeter-aic.com\/fr\/wp-json\/wp\/v2\/pages\/2842","targetHints":{"allow":["GET"]}}],"collection":[{"href":"https:\/\/www.flowmeter-aic.com\/fr\/wp-json\/wp\/v2\/pages"}],"about":[{"href":"https:\/\/www.flowmeter-aic.com\/fr\/wp-json\/wp\/v2\/types\/page"}],"author":[{"embeddable":true,"href":"https:\/\/www.flowmeter-aic.com\/fr\/wp-json\/wp\/v2\/users\/2"}],"replies":[{"embeddable":true,"href":"https:\/\/www.flowmeter-aic.com\/fr\/wp-json\/wp\/v2\/comments?post=2842"}],"version-history":[{"count":10,"href":"https:\/\/www.flowmeter-aic.com\/fr\/wp-json\/wp\/v2\/pages\/2842\/revisions"}],"predecessor-version":[{"id":2984,"href":"https:\/\/www.flowmeter-aic.com\/fr\/wp-json\/wp\/v2\/pages\/2842\/revisions\/2984"}],"wp:attachment":[{"href":"https:\/\/www.flowmeter-aic.com\/fr\/wp-json\/wp\/v2\/media?parent=2842"}],"curies":[{"name":"wp","href":"https:\/\/api.w.org\/{rel}","templated":true}]}}